{"id":13578,"date":"2023-04-12T14:36:10","date_gmt":"2023-04-12T14:36:10","guid":{"rendered":"https:\/\/thienxuantravel.com\/?page_id=13578"},"modified":"2024-01-10T06:12:02","modified_gmt":"2024-01-10T06:12:02","slug":"vivubacmy","status":"publish","type":"page","link":"https:\/\/thienxuantravel.com\/en\/vivubacmy\/","title":{"rendered":"Du l\u1ecbch Hoa K\u1ef3 c\u00f9ng Thi\u00ean Xu\u00e2n"},"content":{"rendered":"<hr class=\"wp-block-separator has-alpha-channel-opacity\"\/>\n\n\n\n<p>Vi vu B\u1eafc M\u1ef9, du l\u1ecbch Hoa K\u1ef3 c\u00f9ng Thi\u00ean Xu\u00e2n Travel! Gi\u00e1 ch\u1ec9 t\u1eeb 61 tri\u1ec7u. Inbox \u0111\u1ec3 l\u1ea5y ch\u01b0\u01a1ng tr\u00ecnh tour chi ti\u1ebft v\u00e0 nh\u1eadn \u01afU \u0110\u00c3I KH\u1ee6NG!<\/p>\n\n\n\n<p>C\u00e1c tuy\u1ebfn \u0111ang m\u1edf: B\u1edd T\u00e2y M\u1ef9 \u2022 B\u1edd \u0110\u00f4ng M\u1ef9 \u2022 B\u1edd T\u00e2y M\u1ef9 &amp; Mexico \u2022 B\u1edd T\u00e2y Canada \u2022 Li\u00ean tuy\u1ebfn \u0110\u00f4ng-T\u00e2y M\u1ef9 \u2022 Thi\u00ean \u0111\u01b0\u1eddng bi\u1ec3n Caribe M\u1ef9 &amp; Cuba \u2022 Li\u00ean tuy\u1ebfn \u0110\u00f4ng-T\u00e2y Canada \u2022 Li\u00ean tuy\u1ebfn Canada-M\u1ef9-Mexico.<\/p>\n\n\n\n<figure class=\"wp-block-image size-full\"><img decoding=\"async\" loading=\"lazy\" width=\"1920\" height=\"1268\" src=\"https:\/\/thienxuantravel.com\/wp-content\/uploads\/2023\/09\/USA-West-Coast-Post-3.jpg\" alt=\"\" class=\"wp-image-16656\"\/><figcaption class=\"wp-element-caption\">Las Vegas <\/figcaption><\/figure>\n\n\n\n<figure class=\"wp-block-table is-style-regular\"><table><tbody><tr><td>1\ufe0f\u20e3 B\u1edd T\u00e2y M\u1ef9 8N:<\/td><td>H\u00e1i cherry, ng\u1ee7 Villa Homestay. <br>Kh\u1edfi h\u00e0nh ng\u00e0y 18 h\u00e0ng th\u00e1ng<\/td><td>61.000.000<\/td><\/tr><tr><td>2\ufe0f\u20e3 B\u1edd \u0110\u00f4ng M\u1ef9 10N<\/td><td>Kh\u1edfi h\u00e0nh ng\u00e0y 10 h\u00e0ng th\u00e1ng<\/td><td>81.000.000<\/td><\/tr><tr><td>3\ufe0f\u20e3 B\u1edd T\u00e2y M\u1ef9 &#8211; Mexico 8N<\/td><td>Kh\u1edfi h\u00e0nh h\u00e0ng th\u00e1ng<\/td><td>71.000.000<\/td><\/tr><tr><td>4\ufe0f\u20e3 B\u1edd T\u00e2y Canada 7N<\/td><td>Kh\u1edfi h\u00e0nh h\u00e0ng th\u00e1ng<\/td><td>71.000.000<\/td><\/tr><tr><td>5\ufe0f\u20e3 Li\u00ean tuy\u1ebfn \u0110\u00f4ng &#8211; T\u00e2y M\u1ef9 15N<\/td><td>Kh\u1edfi h\u00e0nh h\u00e0ng th\u00e1ng<\/td><td>121.000.000<\/td><\/tr><tr><td>6\ufe0f\u20e3 Thi\u00ean \u0111\u01b0\u1eddng bi\u1ec3n Caribe 9N<\/td><td>Kh\u1edfi h\u00e0nh h\u00e0ng th\u00e1ng<\/td><td>101.000.000<\/td><\/tr><tr><td>7\ufe0f\u20e3 Li\u00ean tuy\u1ebfn \u0110\u00f4ng &#8211; T\u00e2y Canada 13N<\/td><td>Kh\u1edfi h\u00e0nh h\u00e0ng th\u00e1ng<\/td><td>111.000.000<\/td><\/tr><tr><td>8\ufe0f\u20e3 Li\u00ean tuy\u1ebfn Canada &#8211; M\u1ef9 &#8211; Mexico 17N<\/td><td>Kh\u1edfi h\u00e0nh h\u00e0ng th\u00e1ng<\/td><td>161.000.000<\/td><\/tr><\/tbody><\/table><\/figure>\n\n\n\n<hr class=\"wp-block-separator has-alpha-channel-opacity\"\/>\n\n\n\n<figure class=\"wp-block-image size-full\"><img decoding=\"async\" loading=\"lazy\" width=\"1920\" height=\"600\" src=\"https:\/\/thienxuantravel.com\/wp-content\/uploads\/2023\/09\/usa-new-england-Boston-Massachusetts.jpg\" alt=\"Boston, Massachusetts | \u00a9 GettyImages 1321229101\" class=\"wp-image-16622\"\/><figcaption class=\"wp-element-caption\">Boston, Massachusetts | \u00a9 GettyImages 1321229101<\/figcaption><\/figure>\n\n\n\n<p class=\"has-medium-font-size\">Gi\u00e1 Tr\u1ecdn G\u00f3i Bao G\u1ed3m:<\/p>\n\n\n\n<p>\u2022 Kha\u0301ch sa\u0323n 3-4 sao t\u1ea1i trung t\u00e2m c\u00e1c th\u00e0nh ph\u1ed1 l\u1edbn.<br>\u2022 TIP cho H\u01b0\u1edbng d\u1eabn vi\u00ean, T\u00e0i x\u1ebf \u0111\u1ecba ph\u01b0\u01a1ng.<br>\u2022 H\u00e0ng kh\u00f4ng 5-sao<br>\u2022 H\u01b0\u1edbng d\u1eabn vi\u00ean gia\u0300u kinh nghi\u00ea\u0323m, nhi\u00ea\u0323t ti\u0300nh, t\u00e2\u0323n t\u00e2m.<br>\u2022 Th\u01b0\u0323c \u0111\u01a1n \u0111a da\u0323ng mo\u0301n (\u0111\u0103\u0323c sa\u0309n \u0111i\u0323a ph\u01b0\u01a1ng, \u00e2\u0309m th\u01b0\u0323c A\u0301 &#8211; \u00c2u\u2026).<br>\u2022 Ph\u01b0\u01a1ng ti\u00ea\u0323n \u0111\u01b0a \u0111o\u0301n theo li\u0323ch tri\u0300nh.<br>\u2022 B\u1ea3o hi\u00ea\u0309m du li\u0323ch.<\/p>\n\n\n\n<figure class=\"wp-block-image size-large\"><img decoding=\"async\" loading=\"lazy\" width=\"1024\" height=\"746\" src=\"https:\/\/thienxuantravel.com\/wp-content\/uploads\/2024\/01\/USA-Philadelphia-by-Bruce-Emmerling-Pixabay-1024x746.jpg\" alt=\"\" class=\"wp-image-18215\" srcset=\"https:\/\/thienxuantravel.com\/wp-content\/uploads\/2024\/01\/USA-Philadelphia-by-Bruce-Emmerling-Pixabay-1024x746.jpg 1024w, https:\/\/thienxuantravel.com\/wp-content\/uploads\/2024\/01\/USA-Philadelphia-by-Bruce-Emmerling-Pixabay-300x219.jpg 300w, https:\/\/thienxuantravel.com\/wp-content\/uploads\/2024\/01\/USA-Philadelphia-by-Bruce-Emmerling-Pixabay-768x560.jpg 768w, https:\/\/thienxuantravel.com\/wp-content\/uploads\/2024\/01\/USA-Philadelphia-by-Bruce-Emmerling-Pixabay-1536x1119.jpg 1536w, https:\/\/thienxuantravel.com\/wp-content\/uploads\/2024\/01\/USA-Philadelphia-by-Bruce-Emmerling-Pixabay-16x12.jpg 16w, https:\/\/thienxuantravel.com\/wp-content\/uploads\/2024\/01\/USA-Philadelphia-by-Bruce-Emmerling-Pixabay.jpg 1920w\" sizes=\"(max-width: 1024px) 100vw, 1024px\" \/><figcaption class=\"wp-element-caption\">Philadelphia, Image by Bruce Emmerling from Pixabay<\/figcaption><\/figure>\n\n\n\n<figure class=\"wp-block-image size-full\"><img decoding=\"async\" loading=\"lazy\" width=\"1920\" height=\"600\" src=\"https:\/\/thienxuantravel.com\/wp-content\/uploads\/2023\/09\/USA-East-Coast-slider-6.jpg\" alt=\"\" class=\"wp-image-16702\"\/><figcaption class=\"wp-element-caption\">New York City<\/figcaption><\/figure>\n\n\n\n<hr class=\"wp-block-separator has-alpha-channel-opacity\"\/>\n\n\n\n<p><strong>Thi\u00ean Xu\u00e2n Travel<\/strong><br>Park 2, 208 Nguyen Huu Canh Street, Ward 22,<br>Binh Thanh District, Ho Chi Minh City, Vietnam<br>\ud83d\udce8 booking@thienxuantravel.com<br>\u260e\ufe0f +84 888 890 898 \u2014 0938 558 228<\/p>\n\n\n\n<p>Office in the United States<br>14114 Beech Glen Dr, Houston, TX 77083<br>\u260e\ufe0f +1 (281) 906-2744<\/p>\n\n\n\n<p>C\u00e1c tour Hoa K\u1ef3 kh\u00e1c: <strong><a href=\"https:\/\/thienxuantravel.com\/en\/tour\/trai-nghiem-bo-dong-hoa-ky\/\">Tr\u1ea3i nghi\u1ec7m b\u1edd \u0110\u00f4ng Hoa K\u1ef3<\/a><\/strong> | <strong><a href=\"https:\/\/thienxuantravel.com\/en\/tour\/us-west-coast\/\">Tr\u1ea3i nghi\u1ec7m b\u1edd T\u00e2y Hoa k\u1ef3<\/a><\/strong><\/p>\n\n\n\n<figure class=\"wp-block-image size-large\"><img decoding=\"async\" loading=\"lazy\" width=\"1024\" height=\"689\" src=\"https:\/\/thienxuantravel.com\/wp-content\/uploads\/2024\/01\/Philadelphia-Skyline-Stock-Photo-ID-635416073-res-1024x689.jpg\" alt=\"Philadelphia Skyline \u00a9 Stock Photo ID 635416073\" class=\"wp-image-18219\" srcset=\"https:\/\/thienxuantravel.com\/wp-content\/uploads\/2024\/01\/Philadelphia-Skyline-Stock-Photo-ID-635416073-res-1024x689.jpg 1024w, https:\/\/thienxuantravel.com\/wp-content\/uploads\/2024\/01\/Philadelphia-Skyline-Stock-Photo-ID-635416073-res-300x202.jpg 300w, https:\/\/thienxuantravel.com\/wp-content\/uploads\/2024\/01\/Philadelphia-Skyline-Stock-Photo-ID-635416073-res-768x517.jpg 768w, https:\/\/thienxuantravel.com\/wp-content\/uploads\/2024\/01\/Philadelphia-Skyline-Stock-Photo-ID-635416073-res-1536x1034.jpg 1536w, https:\/\/thienxuantravel.com\/wp-content\/uploads\/2024\/01\/Philadelphia-Skyline-Stock-Photo-ID-635416073-res-18x12.jpg 18w, https:\/\/thienxuantravel.com\/wp-content\/uploads\/2024\/01\/Philadelphia-Skyline-Stock-Photo-ID-635416073-res.jpg 1920w\" sizes=\"(max-width: 1024px) 100vw, 1024px\" \/><figcaption class=\"wp-element-caption\">Philadelphia Skyline \u00a9 Stock Photo ID 635416073<\/figcaption><\/figure>\n\n\n\n<figure class=\"wp-block-image size-large\"><img decoding=\"async\" loading=\"lazy\" width=\"1024\" height=\"689\" src=\"https:\/\/thienxuantravel.com\/wp-content\/uploads\/2024\/01\/Independence-Hall-Philadelphia-Stock-Photo-ID-276721013-res-1024x689.jpg\" alt=\"Independence Hall, Philadelphia \u00a9 Stock Photo ID 276721013\" class=\"wp-image-18218\" srcset=\"https:\/\/thienxuantravel.com\/wp-content\/uploads\/2024\/01\/Independence-Hall-Philadelphia-Stock-Photo-ID-276721013-res-1024x689.jpg 1024w, https:\/\/thienxuantravel.com\/wp-content\/uploads\/2024\/01\/Independence-Hall-Philadelphia-Stock-Photo-ID-276721013-res-300x202.jpg 300w, https:\/\/thienxuantravel.com\/wp-content\/uploads\/2024\/01\/Independence-Hall-Philadelphia-Stock-Photo-ID-276721013-res-768x517.jpg 768w, https:\/\/thienxuantravel.com\/wp-content\/uploads\/2024\/01\/Independence-Hall-Philadelphia-Stock-Photo-ID-276721013-res-1536x1034.jpg 1536w, https:\/\/thienxuantravel.com\/wp-content\/uploads\/2024\/01\/Independence-Hall-Philadelphia-Stock-Photo-ID-276721013-res-18x12.jpg 18w, https:\/\/thienxuantravel.com\/wp-content\/uploads\/2024\/01\/Independence-Hall-Philadelphia-Stock-Photo-ID-276721013-res.jpg 1920w\" sizes=\"(max-width: 1024px) 100vw, 1024px\" \/><figcaption class=\"wp-element-caption\">Independence Hall, Philadelphia \u00a9 Stock Photo ID 276721013\n<\/figcaption><\/figure>","protected":false},"excerpt":{"rendered":"<p>Vi vu B\u1eafc M\u1ef9, du l\u1ecbch Hoa K\u1ef3 c\u00f9ng Thi\u00ean Xu\u00e2n Travel! Gi\u00e1 ch\u1ec9 t\u1eeb 61 tri\u1ec7u. Inbox \u0111\u1ec3 l\u1ea5y ch\u01b0\u01a1ng tr\u00ecnh tour chi ti\u1ebft v\u00e0 nh\u1eadn \u01afU \u0110\u00c3I KH\u1ee6NG! C\u00e1c tuy\u1ebfn \u0111ang m\u1edf: B\u1edd T\u00e2y M\u1ef9 \u2022 B\u1edd \u0110\u00f4ng M\u1ef9 \u2022 B\u1edd T\u00e2y M\u1ef9 &amp; Mexico \u2022 B\u1edd T\u00e2y Canada \u2022 Li\u00ean tuy\u1ebfn \u0110\u00f4ng-T\u00e2y [&hellip;]<\/p>","protected":false},"author":5,"featured_media":18123,"parent":0,"menu_order":0,"comment_status":"closed","ping_status":"open","template":"","meta":[],"yoast_head":"<!-- This site is optimized with the Yoast SEO Premium plugin v20.8 (Yoast SEO v20.8) - https:\/\/yoast.com\/wordpress\/plugins\/seo\/ -->\n<title>Du l\u1ecbch Hoa K\u1ef3 c\u00f9ng Thi\u00ean Xu\u00e2n - Thi\u00ean Xu\u00e2n Travel<\/title>\n<meta name=\"description\" content=\"C\u00e1c tuy\u1ebfn \u0111ang m\u1edf: B\u1edd T\u00e2y, B\u1edd \u0110\u00f4ng, B\u1edd T\u00e2y M\u1ef9 v\u00e0 Mexico, B\u1edd T\u00e2y Canada, Li\u00ean tuy\u1ebfn \u0110\u00f4ng-T\u00e2y M\u1ef9, Thi\u00ean \u0111\u01b0\u1eddng bi\u1ec3n Caribe M\u1ef9 v\u00e0 Cuba...\" \/>\n<meta name=\"robots\" content=\"index, follow, max-snippet:-1, max-image-preview:large, max-video-preview:-1\" \/>\n<link rel=\"canonical\" href=\"https:\/\/thienxuantravel.com\/en\/vivubacmy\/\" \/>\n<meta property=\"og:locale\" content=\"en_US\" \/>\n<meta property=\"og:type\" content=\"article\" \/>\n<meta property=\"og:title\" content=\"Vi vu B\u1eafc M\u1ef9\" \/>\n<meta property=\"og:description\" content=\"B\u1edd T\u00e2y M\u1ef9 \u2022 B\u1edd \u0110\u00f4ng M\u1ef9 \u2022 B\u1edd T\u00e2y M\u1ef9 &amp; Mexico \u2022 B\u1edd T\u00e2y CanadaLi\u00ean tuy\u1ebfn \u0110\u00f4ng-T\u00e2y M\u1ef9 \u2022 Thi\u00ean \u0111\u01b0\u1eddng bi\u1ec3n Caribe M\u1ef9 &amp; CubaLi\u00ean tuy\u1ebfn \u0110\u00f4ng-T\u00e2y Canada \u2022 Li\u00ean tuy\u1ebfn Canada-M\u1ef9-Mexico\" \/>\n<meta property=\"og:url\" content=\"https:\/\/thienxuantravel.com\/en\/vivubacmy\/\" \/>\n<meta property=\"og:site_name\" content=\"Thi\u00ean Xu\u00e2n Travel\" \/>\n<meta property=\"article:publisher\" content=\"https:\/\/www.facebook.com\/thienxuantravel\" \/>\n<meta property=\"article:modified_time\" content=\"2024-01-10T06:12:02+00:00\" \/>\n<meta property=\"og:image\" content=\"https:\/\/thienxuantravel.com\/wp-content\/uploads\/2023\/09\/USA-East-Coast-Post-4.jpg\" \/>\n\t<meta property=\"og:image:width\" content=\"1920\" \/>\n\t<meta property=\"og:image:height\" content=\"1268\" \/>\n\t<meta property=\"og:image:type\" content=\"image\/jpeg\" \/>\n<meta name=\"twitter:card\" content=\"summary_large_image\" \/>\n<meta name=\"twitter:title\" content=\"Du l\u1ecbch Hoa K\u1ef3 c\u00f9ng Thi\u00ean Xu\u00e2n\" \/>\n<meta name=\"twitter:label1\" content=\"Est. reading time\" \/>\n\t<meta name=\"twitter:data1\" content=\"3 minutes\" \/>\n<script type=\"application\/ld+json\" class=\"yoast-schema-graph\">{\"@context\":\"https:\/\/schema.org\",\"@graph\":[{\"@type\":\"WebPage\",\"@id\":\"https:\/\/thienxuantravel.com\/vivubacmy\/\",\"url\":\"https:\/\/thienxuantravel.com\/vivubacmy\/\",\"name\":\"Du l\u1ecbch Hoa K\u1ef3 c\u00f9ng Thi\u00ean Xu\u00e2n - Thi\u00ean Xu\u00e2n Travel\",\"isPartOf\":{\"@id\":\"https:\/\/thienxuantravel.com\/#website\"},\"datePublished\":\"2023-04-12T14:36:10+00:00\",\"dateModified\":\"2024-01-10T06:12:02+00:00\",\"description\":\"C\u00e1c tuy\u1ebfn \u0111ang m\u1edf: B\u1edd T\u00e2y, B\u1edd \u0110\u00f4ng, B\u1edd T\u00e2y M\u1ef9 v\u00e0 Mexico, B\u1edd T\u00e2y Canada, Li\u00ean tuy\u1ebfn \u0110\u00f4ng-T\u00e2y M\u1ef9, Thi\u00ean \u0111\u01b0\u1eddng bi\u1ec3n Caribe M\u1ef9 v\u00e0 Cuba...\",\"breadcrumb\":{\"@id\":\"https:\/\/thienxuantravel.com\/vivubacmy\/#breadcrumb\"},\"inLanguage\":\"en-US\",\"potentialAction\":[{\"@type\":\"ReadAction\",\"target\":[\"https:\/\/thienxuantravel.com\/vivubacmy\/\"]}]},{\"@type\":\"BreadcrumbList\",\"@id\":\"https:\/\/thienxuantravel.com\/vivubacmy\/#breadcrumb\",\"itemListElement\":[{\"@type\":\"ListItem\",\"position\":1,\"name\":\"Home\",\"item\":\"https:\/\/thienxuantravel.com\/\"},{\"@type\":\"ListItem\",\"position\":2,\"name\":\"Du l\u1ecbch Hoa K\u1ef3 c\u00f9ng Thi\u00ean Xu\u00e2n\"}]},{\"@type\":\"WebSite\",\"@id\":\"https:\/\/thienxuantravel.com\/#website\",\"url\":\"https:\/\/thienxuantravel.com\/\",\"name\":\"Thi\u00ean Xu\u00e2n Travel\",\"description\":\"\",\"publisher\":{\"@id\":\"https:\/\/thienxuantravel.com\/#organization\"},\"potentialAction\":[{\"@type\":\"SearchAction\",\"target\":{\"@type\":\"EntryPoint\",\"urlTemplate\":\"https:\/\/thienxuantravel.com\/?s={search_term_string}\"},\"query-input\":\"required name=search_term_string\"}],\"inLanguage\":\"en-US\"},{\"@type\":\"Organization\",\"@id\":\"https:\/\/thienxuantravel.com\/#organization\",\"name\":\"Thi\u00ean Xu\u00e2n Travel\",\"url\":\"https:\/\/thienxuantravel.com\/\",\"logo\":{\"@type\":\"ImageObject\",\"inLanguage\":\"en-US\",\"@id\":\"https:\/\/thienxuantravel.com\/#\/schema\/logo\/image\/\",\"url\":\"https:\/\/thienxuantravel.com\/wp-content\/uploads\/2023\/03\/thienxuan_logo.png\",\"contentUrl\":\"https:\/\/thienxuantravel.com\/wp-content\/uploads\/2023\/03\/thienxuan_logo.png\",\"width\":500,\"height\":226,\"caption\":\"Thi\u00ean Xu\u00e2n Travel\"},\"image\":{\"@id\":\"https:\/\/thienxuantravel.com\/#\/schema\/logo\/image\/\"},\"sameAs\":[\"https:\/\/www.facebook.com\/thienxuantravel\"]}]}<\/script>\n<!-- \/ Yoast SEO Premium plugin. -->","yoast_head_json":{"title":"Du l\u1ecbch Hoa K\u1ef3 c\u00f9ng Thi\u00ean Xu\u00e2n - Thi\u00ean Xu\u00e2n Travel","description":"C\u00e1c tuy\u1ebfn \u0111ang m\u1edf: B\u1edd T\u00e2y, B\u1edd \u0110\u00f4ng, B\u1edd T\u00e2y M\u1ef9 v\u00e0 Mexico, B\u1edd T\u00e2y Canada, Li\u00ean tuy\u1ebfn \u0110\u00f4ng-T\u00e2y M\u1ef9, Thi\u00ean \u0111\u01b0\u1eddng bi\u1ec3n Caribe M\u1ef9 v\u00e0 Cuba...","robots":{"index":"index","follow":"follow","max-snippet":"max-snippet:-1","max-image-preview":"max-image-preview:large","max-video-preview":"max-video-preview:-1"},"canonical":"https:\/\/thienxuantravel.com\/en\/vivubacmy\/","og_locale":"en_US","og_type":"article","og_title":"Vi vu B\u1eafc M\u1ef9","og_description":"B\u1edd T\u00e2y M\u1ef9 \u2022 B\u1edd \u0110\u00f4ng M\u1ef9 \u2022 B\u1edd T\u00e2y M\u1ef9 & Mexico \u2022 B\u1edd T\u00e2y CanadaLi\u00ean tuy\u1ebfn \u0110\u00f4ng-T\u00e2y M\u1ef9 \u2022 Thi\u00ean \u0111\u01b0\u1eddng bi\u1ec3n Caribe M\u1ef9 & CubaLi\u00ean tuy\u1ebfn \u0110\u00f4ng-T\u00e2y Canada \u2022 Li\u00ean tuy\u1ebfn Canada-M\u1ef9-Mexico","og_url":"https:\/\/thienxuantravel.com\/en\/vivubacmy\/","og_site_name":"Thi\u00ean Xu\u00e2n Travel","article_publisher":"https:\/\/www.facebook.com\/thienxuantravel","article_modified_time":"2024-01-10T06:12:02+00:00","og_image":[{"width":1920,"height":1268,"url":"https:\/\/thienxuantravel.com\/wp-content\/uploads\/2023\/09\/USA-East-Coast-Post-4.jpg","type":"image\/jpeg"}],"twitter_card":"summary_large_image","twitter_title":"Du l\u1ecbch Hoa K\u1ef3 c\u00f9ng Thi\u00ean Xu\u00e2n","twitter_misc":{"Est. reading time":"3 minutes"},"schema":{"@context":"https:\/\/schema.org","@graph":[{"@type":"WebPage","@id":"https:\/\/thienxuantravel.com\/vivubacmy\/","url":"https:\/\/thienxuantravel.com\/vivubacmy\/","name":"Du l\u1ecbch Hoa K\u1ef3 c\u00f9ng Thi\u00ean Xu\u00e2n - Thi\u00ean Xu\u00e2n Travel","isPartOf":{"@id":"https:\/\/thienxuantravel.com\/#website"},"datePublished":"2023-04-12T14:36:10+00:00","dateModified":"2024-01-10T06:12:02+00:00","description":"C\u00e1c tuy\u1ebfn \u0111ang m\u1edf: B\u1edd T\u00e2y, B\u1edd \u0110\u00f4ng, B\u1edd T\u00e2y M\u1ef9 v\u00e0 Mexico, B\u1edd T\u00e2y Canada, Li\u00ean tuy\u1ebfn \u0110\u00f4ng-T\u00e2y M\u1ef9, Thi\u00ean \u0111\u01b0\u1eddng bi\u1ec3n Caribe M\u1ef9 v\u00e0 Cuba...","breadcrumb":{"@id":"https:\/\/thienxuantravel.com\/vivubacmy\/#breadcrumb"},"inLanguage":"en-US","potentialAction":[{"@type":"ReadAction","target":["https:\/\/thienxuantravel.com\/vivubacmy\/"]}]},{"@type":"BreadcrumbList","@id":"https:\/\/thienxuantravel.com\/vivubacmy\/#breadcrumb","itemListElement":[{"@type":"ListItem","position":1,"name":"Home","item":"https:\/\/thienxuantravel.com\/"},{"@type":"ListItem","position":2,"name":"Du l\u1ecbch Hoa K\u1ef3 c\u00f9ng Thi\u00ean Xu\u00e2n"}]},{"@type":"WebSite","@id":"https:\/\/thienxuantravel.com\/#website","url":"https:\/\/thienxuantravel.com\/","name":"Thi\u00ean Xu\u00e2n Travel","description":"","publisher":{"@id":"https:\/\/thienxuantravel.com\/#organization"},"potentialAction":[{"@type":"SearchAction","target":{"@type":"EntryPoint","urlTemplate":"https:\/\/thienxuantravel.com\/?s={search_term_string}"},"query-input":"required name=search_term_string"}],"inLanguage":"en-US"},{"@type":"Organization","@id":"https:\/\/thienxuantravel.com\/#organization","name":"Thi\u00ean Xu\u00e2n Travel","url":"https:\/\/thienxuantravel.com\/","logo":{"@type":"ImageObject","inLanguage":"en-US","@id":"https:\/\/thienxuantravel.com\/#\/schema\/logo\/image\/","url":"https:\/\/thienxuantravel.com\/wp-content\/uploads\/2023\/03\/thienxuan_logo.png","contentUrl":"https:\/\/thienxuantravel.com\/wp-content\/uploads\/2023\/03\/thienxuan_logo.png","width":500,"height":226,"caption":"Thi\u00ean Xu\u00e2n Travel"},"image":{"@id":"https:\/\/thienxuantravel.com\/#\/schema\/logo\/image\/"},"sameAs":["https:\/\/www.facebook.com\/thienxuantravel"]}]}},"_links":{"self":[{"href":"https:\/\/thienxuantravel.com\/en\/wp-json\/wp\/v2\/pages\/13578"}],"collection":[{"href":"https:\/\/thienxuantravel.com\/en\/wp-json\/wp\/v2\/pages"}],"about":[{"href":"https:\/\/thienxuantravel.com\/en\/wp-json\/wp\/v2\/types\/page"}],"author":[{"embeddable":true,"href":"https:\/\/thienxuantravel.com\/en\/wp-json\/wp\/v2\/users\/5"}],"replies":[{"embeddable":true,"href":"https:\/\/thienxuantravel.com\/en\/wp-json\/wp\/v2\/comments?post=13578"}],"version-history":[{"count":14,"href":"https:\/\/thienxuantravel.com\/en\/wp-json\/wp\/v2\/pages\/13578\/revisions"}],"predecessor-version":[{"id":18220,"href":"https:\/\/thienxuantravel.com\/en\/wp-json\/wp\/v2\/pages\/13578\/revisions\/18220"}],"wp:featuredmedia":[{"embeddable":true,"href":"https:\/\/thienxuantravel.com\/en\/wp-json\/wp\/v2\/media\/18123"}],"wp:attachment":[{"href":"https:\/\/thienxuantravel.com\/en\/wp-json\/wp\/v2\/media?parent=13578"}],"curies":[{"name":"wp","href":"https:\/\/api.w.org\/{rel}","templated":true}]}}