{"id":13838,"date":"2023-04-21T14:30:42","date_gmt":"2023-04-21T14:30:42","guid":{"rendered":"https:\/\/thienxuantravel.com\/?page_id=13838"},"modified":"2024-02-29T06:48:36","modified_gmt":"2024-02-29T06:48:36","slug":"don-tien-vip-san-bay","status":"publish","type":"page","link":"https:\/\/thienxuantravel.com\/en\/don-tien-vip-san-bay\/","title":{"rendered":"Airport Fast-Track Services"},"content":{"rendered":"<h2 id=\"h-d\u1ecbch-v\u1ee5-san-bay\">Airport Fast-Track Services<\/h2>\n\n\n\n<p>Highly recommended for travelling with elderly and infants, pregnant women, especially for visitors with tight-closing time. Thi\u00ean Xu\u00e2n Travel Airport Fast-Track Service will save your queueing time along the endless lines during rush hours at the Visa counters \u2708 Hotline: +84 888 890 898 \u2014 0938 558 228 \u2014 Email: gd@thienxuantravel.com <\/p>\n\n\n\n<p><strong><strong>Fast Track Arrival. Meet and Greet. Connection and Transfer!<\/strong><\/strong><\/p>\n\n\n\n<p>\u2b50 Prices are quoted in Vietnamese Dong (or US Dollar)<\/p>\n\n\n\n<p><strong>Arrival Welcome. Visa Service. Priority Check-in Area  [1]<\/strong><br>07:00 \u2013 22:00: VND 360.000 per person (USD 15)<br>22:00 \u2013 07:00: VND 480.000 per person (USD 20)<\/p>\n\n\n\n<p><strong>VIP Service for Immigration Procedures<\/strong><br><strong>Ph\u1ee5 thu: VND 720.000\/kh\u00e1ch (USD 30) <\/strong>tr\u00ean gi\u00e1 [1]<br>Facial Recognition needed only; then guests will at soon get through the Immigration Areas. Our associate will return the passport to guests whilst waiting for their luggage.<\/p>\n\n\n\n<p><strong>Luggage and Baggage Assistance<\/strong><br>07:00 \u2013 22:00: Ph\u1ee5 thu VND 120.000\/kh\u00e1ch (USD 5)<br>22:00 \u2013 07:00: Ph\u1ee5 thu VND 360.000\/kh\u00e1ch (USD 10)<br><em>Surcharge of section [1]<\/em><\/p>\n\n\n\n<p><strong>Domestic Departure Assistance<\/strong><br>07:00 \u2013 22:00: VND 240.000\/kh\u00e1ch (USD 10)<br>22:00 \u2013 07:00: VND 360.000\/kh\u00e1ch (USD 15)<\/p>\n\n\n\n<p><strong>International Departure Assistance<\/strong><br>07:00 \u2013 22:00: VND 360.000 per person (USD 15)<br>22:00 \u2013 07:00: VND 480.000 per person (USD 20)<\/p>\n\n\n\n<p><strong>Assist guests from Boarding Bridge into the Main Station:<\/strong><br>07:00 \u2013 22:00: Ph\u1ee5 thu VND 480.000\/kh\u00e1ch (USD 20)<br>22:00 \u2013 07:00: Ph\u1ee5 thu VND 600.000\/kh\u00e1ch (USD 25)<br><em>Surcharge of section [1]<\/em><\/p>\n\n\n\n<p><strong>Assist guests to the Lobby to meet Tour Guide or Driver<\/strong><br>07:00 \u2013 22:00: Ph\u1ee5 thu VND 120.000\/kh\u00e1ch (USD 5)<br>22:00 \u2013 07:00: Ph\u1ee5 thu VND 240.000\/kh\u00e1ch (USD 10)<br><em>Surcharge of section [1]<\/em><\/p>\n\n\n\n<p><strong>SIM Data 4G:<\/strong><br>Ph\u1ee5 thu: VND 288.000\/SIM (USD 12\/SIM)<br>Cung c\u1ea5p t\u1ea1i s\u00e2n bay khi \u0111\u00f3n t\u1ea1i s\u00e2n bay T\u00e2n S\u01a1n Nh\u1ea5t. C\u1ea7n \u0111\u1eb7t tr\u01b0\u1edbc.<\/p>\n\n\n\n<p><strong>Arrival Welcome at other Vietnam international airports:<\/strong><br>\u0110\u00e0 N\u1eb5ng, Cam Ranh, Ph\u00fa Qu\u1ed1c<br>Surcharge VND 120.000 \u2013 VND 240.000\/kh\u00e1ch (USD 5\u201310) of section [1]<\/p>\n\n\n\n<p>\u2b50 <strong>Handling Extraordinary Circumstances at the Airport<\/strong><\/p>\n\n\n\n<p><em>Prices are quoted in US Dollar and subject to 10% VAT and 5% Service Charge<\/em><\/p>\n\n\n\n<p><a href=\"https:\/\/thienxuantravel.com\/en\/thienxuan-airport-fastrack-services\/\">Download PDF Flyer<\/a><\/p>\n\n\n\n<figure class=\"wp-block-image size-large\"><img decoding=\"async\" loading=\"lazy\" width=\"1024\" height=\"666\" src=\"https:\/\/thienxuantravel.com\/wp-content\/uploads\/2024\/02\/Thien-Xuan-Airport-Fast-Track-Services-2024-02-1024x666.jpg\" alt=\"Thien Xuan Airport Fast-Track Services | D\u1ecbch v\u1ee5 S\u00e2n bay VIP\" class=\"wp-image-18737\" srcset=\"https:\/\/thienxuantravel.com\/wp-content\/uploads\/2024\/02\/Thien-Xuan-Airport-Fast-Track-Services-2024-02-1024x666.jpg 1024w, https:\/\/thienxuantravel.com\/wp-content\/uploads\/2024\/02\/Thien-Xuan-Airport-Fast-Track-Services-2024-02-300x195.jpg 300w, https:\/\/thienxuantravel.com\/wp-content\/uploads\/2024\/02\/Thien-Xuan-Airport-Fast-Track-Services-2024-02-768x500.jpg 768w, https:\/\/thienxuantravel.com\/wp-content\/uploads\/2024\/02\/Thien-Xuan-Airport-Fast-Track-Services-2024-02-1536x1000.jpg 1536w, https:\/\/thienxuantravel.com\/wp-content\/uploads\/2024\/02\/Thien-Xuan-Airport-Fast-Track-Services-2024-02-2048x1333.jpg 2048w, https:\/\/thienxuantravel.com\/wp-content\/uploads\/2024\/02\/Thien-Xuan-Airport-Fast-Track-Services-2024-02-18x12.jpg 18w\" sizes=\"(max-width: 1024px) 100vw, 1024px\" \/><figcaption class=\"wp-element-caption\">Thien Xuan Airport Fast-Track Services | D\u1ecbch v\u1ee5 S\u00e2n bay VIP<\/figcaption><\/figure>\n\n\n\n<p>D\u1ecbch v\u1ee5 \u0110\u01b0a \u0110\u00f3n S\u00e2n Bay VIP c\u1ee7a Thi\u00ean Xu\u00e2n Travel s\u1eb5n s\u00e0ng th\u1ef1c hi\u1ec7n cho t\u1ea5t c\u1ea3 h\u00e0nh kh\u00e1ch \u0111i tr\u00ean b\u1ea5t k\u1ef3 h\u00e3ng h\u00e0ng kh\u00f4ng n\u00e0o v\u1edbi t\u1ea5t c\u1ea3 h\u1ea1ng v\u00e9. <strong>L\u00e0m th\u1ee7 t\u1ee5c xu\u1ea5t nh\u1eadp c\u1ea3nh nhanh. L\u1ed1i \u0111i ri\u00eang, kh\u00f4ng x\u1ebfp h\u00e0ng. Ti\u1ebft ki\u1ec7m th\u1eddi gian v\u00e0 chi ph\u00ed!<\/strong><\/p>\n\n\n\n<p><strong>Hotline: +84 888 890 898 \u2014 0938 558 228<br>Email: gd@thienxuantravel.com<\/strong><\/p>\n\n\n\n<figure class=\"wp-block-image size-full\"><img decoding=\"async\" loading=\"lazy\" width=\"1920\" height=\"1200\" src=\"https:\/\/thienxuantravel.com\/wp-content\/uploads\/2023\/04\/Thien-Xuan-Airport-VIP-Services2.jpg\" alt=\"Thien Xuan Travel | Airport VIP Service\" class=\"wp-image-13856\"\/><figcaption class=\"wp-element-caption\">Thien Xuan Travel | Airport VIP Service<\/figcaption><\/figure>\n\n\n\n<p><strong>Thi\u00ean Xu\u00e2n Travel \u2013 Live your travel dreams!<\/strong><\/p>\n\n\n\n<p>Park 2, 208 Nguyen Huu Canh Street, Ward 22,<br>Binh Thanh District, Ho Chi Minh City, Vietnam<br>\ud83d\udce8 booking@thienxuantravel.com<br>\u260e\ufe0f +84 888 890 898 \u2014 0938 558 228<\/p>\n\n\n\n<p>Office in the United States<br>14114 Beech Glen Dr, Houston, TX 77083<br>\u260e\ufe0f +1 (281) 906-2744<\/p>","protected":false},"excerpt":{"rendered":"<p>D\u1ecbch v\u1ee5 S\u00e2n Bay D\u1ecbch v\u1ee5 \u0110\u01b0a \u0110\u00f3n S\u00e2n Bay c\u1ee7a Thi\u00ean Xu\u00e2n Travel \u2014 Airport Fast-Track Services \u2014 s\u1eb5n s\u00e0ng th\u1ef1c hi\u1ec7n cho t\u1ea5t c\u1ea3 h\u00e0nh kh\u00e1ch \u0111i tr\u00ean b\u1ea5t k\u1ef3 h\u00e3ng h\u00e0ng kh\u00f4ng n\u00e0o v\u1edbi t\u1ea5t c\u1ea3 h\u1ea1ng v\u00e9. Hotline: +84 888 890 898 \u2014 0938 558 228 D\u1ecaCH V\u1ee4 S\u00c2N BAY VIP [&hellip;]<\/p>","protected":false},"author":5,"featured_media":18739,"parent":0,"menu_order":0,"comment_status":"closed","ping_status":"open","template":"","meta":[],"yoast_head":"<!-- This site is optimized with the Yoast SEO Premium plugin v20.8 (Yoast SEO v20.8) - https:\/\/yoast.com\/wordpress\/plugins\/seo\/ -->\n<title>Airport Fast-Track Services - Thi\u00ean Xu\u00e2n Travel<\/title>\n<meta name=\"description\" content=\"D\u1ecbch v\u1ee5 \u0110\u01b0a \u0110\u00f3n S\u00e2n Bay VIP \u2013 Thi\u00ean Xu\u00e2n Airport Fast-Track Services \u2013 s\u1eb5n s\u00e0ng th\u1ef1c hi\u1ec7n cho t\u1ea5t c\u1ea3 h\u00e0nh kh\u00e1ch \u0111i tr\u00ean b\u1ea5t k\u1ef3 h\u00e3ng h\u00e0ng kh\u00f4ng n\u00e0o v\u1edbi t\u1ea5t c\u1ea3 h\u1ea1ng v\u00e9. Hotline: +84 888 890 898 \u2014 0938 558 228\" \/>\n<meta name=\"robots\" content=\"index, follow, max-snippet:-1, max-image-preview:large, max-video-preview:-1\" \/>\n<link rel=\"canonical\" href=\"https:\/\/thienxuantravel.com\/en\/don-tien-vip-san-bay\/\" \/>\n<meta property=\"og:locale\" content=\"en_US\" \/>\n<meta property=\"og:type\" content=\"article\" \/>\n<meta property=\"og:title\" content=\"D\u1ecbch v\u1ee5 \u0110\u00f3n ti\u1ec5n VIP s\u00e2n bay\" \/>\n<meta property=\"og:description\" content=\"Thi\u00ean Xu\u00e2n Travel Airport Fast-Track | L\u1ed1i \u0111i ri\u00eang \u2013 H\u1ed7 tr\u1ee3 l\u1ea5y Visa \u2013 L\u00e0m th\u1ee7 t\u1ee5c xu\u1ea5t nh\u1eadp c\u1ea3nh nhanh. Hotline: +84 888 890 898 \u2014 0938 558 228\" \/>\n<meta property=\"og:url\" content=\"https:\/\/thienxuantravel.com\/en\/don-tien-vip-san-bay\/\" \/>\n<meta property=\"og:site_name\" content=\"Thi\u00ean Xu\u00e2n Travel\" \/>\n<meta property=\"article:publisher\" content=\"https:\/\/www.facebook.com\/thienxuantravel\" \/>\n<meta property=\"article:modified_time\" content=\"2024-02-29T06:48:36+00:00\" \/>\n<meta property=\"og:image\" content=\"https:\/\/thienxuantravel.com\/wp-content\/uploads\/2024\/02\/Thien-Xuan-Airport-Fast-Track-Services-2024-04.jpg\" \/>\n\t<meta property=\"og:image:width\" content=\"1920\" \/>\n\t<meta property=\"og:image:height\" content=\"1280\" \/>\n\t<meta property=\"og:image:type\" content=\"image\/jpeg\" \/>\n<meta name=\"twitter:card\" content=\"summary_large_image\" \/>\n<meta name=\"twitter:title\" content=\"D\u1ecbch v\u1ee5 \u0110\u00f3n ti\u1ec5n VIP s\u00e2n bay\" \/>\n<meta name=\"twitter:description\" content=\"Thi\u00ean Xu\u00e2n Travel Airport Fast-Track | L\u1ed1i \u0111i ri\u00eang \u2013 H\u1ed7 tr\u1ee3 l\u1ea5y Visa \u2013 L\u00e0m th\u1ee7 t\u1ee5c xu\u1ea5t nh\u1eadp c\u1ea3nh nhanh. Hotline: +84 888 890 898 \u2014 0938 558 228\" \/>\n<meta name=\"twitter:image\" content=\"https:\/\/thienxuantravel.com\/wp-content\/uploads\/2024\/02\/Thien-Xuan-Airport-Fast-Track-Services-2024-04.jpg\" \/>\n<meta name=\"twitter:label1\" content=\"Est. reading time\" \/>\n\t<meta name=\"twitter:data1\" content=\"3 minutes\" \/>\n<script type=\"application\/ld+json\" class=\"yoast-schema-graph\">{\"@context\":\"https:\/\/schema.org\",\"@graph\":[{\"@type\":\"WebPage\",\"@id\":\"https:\/\/thienxuantravel.com\/don-tien-vip-san-bay\/\",\"url\":\"https:\/\/thienxuantravel.com\/don-tien-vip-san-bay\/\",\"name\":\"Airport Fast-Track Services - Thi\u00ean Xu\u00e2n Travel\",\"isPartOf\":{\"@id\":\"https:\/\/thienxuantravel.com\/#website\"},\"datePublished\":\"2023-04-21T14:30:42+00:00\",\"dateModified\":\"2024-02-29T06:48:36+00:00\",\"description\":\"D\u1ecbch v\u1ee5 \u0110\u01b0a \u0110\u00f3n S\u00e2n Bay VIP \u2013 Thi\u00ean Xu\u00e2n Airport Fast-Track Services \u2013 s\u1eb5n s\u00e0ng th\u1ef1c hi\u1ec7n cho t\u1ea5t c\u1ea3 h\u00e0nh kh\u00e1ch \u0111i tr\u00ean b\u1ea5t k\u1ef3 h\u00e3ng h\u00e0ng kh\u00f4ng n\u00e0o v\u1edbi t\u1ea5t c\u1ea3 h\u1ea1ng v\u00e9. Hotline: +84 888 890 898 \u2014 0938 558 228\",\"breadcrumb\":{\"@id\":\"https:\/\/thienxuantravel.com\/don-tien-vip-san-bay\/#breadcrumb\"},\"inLanguage\":\"en-US\",\"potentialAction\":[{\"@type\":\"ReadAction\",\"target\":[\"https:\/\/thienxuantravel.com\/don-tien-vip-san-bay\/\"]}]},{\"@type\":\"BreadcrumbList\",\"@id\":\"https:\/\/thienxuantravel.com\/don-tien-vip-san-bay\/#breadcrumb\",\"itemListElement\":[{\"@type\":\"ListItem\",\"position\":1,\"name\":\"Home\",\"item\":\"https:\/\/thienxuantravel.com\/\"},{\"@type\":\"ListItem\",\"position\":2,\"name\":\"Airport Fast-Track Services\"}]},{\"@type\":\"WebSite\",\"@id\":\"https:\/\/thienxuantravel.com\/#website\",\"url\":\"https:\/\/thienxuantravel.com\/\",\"name\":\"Thi\u00ean Xu\u00e2n Travel\",\"description\":\"\",\"publisher\":{\"@id\":\"https:\/\/thienxuantravel.com\/#organization\"},\"potentialAction\":[{\"@type\":\"SearchAction\",\"target\":{\"@type\":\"EntryPoint\",\"urlTemplate\":\"https:\/\/thienxuantravel.com\/?s={search_term_string}\"},\"query-input\":\"required name=search_term_string\"}],\"inLanguage\":\"en-US\"},{\"@type\":\"Organization\",\"@id\":\"https:\/\/thienxuantravel.com\/#organization\",\"name\":\"Thi\u00ean Xu\u00e2n Travel\",\"url\":\"https:\/\/thienxuantravel.com\/\",\"logo\":{\"@type\":\"ImageObject\",\"inLanguage\":\"en-US\",\"@id\":\"https:\/\/thienxuantravel.com\/#\/schema\/logo\/image\/\",\"url\":\"https:\/\/thienxuantravel.com\/wp-content\/uploads\/2023\/03\/thienxuan_logo.png\",\"contentUrl\":\"https:\/\/thienxuantravel.com\/wp-content\/uploads\/2023\/03\/thienxuan_logo.png\",\"width\":500,\"height\":226,\"caption\":\"Thi\u00ean Xu\u00e2n Travel\"},\"image\":{\"@id\":\"https:\/\/thienxuantravel.com\/#\/schema\/logo\/image\/\"},\"sameAs\":[\"https:\/\/www.facebook.com\/thienxuantravel\"]}]}<\/script>\n<!-- \/ Yoast SEO Premium plugin. -->","yoast_head_json":{"title":"Airport Fast-Track Services - Thi\u00ean Xu\u00e2n Travel","description":"D\u1ecbch v\u1ee5 \u0110\u01b0a \u0110\u00f3n S\u00e2n Bay VIP \u2013 Thi\u00ean Xu\u00e2n Airport Fast-Track Services \u2013 s\u1eb5n s\u00e0ng th\u1ef1c hi\u1ec7n cho t\u1ea5t c\u1ea3 h\u00e0nh kh\u00e1ch \u0111i tr\u00ean b\u1ea5t k\u1ef3 h\u00e3ng h\u00e0ng kh\u00f4ng n\u00e0o v\u1edbi t\u1ea5t c\u1ea3 h\u1ea1ng v\u00e9. Hotline: +84 888 890 898 \u2014 0938 558 228","robots":{"index":"index","follow":"follow","max-snippet":"max-snippet:-1","max-image-preview":"max-image-preview:large","max-video-preview":"max-video-preview:-1"},"canonical":"https:\/\/thienxuantravel.com\/en\/don-tien-vip-san-bay\/","og_locale":"en_US","og_type":"article","og_title":"D\u1ecbch v\u1ee5 \u0110\u00f3n ti\u1ec5n VIP s\u00e2n bay","og_description":"Thi\u00ean Xu\u00e2n Travel Airport Fast-Track | L\u1ed1i \u0111i ri\u00eang \u2013 H\u1ed7 tr\u1ee3 l\u1ea5y Visa \u2013 L\u00e0m th\u1ee7 t\u1ee5c xu\u1ea5t nh\u1eadp c\u1ea3nh nhanh. Hotline: +84 888 890 898 \u2014 0938 558 228","og_url":"https:\/\/thienxuantravel.com\/en\/don-tien-vip-san-bay\/","og_site_name":"Thi\u00ean Xu\u00e2n Travel","article_publisher":"https:\/\/www.facebook.com\/thienxuantravel","article_modified_time":"2024-02-29T06:48:36+00:00","og_image":[{"width":1920,"height":1280,"url":"https:\/\/thienxuantravel.com\/wp-content\/uploads\/2024\/02\/Thien-Xuan-Airport-Fast-Track-Services-2024-04.jpg","type":"image\/jpeg"}],"twitter_card":"summary_large_image","twitter_title":"D\u1ecbch v\u1ee5 \u0110\u00f3n ti\u1ec5n VIP s\u00e2n bay","twitter_description":"Thi\u00ean Xu\u00e2n Travel Airport Fast-Track | L\u1ed1i \u0111i ri\u00eang \u2013 H\u1ed7 tr\u1ee3 l\u1ea5y Visa \u2013 L\u00e0m th\u1ee7 t\u1ee5c xu\u1ea5t nh\u1eadp c\u1ea3nh nhanh. Hotline: +84 888 890 898 \u2014 0938 558 228","twitter_image":"https:\/\/thienxuantravel.com\/wp-content\/uploads\/2024\/02\/Thien-Xuan-Airport-Fast-Track-Services-2024-04.jpg","twitter_misc":{"Est. reading time":"3 minutes"},"schema":{"@context":"https:\/\/schema.org","@graph":[{"@type":"WebPage","@id":"https:\/\/thienxuantravel.com\/don-tien-vip-san-bay\/","url":"https:\/\/thienxuantravel.com\/don-tien-vip-san-bay\/","name":"Airport Fast-Track Services - Thi\u00ean Xu\u00e2n Travel","isPartOf":{"@id":"https:\/\/thienxuantravel.com\/#website"},"datePublished":"2023-04-21T14:30:42+00:00","dateModified":"2024-02-29T06:48:36+00:00","description":"D\u1ecbch v\u1ee5 \u0110\u01b0a \u0110\u00f3n S\u00e2n Bay VIP \u2013 Thi\u00ean Xu\u00e2n Airport Fast-Track Services \u2013 s\u1eb5n s\u00e0ng th\u1ef1c hi\u1ec7n cho t\u1ea5t c\u1ea3 h\u00e0nh kh\u00e1ch \u0111i tr\u00ean b\u1ea5t k\u1ef3 h\u00e3ng h\u00e0ng kh\u00f4ng n\u00e0o v\u1edbi t\u1ea5t c\u1ea3 h\u1ea1ng v\u00e9. Hotline: +84 888 890 898 \u2014 0938 558 228","breadcrumb":{"@id":"https:\/\/thienxuantravel.com\/don-tien-vip-san-bay\/#breadcrumb"},"inLanguage":"en-US","potentialAction":[{"@type":"ReadAction","target":["https:\/\/thienxuantravel.com\/don-tien-vip-san-bay\/"]}]},{"@type":"BreadcrumbList","@id":"https:\/\/thienxuantravel.com\/don-tien-vip-san-bay\/#breadcrumb","itemListElement":[{"@type":"ListItem","position":1,"name":"Home","item":"https:\/\/thienxuantravel.com\/"},{"@type":"ListItem","position":2,"name":"Airport Fast-Track Services"}]},{"@type":"WebSite","@id":"https:\/\/thienxuantravel.com\/#website","url":"https:\/\/thienxuantravel.com\/","name":"Thi\u00ean Xu\u00e2n Travel","description":"","publisher":{"@id":"https:\/\/thienxuantravel.com\/#organization"},"potentialAction":[{"@type":"SearchAction","target":{"@type":"EntryPoint","urlTemplate":"https:\/\/thienxuantravel.com\/?s={search_term_string}"},"query-input":"required name=search_term_string"}],"inLanguage":"en-US"},{"@type":"Organization","@id":"https:\/\/thienxuantravel.com\/#organization","name":"Thi\u00ean Xu\u00e2n Travel","url":"https:\/\/thienxuantravel.com\/","logo":{"@type":"ImageObject","inLanguage":"en-US","@id":"https:\/\/thienxuantravel.com\/#\/schema\/logo\/image\/","url":"https:\/\/thienxuantravel.com\/wp-content\/uploads\/2023\/03\/thienxuan_logo.png","contentUrl":"https:\/\/thienxuantravel.com\/wp-content\/uploads\/2023\/03\/thienxuan_logo.png","width":500,"height":226,"caption":"Thi\u00ean Xu\u00e2n Travel"},"image":{"@id":"https:\/\/thienxuantravel.com\/#\/schema\/logo\/image\/"},"sameAs":["https:\/\/www.facebook.com\/thienxuantravel"]}]}},"_links":{"self":[{"href":"https:\/\/thienxuantravel.com\/en\/wp-json\/wp\/v2\/pages\/13838"}],"collection":[{"href":"https:\/\/thienxuantravel.com\/en\/wp-json\/wp\/v2\/pages"}],"about":[{"href":"https:\/\/thienxuantravel.com\/en\/wp-json\/wp\/v2\/types\/page"}],"author":[{"embeddable":true,"href":"https:\/\/thienxuantravel.com\/en\/wp-json\/wp\/v2\/users\/5"}],"replies":[{"embeddable":true,"href":"https:\/\/thienxuantravel.com\/en\/wp-json\/wp\/v2\/comments?post=13838"}],"version-history":[{"count":22,"href":"https:\/\/thienxuantravel.com\/en\/wp-json\/wp\/v2\/pages\/13838\/revisions"}],"predecessor-version":[{"id":18766,"href":"https:\/\/thienxuantravel.com\/en\/wp-json\/wp\/v2\/pages\/13838\/revisions\/18766"}],"wp:featuredmedia":[{"embeddable":true,"href":"https:\/\/thienxuantravel.com\/en\/wp-json\/wp\/v2\/media\/18739"}],"wp:attachment":[{"href":"https:\/\/thienxuantravel.com\/en\/wp-json\/wp\/v2\/media?parent=13838"}],"curies":[{"name":"wp","href":"https:\/\/api.w.org\/{rel}","templated":true}]}}