{"id":14734,"date":"2023-06-09T15:14:23","date_gmt":"2023-06-09T15:14:23","guid":{"rendered":"https:\/\/thienxuantravel.com\/?page_id=14734"},"modified":"2023-07-23T06:44:46","modified_gmt":"2023-07-23T06:44:46","slug":"fifa-womens-world-cup-2023","status":"publish","type":"page","link":"https:\/\/thienxuantravel.com\/en\/fifa-womens-world-cup-2023\/","title":{"rendered":"FIFA Women\u2019s World Cup 2023"},"content":{"rendered":"<h1>FIFA Women\u2019s World Cup 2023<\/h1>\n\n\n\n<p>Special Australia &amp; New Zealand tour to support the Vietnamese National Women's Football Team!<\/p>\n\n\n\n<p>FIFA Women's World Cup Australia &amp; New Zealand 2023 \u2014 This is the first time the Vietnamese National Women's Football Team has participated in the FIFA Women's World Cup held in Oceania, at the same time in Australia and New Zealand from 20 July 20 to 20 August 2023.<\/p>\n\n\n\n<p><strong>Vietnam Women's team is in Group E: USA, Vietnam, Netherlands and Portugal<\/strong><\/p>\n\n\n\n<p>Only from VND 75,990,000 per person. COMBO includes Visa, Air ticket and Football field ticket<\/p>\n\n\n\n<p>Departure: Based on your choice<\/p>\n\n\n\n<h2>TIMETABLE | GROUP E:<\/h2>\n\n\n\n<p>\ud83c\uddfb\ud83c\uddf3 vs \ud83c\uddfa\ud83c\uddf8 : 22\/07\/2023<br>\ud83c\uddfb\ud83c\uddf3 vs \ud83c\uddf5\ud83c\uddf9 : 27\/07\/2023<br>\ud83c\uddfb\ud83c\uddf3 vs \ud83c\uddf3\ud83c\uddf1 : 01\/08\/2023<\/p>\n\n\n\n<p>Contact \u260e\ufe0f +84 888 890 898 \u2014 0938 558 228 <br>or email: booking@thienxuantravel.com for all details<\/p>\n\n\n\n<p class=\"has-small-font-size\"><em>Thien Xuan Travel<br>Park 2, 208 Nguyen Huu Canh, Ward 22,<br>Binh Thanh District, Ho Chi Minh City, Vietnam<br>booking@thienxuantravel.com or gd@thienxuantravel.com<br>Hotline: +84 888 890 898 \u2013 0938558228<\/em><\/p>\n\n\n\n<figure class=\"wp-block-image size-large\"><img decoding=\"async\" src=\"https:\/\/thienxuantravel.com\/wp-content\/uploads\/2023\/07\/viet-nam-my-world-cup-nu-2023-2-jpeg-1690001335-1024x709.jpg\" alt=\"\" class=\"wp-image-15557\"\/><figcaption class=\"wp-element-caption\">Official Poster by FIFA<\/figcaption><\/figure>\n\n\n\n<figure class=\"wp-block-image size-large\"><img decoding=\"async\" src=\"https:\/\/thienxuantravel.com\/wp-content\/uploads\/2023\/06\/003-FIFA-Womens-World-Cup-2023-1024x576.jpg\" alt=\"\" class=\"wp-image-14751\"\/><figcaption class=\"wp-element-caption\">According to the FIFA Ranking as of 9th June 2023, the Vietnamese women\u2019s team has good news when increased 1 place, to 32nd place with 1648.89 points. (Source: fifa.com)<\/figcaption><\/figure>\n\n\n\n<p class=\" translation-block\"><p><a href=\"https:\/\/thienxuantravel.com\/en\/du-lich-new-zealand\/\"><strong>Traveling to New Zealand<\/strong><\/a> | Welcome to the breathtaking world of <a href=\"https:\/\/thienxuantravel.com\/en\/du-lich-new-zealand\/\">New Zealand<\/a>! Are you ready to embark on an unforgettable journey filled with stunning landscapes, vibrant culture, and thrilling adventures?<\/p><\/p>","protected":false},"excerpt":{"rendered":"<p>FIFA Women\u2019s World Cup 2023 Tour \u0111\u1eb7c bi\u1ec7t \u0111i c\u1ed5 \u0111\u1ed9ng nh\u1eefng c\u00f4 g\u00e1i kim c\u01b0\u01a1ng c\u1ee7a Vi\u1ec7t Nam! FIFA Women\u2019s World Cup Australia &amp; New Zealand 2023 \u2014 \u0110\u00e2y l\u00e0 l\u1ea7n \u0111\u1ea7u ti\u00ean \u0110\u1ed9i tuy\u1ec3n N\u1eef Vi\u1ec7t Nam tham d\u1ef1 gi\u1ea3i V\u00f4 \u0111\u1ecbch B\u00f3ng \u0111\u00e1 N\u1eef th\u1ebf gi\u1edbi c\u1ee7a FIFA \u0111\u01b0\u1ee3c t\u1ed5 ch\u1ee9c t\u1ea1i [&hellip;]<\/p>","protected":false},"author":5,"featured_media":0,"parent":0,"menu_order":0,"comment_status":"closed","ping_status":"open","template":"","meta":[],"yoast_head":"<!-- This site is optimized with the Yoast SEO Premium plugin v20.8 (Yoast SEO v20.8) - https:\/\/yoast.com\/wordpress\/plugins\/seo\/ -->\n<title>FIFA Women\u2019s World Cup 2023 - Thi\u00ean Xu\u00e2n Travel<\/title>\n<meta name=\"description\" content=\"Tour \u0111\u1eb7c bi\u1ec7t \u0111i c\u1ed5 \u0111\u1ed9ng nh\u1eefng c\u00f4 g\u00e1i kim c\u01b0\u01a1ng c\u1ee7a Vi\u1ec7t Nam t\u1ea1i FIFA Women\u2019s World Cup Australia &amp; New Zealand 2023!\" \/>\n<meta name=\"robots\" content=\"index, follow, max-snippet:-1, max-image-preview:large, max-video-preview:-1\" \/>\n<link rel=\"canonical\" href=\"https:\/\/thienxuantravel.com\/en\/fifa-womens-world-cup-2023\/\" \/>\n<meta property=\"og:locale\" content=\"en_US\" \/>\n<meta property=\"og:type\" content=\"article\" \/>\n<meta property=\"og:title\" content=\"FIFA Women\u2019s World Cup Australia &amp; New Zealand 2023\" \/>\n<meta property=\"og:description\" content=\"Tour \u0111\u1eb7c bi\u1ec7t \u0111i c\u1ed5 \u0111\u1ed9ng nh\u1eefng c\u00f4 g\u00e1i kim c\u01b0\u01a1ng c\u1ee7a Vi\u1ec7t Nam t\u1ea1i FIFA Women\u2019s World Cup Australia &amp; New Zealand 2023!\" \/>\n<meta property=\"og:url\" content=\"https:\/\/thienxuantravel.com\/en\/fifa-womens-world-cup-2023\/\" \/>\n<meta property=\"og:site_name\" content=\"Thi\u00ean Xu\u00e2n Travel\" \/>\n<meta property=\"article:publisher\" content=\"https:\/\/www.facebook.com\/thienxuantravel\" \/>\n<meta property=\"article:modified_time\" content=\"2023-07-23T06:44:46+00:00\" \/>\n<meta property=\"og:image\" content=\"https:\/\/thienxuantravel.com\/wp-content\/uploads\/2023\/06\/FIFA-WWC-2023-Cover.jpg\" \/>\n\t<meta property=\"og:image:width\" content=\"1920\" \/>\n\t<meta property=\"og:image:height\" content=\"1280\" \/>\n\t<meta property=\"og:image:type\" content=\"image\/jpeg\" \/>\n<meta name=\"twitter:card\" content=\"summary_large_image\" \/>\n<meta name=\"twitter:title\" content=\"FIFA Women\u2019s World Cup Australia &amp; New Zealand 2023\" \/>\n<meta name=\"twitter:description\" content=\"Tour \u0111\u1eb7c bi\u1ec7t \u0111i c\u1ed5 \u0111\u1ed9ng nh\u1eefng c\u00f4 g\u00e1i kim c\u01b0\u01a1ng c\u1ee7a Vi\u1ec7t Nam t\u1ea1i FIFA Women\u2019s World Cup Australia &amp; New Zealand 2023!\" \/>\n<meta name=\"twitter:image\" content=\"https:\/\/thienxuantravel.com\/wp-content\/uploads\/2023\/06\/FIFA-WWC-2023-Cover.jpg\" \/>\n<meta name=\"twitter:label1\" content=\"Est. reading time\" \/>\n\t<meta name=\"twitter:data1\" content=\"2 minutes\" \/>\n<script type=\"application\/ld+json\" class=\"yoast-schema-graph\">{\"@context\":\"https:\/\/schema.org\",\"@graph\":[{\"@type\":\"WebPage\",\"@id\":\"https:\/\/thienxuantravel.com\/fifa-womens-world-cup-2023\/\",\"url\":\"https:\/\/thienxuantravel.com\/fifa-womens-world-cup-2023\/\",\"name\":\"FIFA Women\u2019s World Cup 2023 - Thi\u00ean Xu\u00e2n Travel\",\"isPartOf\":{\"@id\":\"https:\/\/thienxuantravel.com\/#website\"},\"datePublished\":\"2023-06-09T15:14:23+00:00\",\"dateModified\":\"2023-07-23T06:44:46+00:00\",\"description\":\"Tour \u0111\u1eb7c bi\u1ec7t \u0111i c\u1ed5 \u0111\u1ed9ng nh\u1eefng c\u00f4 g\u00e1i kim c\u01b0\u01a1ng c\u1ee7a Vi\u1ec7t Nam t\u1ea1i FIFA Women\u2019s World Cup Australia & New Zealand 2023!\",\"breadcrumb\":{\"@id\":\"https:\/\/thienxuantravel.com\/fifa-womens-world-cup-2023\/#breadcrumb\"},\"inLanguage\":\"en-US\",\"potentialAction\":[{\"@type\":\"ReadAction\",\"target\":[\"https:\/\/thienxuantravel.com\/fifa-womens-world-cup-2023\/\"]}]},{\"@type\":\"BreadcrumbList\",\"@id\":\"https:\/\/thienxuantravel.com\/fifa-womens-world-cup-2023\/#breadcrumb\",\"itemListElement\":[{\"@type\":\"ListItem\",\"position\":1,\"name\":\"Home\",\"item\":\"https:\/\/thienxuantravel.com\/\"},{\"@type\":\"ListItem\",\"position\":2,\"name\":\"FIFA Women\u2019s World Cup 2023\"}]},{\"@type\":\"WebSite\",\"@id\":\"https:\/\/thienxuantravel.com\/#website\",\"url\":\"https:\/\/thienxuantravel.com\/\",\"name\":\"Thi\u00ean Xu\u00e2n Travel\",\"description\":\"\",\"publisher\":{\"@id\":\"https:\/\/thienxuantravel.com\/#organization\"},\"potentialAction\":[{\"@type\":\"SearchAction\",\"target\":{\"@type\":\"EntryPoint\",\"urlTemplate\":\"https:\/\/thienxuantravel.com\/?s={search_term_string}\"},\"query-input\":\"required name=search_term_string\"}],\"inLanguage\":\"en-US\"},{\"@type\":\"Organization\",\"@id\":\"https:\/\/thienxuantravel.com\/#organization\",\"name\":\"Thi\u00ean Xu\u00e2n Travel\",\"url\":\"https:\/\/thienxuantravel.com\/\",\"logo\":{\"@type\":\"ImageObject\",\"inLanguage\":\"en-US\",\"@id\":\"https:\/\/thienxuantravel.com\/#\/schema\/logo\/image\/\",\"url\":\"https:\/\/thienxuantravel.com\/wp-content\/uploads\/2023\/03\/thienxuan_logo.png\",\"contentUrl\":\"https:\/\/thienxuantravel.com\/wp-content\/uploads\/2023\/03\/thienxuan_logo.png\",\"width\":500,\"height\":226,\"caption\":\"Thi\u00ean Xu\u00e2n Travel\"},\"image\":{\"@id\":\"https:\/\/thienxuantravel.com\/#\/schema\/logo\/image\/\"},\"sameAs\":[\"https:\/\/www.facebook.com\/thienxuantravel\"]}]}<\/script>\n<!-- \/ Yoast SEO Premium plugin. -->","yoast_head_json":{"title":"FIFA Women\u2019s World Cup 2023 - Thi\u00ean Xu\u00e2n Travel","description":"Tour \u0111\u1eb7c bi\u1ec7t \u0111i c\u1ed5 \u0111\u1ed9ng nh\u1eefng c\u00f4 g\u00e1i kim c\u01b0\u01a1ng c\u1ee7a Vi\u1ec7t Nam t\u1ea1i FIFA Women\u2019s World Cup Australia & New Zealand 2023!","robots":{"index":"index","follow":"follow","max-snippet":"max-snippet:-1","max-image-preview":"max-image-preview:large","max-video-preview":"max-video-preview:-1"},"canonical":"https:\/\/thienxuantravel.com\/en\/fifa-womens-world-cup-2023\/","og_locale":"en_US","og_type":"article","og_title":"FIFA Women\u2019s World Cup Australia & New Zealand 2023","og_description":"Tour \u0111\u1eb7c bi\u1ec7t \u0111i c\u1ed5 \u0111\u1ed9ng nh\u1eefng c\u00f4 g\u00e1i kim c\u01b0\u01a1ng c\u1ee7a Vi\u1ec7t Nam t\u1ea1i FIFA Women\u2019s World Cup Australia & New Zealand 2023!","og_url":"https:\/\/thienxuantravel.com\/en\/fifa-womens-world-cup-2023\/","og_site_name":"Thi\u00ean Xu\u00e2n Travel","article_publisher":"https:\/\/www.facebook.com\/thienxuantravel","article_modified_time":"2023-07-23T06:44:46+00:00","og_image":[{"width":1920,"height":1280,"url":"https:\/\/thienxuantravel.com\/wp-content\/uploads\/2023\/06\/FIFA-WWC-2023-Cover.jpg","type":"image\/jpeg"}],"twitter_card":"summary_large_image","twitter_title":"FIFA Women\u2019s World Cup Australia & New Zealand 2023","twitter_description":"Tour \u0111\u1eb7c bi\u1ec7t \u0111i c\u1ed5 \u0111\u1ed9ng nh\u1eefng c\u00f4 g\u00e1i kim c\u01b0\u01a1ng c\u1ee7a Vi\u1ec7t Nam t\u1ea1i FIFA Women\u2019s World Cup Australia & New Zealand 2023!","twitter_image":"https:\/\/thienxuantravel.com\/wp-content\/uploads\/2023\/06\/FIFA-WWC-2023-Cover.jpg","twitter_misc":{"Est. reading time":"2 minutes"},"schema":{"@context":"https:\/\/schema.org","@graph":[{"@type":"WebPage","@id":"https:\/\/thienxuantravel.com\/fifa-womens-world-cup-2023\/","url":"https:\/\/thienxuantravel.com\/fifa-womens-world-cup-2023\/","name":"FIFA Women\u2019s World Cup 2023 - Thi\u00ean Xu\u00e2n Travel","isPartOf":{"@id":"https:\/\/thienxuantravel.com\/#website"},"datePublished":"2023-06-09T15:14:23+00:00","dateModified":"2023-07-23T06:44:46+00:00","description":"Tour \u0111\u1eb7c bi\u1ec7t \u0111i c\u1ed5 \u0111\u1ed9ng nh\u1eefng c\u00f4 g\u00e1i kim c\u01b0\u01a1ng c\u1ee7a Vi\u1ec7t Nam t\u1ea1i FIFA Women\u2019s World Cup Australia & New Zealand 2023!","breadcrumb":{"@id":"https:\/\/thienxuantravel.com\/fifa-womens-world-cup-2023\/#breadcrumb"},"inLanguage":"en-US","potentialAction":[{"@type":"ReadAction","target":["https:\/\/thienxuantravel.com\/fifa-womens-world-cup-2023\/"]}]},{"@type":"BreadcrumbList","@id":"https:\/\/thienxuantravel.com\/fifa-womens-world-cup-2023\/#breadcrumb","itemListElement":[{"@type":"ListItem","position":1,"name":"Home","item":"https:\/\/thienxuantravel.com\/"},{"@type":"ListItem","position":2,"name":"FIFA Women\u2019s World Cup 2023"}]},{"@type":"WebSite","@id":"https:\/\/thienxuantravel.com\/#website","url":"https:\/\/thienxuantravel.com\/","name":"Thi\u00ean Xu\u00e2n Travel","description":"","publisher":{"@id":"https:\/\/thienxuantravel.com\/#organization"},"potentialAction":[{"@type":"SearchAction","target":{"@type":"EntryPoint","urlTemplate":"https:\/\/thienxuantravel.com\/?s={search_term_string}"},"query-input":"required name=search_term_string"}],"inLanguage":"en-US"},{"@type":"Organization","@id":"https:\/\/thienxuantravel.com\/#organization","name":"Thi\u00ean Xu\u00e2n Travel","url":"https:\/\/thienxuantravel.com\/","logo":{"@type":"ImageObject","inLanguage":"en-US","@id":"https:\/\/thienxuantravel.com\/#\/schema\/logo\/image\/","url":"https:\/\/thienxuantravel.com\/wp-content\/uploads\/2023\/03\/thienxuan_logo.png","contentUrl":"https:\/\/thienxuantravel.com\/wp-content\/uploads\/2023\/03\/thienxuan_logo.png","width":500,"height":226,"caption":"Thi\u00ean Xu\u00e2n Travel"},"image":{"@id":"https:\/\/thienxuantravel.com\/#\/schema\/logo\/image\/"},"sameAs":["https:\/\/www.facebook.com\/thienxuantravel"]}]}},"_links":{"self":[{"href":"https:\/\/thienxuantravel.com\/en\/wp-json\/wp\/v2\/pages\/14734"}],"collection":[{"href":"https:\/\/thienxuantravel.com\/en\/wp-json\/wp\/v2\/pages"}],"about":[{"href":"https:\/\/thienxuantravel.com\/en\/wp-json\/wp\/v2\/types\/page"}],"author":[{"embeddable":true,"href":"https:\/\/thienxuantravel.com\/en\/wp-json\/wp\/v2\/users\/5"}],"replies":[{"embeddable":true,"href":"https:\/\/thienxuantravel.com\/en\/wp-json\/wp\/v2\/comments?post=14734"}],"version-history":[{"count":6,"href":"https:\/\/thienxuantravel.com\/en\/wp-json\/wp\/v2\/pages\/14734\/revisions"}],"predecessor-version":[{"id":15559,"href":"https:\/\/thienxuantravel.com\/en\/wp-json\/wp\/v2\/pages\/14734\/revisions\/15559"}],"wp:attachment":[{"href":"https:\/\/thienxuantravel.com\/en\/wp-json\/wp\/v2\/media?parent=14734"}],"curies":[{"name":"wp","href":"https:\/\/api.w.org\/{rel}","templated":true}]}}