{"id":14741,"date":"2023-06-09T17:04:12","date_gmt":"2023-06-09T17:04:12","guid":{"rendered":"https:\/\/thienxuantravel.com\/?page_id=14741"},"modified":"2023-07-04T09:28:23","modified_gmt":"2023-07-04T09:28:23","slug":"tham-lai-bali-hon-dao-thien-duong","status":"publish","type":"page","link":"https:\/\/thienxuantravel.com\/en\/tham-lai-bali-hon-dao-thien-duong\/","title":{"rendered":"Bali, Unity in Diversity!"},"content":{"rendered":"<h1>Bali, Unity in Diversity!<\/h1>\n\n\n\n<p>\ud83c\uddee\ud83c\udde9 Lazy coconut trees, long sand beaches, crystalline blue waters, lush rainforests, sleepy volcanoes, vibrant green rice terraces, fiery orange sunset...<\/p>\n\n\n\n<p>Explore Bali's culture: unique expression of Hinduism, deeply rooted in mystery and history. Rediscover delicious Balinese and Indonesian cuisine with Nasi, Sambal, Ayam &amp; Bebek Betutu, Babi Guling, Nasi Campur, Lawar, Es Daluman...<\/p>\n\n\n\n<p><strong>Only from VND 11,950,000 per person<\/strong><\/p>\n\n\n\n<p>Departure weekly throughout Summer 2023<br>Packaged tour 4 days 3 nights. Flight with Vietjet Air<\/p>\n\n\n\n<p>Xem th\u00eam <a href=\"https:\/\/thienxuantravel.com\/en\/bali-hon-dao-thien-duong\/\">b\u00e0i vi\u1ebft chi ti\u1ebft v\u1ec1 Bali<\/a><\/p>\n\n\n\n<p>Contact \u260e\ufe0f +84 888 890 898 \u2014 0938 558 228 or \ud83d\udce8 booking@thienxuantravel.com for best offers<\/p>\n\n\n\n<p class=\"has-small-font-size\"><em>Thien Xuan Travel<br>Park 2, 208 Nguyen Huu Canh, Ward 22,<br>Binh Thanh District, Ho Chi Minh City, Vietnam<br>booking@thienxuantravel.com or gd@thienxuantravel.com<br>Hotline: +84 888 890 898 \u2013 0938558228<\/em><\/p>\n\n\n\n<figure class=\"wp-block-image size-large\"><img decoding=\"async\" src=\"https:\/\/thienxuantravel.com\/wp-content\/uploads\/2023\/05\/Image-by-Martin-Fuhrmann-from-Pixabay-1024x683.jpg\" alt=\"Image by Martin Fuhrmann from Pixabay\" class=\"wp-image-14275\"\/><figcaption class=\"wp-element-caption\">Image by Martin Fuhrmann from Pixabay<\/figcaption><\/figure>\n\n\n\n<figure class=\"wp-block-image size-large\"><img decoding=\"async\" src=\"https:\/\/thienxuantravel.com\/wp-content\/uploads\/2023\/05\/Photo-by-visualsofdana-on-Unsplash-1-1024x683.jpg\" alt=\"Photo by visualsofdana on Unsplash\" class=\"wp-image-14260\"\/><figcaption class=\"wp-element-caption\">Photo by visualsofdana on Unsplash<\/figcaption><\/figure>\n\n\n\n<figure class=\"wp-block-image size-large\"><img decoding=\"async\" src=\"https:\/\/thienxuantravel.com\/wp-content\/uploads\/2023\/05\/Photo-by-Kharl-Anthony-Paica-on-Unsplash-10-1024x683.jpg\" alt=\"Photo by Kharl Anthony Paica on Unsplash\" class=\"wp-image-14254\"\/><figcaption class=\"wp-element-caption\">Photo by Kharl Anthony Paica on Unsplash<\/figcaption><\/figure>","protected":false},"excerpt":{"rendered":"<p>Th\u0103m l\u1ea1i Bali, h\u00f2n \u0111\u1ea3o thi\u00ean \u0111\u01b0\u1eddng! Khi n\u00f3i v\u1ec1 Bali th\u00ec r\u1ea5t nhi\u1ec1u nhi\u1ec1u ng\u01b0\u1eddi bi\u1ebft \u0111\u1ebfn \u0111\u1ecba danh n\u00e0y, nh\u01b0ng k\u1ef3 th\u1ef1c ch\u1ec9 m\u1ed9t s\u1ed1 \u00edt ng\u01b0\u1eddi th\u1ef1c s\u1ef1 hi\u1ec3u r\u00f5 v\u1ec1 Bali! C\u00f9ng ch\u00fang t\u00f4i th\u0103m l\u1ea1i Bali, n\u1ec1n v\u0103n h\u00f3a \u0111\u1ed9c \u0111\u00e1o c\u1ee7a \u1ea4n \u0110\u1ed9 gi\u00e1o. V\u0103n h\u00f3a Bali v\u1edbi ngu\u1ed3n [&hellip;]<\/p>","protected":false},"author":5,"featured_media":0,"parent":0,"menu_order":0,"comment_status":"closed","ping_status":"open","template":"","meta":[],"yoast_head":"<!-- This site is optimized with the Yoast SEO Premium plugin v20.8 (Yoast SEO v20.8) - https:\/\/yoast.com\/wordpress\/plugins\/seo\/ -->\n<title>Th\u0103m l\u1ea1i Bali, h\u00f2n \u0111\u1ea3o thi\u00ean \u0111\u01b0\u1eddng! - Thi\u00ean Xu\u00e2n Travel<\/title>\n<meta name=\"robots\" content=\"index, follow, max-snippet:-1, max-image-preview:large, max-video-preview:-1\" \/>\n<link rel=\"canonical\" href=\"https:\/\/thienxuantravel.com\/en\/tham-lai-bali-hon-dao-thien-duong\/\" \/>\n<meta property=\"og:locale\" content=\"en_US\" \/>\n<meta property=\"og:type\" content=\"article\" \/>\n<meta property=\"og:title\" content=\"Th\u0103m l\u1ea1i Bali, h\u00f2n \u0111\u1ea3o thi\u00ean \u0111\u01b0\u1eddng!\" \/>\n<meta property=\"og:description\" content=\"C\u00f9ng ch\u00fang t\u00f4i th\u0103m l\u1ea1i Bali, n\u1ec1n v\u0103n h\u00f3a \u0111\u1ed9c \u0111\u00e1o c\u1ee7a \u1ea4n \u0110\u1ed9 gi\u00e1o. V\u0103n h\u00f3a Bali v\u1edbi ngu\u1ed3n g\u1ed1c c\u1ed9i r\u1ec5 t\u1eeb c\u00e1c truy\u1ec1n thuy\u1ebft b\u00ed \u1ea9n v\u00e0 m\u1ed9t d\u00f2ng l\u1ecbch s\u1eed l\u00e2u \u0111\u1eddi.\" \/>\n<meta property=\"og:url\" content=\"https:\/\/thienxuantravel.com\/en\/tham-lai-bali-hon-dao-thien-duong\/\" \/>\n<meta property=\"og:site_name\" content=\"Thi\u00ean Xu\u00e2n Travel\" \/>\n<meta property=\"article:publisher\" content=\"https:\/\/www.facebook.com\/thienxuantravel\" \/>\n<meta property=\"article:modified_time\" content=\"2023-07-04T09:28:23+00:00\" \/>\n<meta property=\"og:image\" content=\"https:\/\/thienxuantravel.com\/wp-content\/uploads\/2023\/06\/Bali-Summer-Cover.jpg\" \/>\n\t<meta property=\"og:image:width\" content=\"1920\" \/>\n\t<meta property=\"og:image:height\" content=\"1280\" \/>\n\t<meta property=\"og:image:type\" content=\"image\/jpeg\" \/>\n<meta name=\"twitter:card\" content=\"summary_large_image\" \/>\n<meta name=\"twitter:title\" content=\"Th\u0103m l\u1ea1i Bali, h\u00f2n \u0111\u1ea3o thi\u00ean \u0111\u01b0\u1eddng!\" \/>\n<meta name=\"twitter:description\" content=\"C\u00f9ng ch\u00fang t\u00f4i th\u0103m l\u1ea1i Bali, n\u1ec1n v\u0103n h\u00f3a \u0111\u1ed9c \u0111\u00e1o c\u1ee7a \u1ea4n \u0110\u1ed9 gi\u00e1o. V\u0103n h\u00f3a Bali v\u1edbi ngu\u1ed3n g\u1ed1c c\u1ed9i r\u1ec5 t\u1eeb c\u00e1c truy\u1ec1n thuy\u1ebft b\u00ed \u1ea9n v\u00e0 m\u1ed9t d\u00f2ng l\u1ecbch s\u1eed l\u00e2u \u0111\u1eddi.\" \/>\n<meta name=\"twitter:image\" content=\"https:\/\/thienxuantravel.com\/wp-content\/uploads\/2023\/06\/Bali-Summer-Cover.jpg\" \/>\n<meta name=\"twitter:label1\" content=\"Est. reading time\" \/>\n\t<meta name=\"twitter:data1\" content=\"2 minutes\" \/>\n<script type=\"application\/ld+json\" class=\"yoast-schema-graph\">{\"@context\":\"https:\/\/schema.org\",\"@graph\":[{\"@type\":\"WebPage\",\"@id\":\"https:\/\/thienxuantravel.com\/tham-lai-bali-hon-dao-thien-duong\/\",\"url\":\"https:\/\/thienxuantravel.com\/tham-lai-bali-hon-dao-thien-duong\/\",\"name\":\"Th\u0103m l\u1ea1i Bali, h\u00f2n \u0111\u1ea3o thi\u00ean \u0111\u01b0\u1eddng! - Thi\u00ean Xu\u00e2n Travel\",\"isPartOf\":{\"@id\":\"https:\/\/thienxuantravel.com\/#website\"},\"datePublished\":\"2023-06-09T17:04:12+00:00\",\"dateModified\":\"2023-07-04T09:28:23+00:00\",\"breadcrumb\":{\"@id\":\"https:\/\/thienxuantravel.com\/tham-lai-bali-hon-dao-thien-duong\/#breadcrumb\"},\"inLanguage\":\"en-US\",\"potentialAction\":[{\"@type\":\"ReadAction\",\"target\":[\"https:\/\/thienxuantravel.com\/tham-lai-bali-hon-dao-thien-duong\/\"]}]},{\"@type\":\"BreadcrumbList\",\"@id\":\"https:\/\/thienxuantravel.com\/tham-lai-bali-hon-dao-thien-duong\/#breadcrumb\",\"itemListElement\":[{\"@type\":\"ListItem\",\"position\":1,\"name\":\"Home\",\"item\":\"https:\/\/thienxuantravel.com\/\"},{\"@type\":\"ListItem\",\"position\":2,\"name\":\"Th\u0103m l\u1ea1i Bali, h\u00f2n \u0111\u1ea3o thi\u00ean \u0111\u01b0\u1eddng!\"}]},{\"@type\":\"WebSite\",\"@id\":\"https:\/\/thienxuantravel.com\/#website\",\"url\":\"https:\/\/thienxuantravel.com\/\",\"name\":\"Thi\u00ean Xu\u00e2n Travel\",\"description\":\"\",\"publisher\":{\"@id\":\"https:\/\/thienxuantravel.com\/#organization\"},\"potentialAction\":[{\"@type\":\"SearchAction\",\"target\":{\"@type\":\"EntryPoint\",\"urlTemplate\":\"https:\/\/thienxuantravel.com\/?s={search_term_string}\"},\"query-input\":\"required name=search_term_string\"}],\"inLanguage\":\"en-US\"},{\"@type\":\"Organization\",\"@id\":\"https:\/\/thienxuantravel.com\/#organization\",\"name\":\"Thi\u00ean Xu\u00e2n Travel\",\"url\":\"https:\/\/thienxuantravel.com\/\",\"logo\":{\"@type\":\"ImageObject\",\"inLanguage\":\"en-US\",\"@id\":\"https:\/\/thienxuantravel.com\/#\/schema\/logo\/image\/\",\"url\":\"https:\/\/thienxuantravel.com\/wp-content\/uploads\/2023\/03\/thienxuan_logo.png\",\"contentUrl\":\"https:\/\/thienxuantravel.com\/wp-content\/uploads\/2023\/03\/thienxuan_logo.png\",\"width\":500,\"height\":226,\"caption\":\"Thi\u00ean Xu\u00e2n Travel\"},\"image\":{\"@id\":\"https:\/\/thienxuantravel.com\/#\/schema\/logo\/image\/\"},\"sameAs\":[\"https:\/\/www.facebook.com\/thienxuantravel\"]}]}<\/script>\n<!-- \/ Yoast SEO Premium plugin. -->","yoast_head_json":{"title":"Th\u0103m l\u1ea1i Bali, h\u00f2n \u0111\u1ea3o thi\u00ean \u0111\u01b0\u1eddng! - Thi\u00ean Xu\u00e2n Travel","robots":{"index":"index","follow":"follow","max-snippet":"max-snippet:-1","max-image-preview":"max-image-preview:large","max-video-preview":"max-video-preview:-1"},"canonical":"https:\/\/thienxuantravel.com\/en\/tham-lai-bali-hon-dao-thien-duong\/","og_locale":"en_US","og_type":"article","og_title":"Th\u0103m l\u1ea1i Bali, h\u00f2n \u0111\u1ea3o thi\u00ean \u0111\u01b0\u1eddng!","og_description":"C\u00f9ng ch\u00fang t\u00f4i th\u0103m l\u1ea1i Bali, n\u1ec1n v\u0103n h\u00f3a \u0111\u1ed9c \u0111\u00e1o c\u1ee7a \u1ea4n \u0110\u1ed9 gi\u00e1o. V\u0103n h\u00f3a Bali v\u1edbi ngu\u1ed3n g\u1ed1c c\u1ed9i r\u1ec5 t\u1eeb c\u00e1c truy\u1ec1n thuy\u1ebft b\u00ed \u1ea9n v\u00e0 m\u1ed9t d\u00f2ng l\u1ecbch s\u1eed l\u00e2u \u0111\u1eddi.","og_url":"https:\/\/thienxuantravel.com\/en\/tham-lai-bali-hon-dao-thien-duong\/","og_site_name":"Thi\u00ean Xu\u00e2n Travel","article_publisher":"https:\/\/www.facebook.com\/thienxuantravel","article_modified_time":"2023-07-04T09:28:23+00:00","og_image":[{"width":1920,"height":1280,"url":"https:\/\/thienxuantravel.com\/wp-content\/uploads\/2023\/06\/Bali-Summer-Cover.jpg","type":"image\/jpeg"}],"twitter_card":"summary_large_image","twitter_title":"Th\u0103m l\u1ea1i Bali, h\u00f2n \u0111\u1ea3o thi\u00ean \u0111\u01b0\u1eddng!","twitter_description":"C\u00f9ng ch\u00fang t\u00f4i th\u0103m l\u1ea1i Bali, n\u1ec1n v\u0103n h\u00f3a \u0111\u1ed9c \u0111\u00e1o c\u1ee7a \u1ea4n \u0110\u1ed9 gi\u00e1o. V\u0103n h\u00f3a Bali v\u1edbi ngu\u1ed3n g\u1ed1c c\u1ed9i r\u1ec5 t\u1eeb c\u00e1c truy\u1ec1n thuy\u1ebft b\u00ed \u1ea9n v\u00e0 m\u1ed9t d\u00f2ng l\u1ecbch s\u1eed l\u00e2u \u0111\u1eddi.","twitter_image":"https:\/\/thienxuantravel.com\/wp-content\/uploads\/2023\/06\/Bali-Summer-Cover.jpg","twitter_misc":{"Est. reading time":"2 minutes"},"schema":{"@context":"https:\/\/schema.org","@graph":[{"@type":"WebPage","@id":"https:\/\/thienxuantravel.com\/tham-lai-bali-hon-dao-thien-duong\/","url":"https:\/\/thienxuantravel.com\/tham-lai-bali-hon-dao-thien-duong\/","name":"Th\u0103m l\u1ea1i Bali, h\u00f2n \u0111\u1ea3o thi\u00ean \u0111\u01b0\u1eddng! - Thi\u00ean Xu\u00e2n Travel","isPartOf":{"@id":"https:\/\/thienxuantravel.com\/#website"},"datePublished":"2023-06-09T17:04:12+00:00","dateModified":"2023-07-04T09:28:23+00:00","breadcrumb":{"@id":"https:\/\/thienxuantravel.com\/tham-lai-bali-hon-dao-thien-duong\/#breadcrumb"},"inLanguage":"en-US","potentialAction":[{"@type":"ReadAction","target":["https:\/\/thienxuantravel.com\/tham-lai-bali-hon-dao-thien-duong\/"]}]},{"@type":"BreadcrumbList","@id":"https:\/\/thienxuantravel.com\/tham-lai-bali-hon-dao-thien-duong\/#breadcrumb","itemListElement":[{"@type":"ListItem","position":1,"name":"Home","item":"https:\/\/thienxuantravel.com\/"},{"@type":"ListItem","position":2,"name":"Th\u0103m l\u1ea1i Bali, h\u00f2n \u0111\u1ea3o thi\u00ean \u0111\u01b0\u1eddng!"}]},{"@type":"WebSite","@id":"https:\/\/thienxuantravel.com\/#website","url":"https:\/\/thienxuantravel.com\/","name":"Thi\u00ean Xu\u00e2n Travel","description":"","publisher":{"@id":"https:\/\/thienxuantravel.com\/#organization"},"potentialAction":[{"@type":"SearchAction","target":{"@type":"EntryPoint","urlTemplate":"https:\/\/thienxuantravel.com\/?s={search_term_string}"},"query-input":"required name=search_term_string"}],"inLanguage":"en-US"},{"@type":"Organization","@id":"https:\/\/thienxuantravel.com\/#organization","name":"Thi\u00ean Xu\u00e2n Travel","url":"https:\/\/thienxuantravel.com\/","logo":{"@type":"ImageObject","inLanguage":"en-US","@id":"https:\/\/thienxuantravel.com\/#\/schema\/logo\/image\/","url":"https:\/\/thienxuantravel.com\/wp-content\/uploads\/2023\/03\/thienxuan_logo.png","contentUrl":"https:\/\/thienxuantravel.com\/wp-content\/uploads\/2023\/03\/thienxuan_logo.png","width":500,"height":226,"caption":"Thi\u00ean Xu\u00e2n Travel"},"image":{"@id":"https:\/\/thienxuantravel.com\/#\/schema\/logo\/image\/"},"sameAs":["https:\/\/www.facebook.com\/thienxuantravel"]}]}},"_links":{"self":[{"href":"https:\/\/thienxuantravel.com\/en\/wp-json\/wp\/v2\/pages\/14741"}],"collection":[{"href":"https:\/\/thienxuantravel.com\/en\/wp-json\/wp\/v2\/pages"}],"about":[{"href":"https:\/\/thienxuantravel.com\/en\/wp-json\/wp\/v2\/types\/page"}],"author":[{"embeddable":true,"href":"https:\/\/thienxuantravel.com\/en\/wp-json\/wp\/v2\/users\/5"}],"replies":[{"embeddable":true,"href":"https:\/\/thienxuantravel.com\/en\/wp-json\/wp\/v2\/comments?post=14741"}],"version-history":[{"count":4,"href":"https:\/\/thienxuantravel.com\/en\/wp-json\/wp\/v2\/pages\/14741\/revisions"}],"predecessor-version":[{"id":14748,"href":"https:\/\/thienxuantravel.com\/en\/wp-json\/wp\/v2\/pages\/14741\/revisions\/14748"}],"wp:attachment":[{"href":"https:\/\/thienxuantravel.com\/en\/wp-json\/wp\/v2\/media?parent=14741"}],"curies":[{"name":"wp","href":"https:\/\/api.w.org\/{rel}","templated":true}]}}