{"id":14920,"date":"2023-06-30T12:43:46","date_gmt":"2023-06-30T12:43:46","guid":{"rendered":"https:\/\/thienxuantravel.com\/?page_id=14920"},"modified":"2024-04-25T06:47:15","modified_gmt":"2024-04-25T06:47:15","slug":"ve-dep-di-san-viet-nam","status":"publish","type":"page","link":"https:\/\/thienxuantravel.com\/en\/ve-dep-di-san-viet-nam\/","title":{"rendered":"The astonishing beauty of Vietnam"},"content":{"rendered":"<h1 id=\"h-v\u1ebb-d\u1eb9p-di-s\u1ea3n-vi\u1ec7t-nam\">The astonishing beauty of Vietnam<\/h1>\n\n\n\n<p>Vietnam in the North and its endless natural beauty, from Ha Long Bay for epic landscapes, V\u00e2n \u0110\u1ed3n Island, Tam Ch\u00fac the largest pagoda in Southeast Asia, with dramatic scenery Thi\u00ean Cung Cave, \u0110\u1ea7u G\u1ed7 Cave, B\u00e3i Ch\u00e1y Bridge, Tam C\u1ed1c, B\u00edch \u0110\u1ed9ng, Tuy\u1ec7t T\u00ecnh C\u1ed1c Cave, Am Ti\u00ean Cave, Hang M\u00faa Cave, B\u00e3i D\u00e0i Beach... <\/p>\n\n\n\n<p>Price: Please contact<br>Departure: Weekly or on demands<br>Tour 4 days 3 night. Flight with Vietjet Air or Bamboo Airways<\/p>\n\n\n\n<figure class=\"wp-block-image size-large\"><img decoding=\"async\" loading=\"lazy\" width=\"1024\" height=\"691\" src=\"https:\/\/thienxuantravel.com\/wp-content\/uploads\/2024\/04\/Tam-Coc-Ninh-Binh-Vietnam-iStockPhoto-ID-1425103315-1024x691.jpg\" alt=\"\" class=\"wp-image-19062\" srcset=\"https:\/\/thienxuantravel.com\/wp-content\/uploads\/2024\/04\/Tam-Coc-Ninh-Binh-Vietnam-iStockPhoto-ID-1425103315-1024x691.jpg 1024w, https:\/\/thienxuantravel.com\/wp-content\/uploads\/2024\/04\/Tam-Coc-Ninh-Binh-Vietnam-iStockPhoto-ID-1425103315-300x202.jpg 300w, https:\/\/thienxuantravel.com\/wp-content\/uploads\/2024\/04\/Tam-Coc-Ninh-Binh-Vietnam-iStockPhoto-ID-1425103315-768x518.jpg 768w, https:\/\/thienxuantravel.com\/wp-content\/uploads\/2024\/04\/Tam-Coc-Ninh-Binh-Vietnam-iStockPhoto-ID-1425103315-1536x1036.jpg 1536w, https:\/\/thienxuantravel.com\/wp-content\/uploads\/2024\/04\/Tam-Coc-Ninh-Binh-Vietnam-iStockPhoto-ID-1425103315-18x12.jpg 18w, https:\/\/thienxuantravel.com\/wp-content\/uploads\/2024\/04\/Tam-Coc-Ninh-Binh-Vietnam-iStockPhoto-ID-1425103315.jpg 1920w\" sizes=\"(max-width: 1024px) 100vw, 1024px\" \/><figcaption class=\"wp-element-caption\">Tam Coc, Ninh Binh, Vietnam \u00a9 iStockPhoto ID 1425103315 by TawatchaiPrakobkit<\/figcaption><\/figure>\n\n\n\n<p>Immerse yourself in nature, breathe the atmosphere at the scenic spots; let's flight with Thien Xuan Travel throughout Vietnam. This exploration of \u00abThe astonishing beauty of Vietnam\u00bb is the harmonious combination of the mixed heritage of culture and nature, of the wonderful creations from the limestone mountain system, with the fanciful caves \u2014 to the hard work, creativity, and optimism of the Vietnamese people from generation to generation. Let's travel, and enjoy a reputation as one of the most beautiful countries in Asia.<\/p>\n\n\n\n<h2 id=\"h-danh-sach-di-s\u1ea3n-th\u1ebf-gi\u1edbi-t\u1ea1i-vi\u1ec7t-nam\">List of World Heritage Sites in Vietnam<\/h2>\n\n\n\n<p>The United Nations Educational, Scientific and Cultural Organization (UNESCO) World Heritage Sites are places of importance to cultural or natural heritage as described in the UNESCO World Heritage Convention, established in 1972. Vietnam accepted the convention on 19 October 1987, making its natural and cultural sites eligible for inclusion on the list. As of 2023, there are eight World Heritage Sites in Vietnam, including five cultural sites, two natural sites, and one mixed. Vietnam holds the second-highest number of World Heritage Sites in Southeast Asia, after Indonesia with ten sites.<\/p>\n\n\n\n<p>The Complex of Hu\u1ebf Monuments was the first site in Vietnam to be inscribed on the list at the 17th session of the World Heritage Committee held in Colombia in 1993. Two cultural sites from Qu\u1ea3ng Nam were listed in 1999: H\u1ed9i An Ancient Town and M\u1ef9 S\u01a1n Sanctuary. H\u1ea1 Long Bay and Phong Nha \u2013 K\u1ebb B\u00e0ng National Park were listed as natural sites in 1994 and 2003, respectively, before receiving the extension on the criteria for exceptional geological and geomorphologic values by the World Heritage Committee in 2000 and 2015. The Central Sector of Imperial Citadel of Th\u0103ng Long was inscribed in 2010, coinciding with the Millennial Anniversary of the Th\u0103ng Long capital. The most recent site added was Tr\u00e0ng An Scenic Landscape Complex in 2016, the first mixed site in Southeast Asia.<\/p>\n\n\n\n<p>After being recognized, the sites became popular tourist attractions. They are also considered to be driving forces behind the growth of tourism in the country. According to the Ministry of Culture, Sports and Tourism, Tr\u00e0ng An was the most popular World Heritage Site in Vietnam, attracted more than 6 million visitors and raised 867.5 million VND in 2019 alone.<\/p>\n\n\n\n<figure class=\"wp-block-image size-large\"><img decoding=\"async\" src=\"https:\/\/thienxuantravel.com\/wp-content\/uploads\/2023\/06\/2-Photo-by-Ruslan-Bardash-on-Unsplash.jpg\" alt=\"\"\/><figcaption class=\"wp-element-caption\">Photo by Ruslan Bardash on Unsplash<\/figcaption><\/figure>\n\n\n\n<figure class=\"wp-block-image size-large\"><img decoding=\"async\" src=\"https:\/\/thienxuantravel.com\/wp-content\/uploads\/2023\/07\/Ha-Long-Bay-Cruises.jpg\" alt=\"Halong Bay Vietnam\"\/><figcaption class=\"wp-element-caption\">Halong Bay Vietnam<\/figcaption><\/figure>\n\n\n\n<figure class=\"wp-block-image size-large\"><img decoding=\"async\" src=\"https:\/\/thienxuantravel.com\/wp-content\/uploads\/2023\/11\/Trang-An-10-23-Tour-Post-3.jpg\" alt=\"\"\/><figcaption class=\"wp-element-caption\">Photo by Thanhhoa Tran on Pexels<\/figcaption><\/figure>\n\n\n\n<figure class=\"wp-block-image size-large\"><img decoding=\"async\" src=\"https:\/\/thienxuantravel.com\/wp-content\/uploads\/2023\/11\/The-Australia-VN-Posts-2.jpg\" alt=\"A boat ride from Trang An in the Ninh Binh Province\"\/><figcaption class=\"wp-element-caption\">A boat ride from Trang An in the Ninh Binh Province<\/figcaption><\/figure>\n\n\n\n<p><strong>Thi\u00ean Xu\u00e2n Travel<\/strong><br>Park 2, 208 Nguyen Huu Canh Street,<br>Binh Thanh District, Ho Chi Minh City, Vietnam<br>booking@thienxuantravel.com or gd@thienxuantravel.com<br>Hotline: +84 888 890 898 \u2014 0938 558 228<\/p>\n\n\n\n<p><strong>Office in the United States<\/strong><br>14114 Beech Glen Dr, Houston, TX 77083<br>Phone: +1 (281) 906-2744<\/p>","protected":false},"excerpt":{"rendered":"<p>V\u1ebb \u0111\u1eb9p Di s\u1ea3n Vi\u1ec7t Nam \ud83c\uddfb\ud83c\uddf3 Du l\u1ecbch th\u01b0\u1edfng ngo\u1ea1n V\u00e2n \u0110\u1ed3n, V\u1ecbnh H\u1ea1 Long, Ch\u00f9a Tam Ch\u00fac, \u0110\u1ed9ng Thi\u00ean Cung, Hang \u0110\u1ea7u G\u1ed7, C\u1ea7u B\u00e3i Ch\u00e1y, Tam C\u1ed1c, B\u00edch \u0110\u1ed9ng, Tuy\u1ec7t T\u00ecnh C\u1ed1c, \u0110\u1ed9ng Am Ti\u00ean, Hang M\u00faa, B\u00e3i D\u00e0i\u2026 Gi\u00e1 tour: vui l\u00f2ng li\u00ean h\u1ec7Ng\u00e0y kh\u1edfi h\u00e0nh: H\u00e0ng tu\u1ea7n ho\u1eb7c theo nhu [&hellip;]<\/p>","protected":false},"author":5,"featured_media":19066,"parent":0,"menu_order":0,"comment_status":"closed","ping_status":"open","template":"","meta":[],"yoast_head":"<!-- This site is optimized with the Yoast SEO Premium plugin v20.8 (Yoast SEO v20.8) - https:\/\/yoast.com\/wordpress\/plugins\/seo\/ -->\n<title>V\u1ebb \u0111\u1eb9p Di s\u1ea3n Vi\u1ec7t Nam - Thi\u00ean Xu\u00e2n Travel<\/title>\n<meta name=\"description\" content=\"Th\u01b0\u1edfng ngo\u1ea1n V\u00e2n \u0110\u1ed3n, V\u1ecbnh H\u1ea1 Long, Ch\u00f9a Tam Ch\u00fac, \u0110\u1ed9ng Thi\u00ean Cung, Hang \u0110\u1ea7u G\u1ed7, C\u1ea7u B\u00e3i Ch\u00e1y, Tam C\u1ed1c, B\u00edch \u0110\u1ed9ng, Tuy\u1ec7t T\u00ecnh C\u1ed1c, \u0110\u1ed9ng Am Ti\u00ean, Hang M\u00faa, B\u00e3i D\u00e0i...\" \/>\n<meta name=\"robots\" content=\"index, follow, max-snippet:-1, max-image-preview:large, max-video-preview:-1\" \/>\n<link rel=\"canonical\" href=\"https:\/\/thienxuantravel.com\/en\/ve-dep-di-san-viet-nam\/\" \/>\n<meta property=\"og:locale\" content=\"en_US\" \/>\n<meta property=\"og:type\" content=\"article\" \/>\n<meta property=\"og:title\" content=\"V\u1ebb \u0111\u1eb9p Di s\u1ea3n Vi\u1ec7t Nam\" \/>\n<meta property=\"og:description\" content=\"Du l\u1ecbch th\u01b0\u1edfng ngo\u1ea1n V\u00e2n \u0110\u1ed3n, V\u1ecbnh H\u1ea1 Long, Ch\u00f9a Tam Ch\u00fac, \u0110\u1ed9ng Thi\u00ean Cung, Hang \u0110\u1ea7u G\u1ed7, C\u1ea7u B\u00e3i Ch\u00e1y, Tam C\u1ed1c, B\u00edch \u0110\u1ed9ng, Tuy\u1ec7t T\u00ecnh C\u1ed1c, \u0110\u1ed9ng Am Ti\u00ean, Hang M\u00faa, B\u00e3i D\u00e0i...\" \/>\n<meta property=\"og:url\" content=\"https:\/\/thienxuantravel.com\/en\/ve-dep-di-san-viet-nam\/\" \/>\n<meta property=\"og:site_name\" content=\"Thi\u00ean Xu\u00e2n Travel\" \/>\n<meta property=\"article:publisher\" content=\"https:\/\/www.facebook.com\/thienxuantravel\" \/>\n<meta property=\"article:modified_time\" content=\"2024-04-25T06:47:15+00:00\" \/>\n<meta property=\"og:image\" content=\"https:\/\/thienxuantravel.com\/wp-content\/uploads\/2024\/04\/Trang-An-Bai-Dinh-ShutterStock-ID-2327247765-by-Elias-Bitar.jpg\" \/>\n\t<meta property=\"og:image:width\" content=\"1920\" \/>\n\t<meta property=\"og:image:height\" content=\"1295\" \/>\n\t<meta property=\"og:image:type\" content=\"image\/jpeg\" \/>\n<meta name=\"twitter:card\" content=\"summary_large_image\" \/>\n<meta name=\"twitter:title\" content=\"V\u1ebb \u0111\u1eb9p Di s\u1ea3n Vi\u1ec7t Nam\" \/>\n<meta name=\"twitter:description\" content=\"Du l\u1ecbch th\u01b0\u1edfng ngo\u1ea1n V\u00e2n \u0110\u1ed3n, V\u1ecbnh H\u1ea1 Long, Ch\u00f9a Tam Ch\u00fac, \u0110\u1ed9ng Thi\u00ean Cung, Hang \u0110\u1ea7u G\u1ed7, C\u1ea7u B\u00e3i Ch\u00e1y, Tam C\u1ed1c, B\u00edch \u0110\u1ed9ng, Tuy\u1ec7t T\u00ecnh C\u1ed1c, \u0110\u1ed9ng Am Ti\u00ean, Hang M\u00faa, B\u00e3i D\u00e0i...\" \/>\n<meta name=\"twitter:image\" content=\"https:\/\/thienxuantravel.com\/wp-content\/uploads\/2024\/04\/Trang-An-Bai-Dinh-ShutterStock-ID-2327247765-by-Elias-Bitar.jpg\" \/>\n<meta name=\"twitter:label1\" content=\"Est. reading time\" \/>\n\t<meta name=\"twitter:data1\" content=\"4 minutes\" \/>\n<script type=\"application\/ld+json\" class=\"yoast-schema-graph\">{\"@context\":\"https:\/\/schema.org\",\"@graph\":[{\"@type\":\"WebPage\",\"@id\":\"https:\/\/thienxuantravel.com\/ve-dep-di-san-viet-nam\/\",\"url\":\"https:\/\/thienxuantravel.com\/ve-dep-di-san-viet-nam\/\",\"name\":\"V\u1ebb \u0111\u1eb9p Di s\u1ea3n Vi\u1ec7t Nam - Thi\u00ean Xu\u00e2n Travel\",\"isPartOf\":{\"@id\":\"https:\/\/thienxuantravel.com\/#website\"},\"datePublished\":\"2023-06-30T12:43:46+00:00\",\"dateModified\":\"2024-04-25T06:47:15+00:00\",\"description\":\"Th\u01b0\u1edfng ngo\u1ea1n V\u00e2n \u0110\u1ed3n, V\u1ecbnh H\u1ea1 Long, Ch\u00f9a Tam Ch\u00fac, \u0110\u1ed9ng Thi\u00ean Cung, Hang \u0110\u1ea7u G\u1ed7, C\u1ea7u B\u00e3i Ch\u00e1y, Tam C\u1ed1c, B\u00edch \u0110\u1ed9ng, Tuy\u1ec7t T\u00ecnh C\u1ed1c, \u0110\u1ed9ng Am Ti\u00ean, Hang M\u00faa, B\u00e3i D\u00e0i...\",\"breadcrumb\":{\"@id\":\"https:\/\/thienxuantravel.com\/ve-dep-di-san-viet-nam\/#breadcrumb\"},\"inLanguage\":\"en-US\",\"potentialAction\":[{\"@type\":\"ReadAction\",\"target\":[\"https:\/\/thienxuantravel.com\/ve-dep-di-san-viet-nam\/\"]}]},{\"@type\":\"BreadcrumbList\",\"@id\":\"https:\/\/thienxuantravel.com\/ve-dep-di-san-viet-nam\/#breadcrumb\",\"itemListElement\":[{\"@type\":\"ListItem\",\"position\":1,\"name\":\"Home\",\"item\":\"https:\/\/thienxuantravel.com\/\"},{\"@type\":\"ListItem\",\"position\":2,\"name\":\"V\u1ebb \u0111\u1eb9p Di s\u1ea3n Vi\u1ec7t Nam\"}]},{\"@type\":\"WebSite\",\"@id\":\"https:\/\/thienxuantravel.com\/#website\",\"url\":\"https:\/\/thienxuantravel.com\/\",\"name\":\"Thi\u00ean Xu\u00e2n Travel\",\"description\":\"\",\"publisher\":{\"@id\":\"https:\/\/thienxuantravel.com\/#organization\"},\"potentialAction\":[{\"@type\":\"SearchAction\",\"target\":{\"@type\":\"EntryPoint\",\"urlTemplate\":\"https:\/\/thienxuantravel.com\/?s={search_term_string}\"},\"query-input\":\"required name=search_term_string\"}],\"inLanguage\":\"en-US\"},{\"@type\":\"Organization\",\"@id\":\"https:\/\/thienxuantravel.com\/#organization\",\"name\":\"Thi\u00ean Xu\u00e2n Travel\",\"url\":\"https:\/\/thienxuantravel.com\/\",\"logo\":{\"@type\":\"ImageObject\",\"inLanguage\":\"en-US\",\"@id\":\"https:\/\/thienxuantravel.com\/#\/schema\/logo\/image\/\",\"url\":\"https:\/\/thienxuantravel.com\/wp-content\/uploads\/2023\/03\/thienxuan_logo.png\",\"contentUrl\":\"https:\/\/thienxuantravel.com\/wp-content\/uploads\/2023\/03\/thienxuan_logo.png\",\"width\":500,\"height\":226,\"caption\":\"Thi\u00ean Xu\u00e2n Travel\"},\"image\":{\"@id\":\"https:\/\/thienxuantravel.com\/#\/schema\/logo\/image\/\"},\"sameAs\":[\"https:\/\/www.facebook.com\/thienxuantravel\"]}]}<\/script>\n<!-- \/ Yoast SEO Premium plugin. -->","yoast_head_json":{"title":"V\u1ebb \u0111\u1eb9p Di s\u1ea3n Vi\u1ec7t Nam - Thi\u00ean Xu\u00e2n Travel","description":"Th\u01b0\u1edfng ngo\u1ea1n V\u00e2n \u0110\u1ed3n, V\u1ecbnh H\u1ea1 Long, Ch\u00f9a Tam Ch\u00fac, \u0110\u1ed9ng Thi\u00ean Cung, Hang \u0110\u1ea7u G\u1ed7, C\u1ea7u B\u00e3i Ch\u00e1y, Tam C\u1ed1c, B\u00edch \u0110\u1ed9ng, Tuy\u1ec7t T\u00ecnh C\u1ed1c, \u0110\u1ed9ng Am Ti\u00ean, Hang M\u00faa, B\u00e3i D\u00e0i...","robots":{"index":"index","follow":"follow","max-snippet":"max-snippet:-1","max-image-preview":"max-image-preview:large","max-video-preview":"max-video-preview:-1"},"canonical":"https:\/\/thienxuantravel.com\/en\/ve-dep-di-san-viet-nam\/","og_locale":"en_US","og_type":"article","og_title":"V\u1ebb \u0111\u1eb9p Di s\u1ea3n Vi\u1ec7t Nam","og_description":"Du l\u1ecbch th\u01b0\u1edfng ngo\u1ea1n V\u00e2n \u0110\u1ed3n, V\u1ecbnh H\u1ea1 Long, Ch\u00f9a Tam Ch\u00fac, \u0110\u1ed9ng Thi\u00ean Cung, Hang \u0110\u1ea7u G\u1ed7, C\u1ea7u B\u00e3i Ch\u00e1y, Tam C\u1ed1c, B\u00edch \u0110\u1ed9ng, Tuy\u1ec7t T\u00ecnh C\u1ed1c, \u0110\u1ed9ng Am Ti\u00ean, Hang M\u00faa, B\u00e3i D\u00e0i...","og_url":"https:\/\/thienxuantravel.com\/en\/ve-dep-di-san-viet-nam\/","og_site_name":"Thi\u00ean Xu\u00e2n Travel","article_publisher":"https:\/\/www.facebook.com\/thienxuantravel","article_modified_time":"2024-04-25T06:47:15+00:00","og_image":[{"width":1920,"height":1295,"url":"https:\/\/thienxuantravel.com\/wp-content\/uploads\/2024\/04\/Trang-An-Bai-Dinh-ShutterStock-ID-2327247765-by-Elias-Bitar.jpg","type":"image\/jpeg"}],"twitter_card":"summary_large_image","twitter_title":"V\u1ebb \u0111\u1eb9p Di s\u1ea3n Vi\u1ec7t Nam","twitter_description":"Du l\u1ecbch th\u01b0\u1edfng ngo\u1ea1n V\u00e2n \u0110\u1ed3n, V\u1ecbnh H\u1ea1 Long, Ch\u00f9a Tam Ch\u00fac, \u0110\u1ed9ng Thi\u00ean Cung, Hang \u0110\u1ea7u G\u1ed7, C\u1ea7u B\u00e3i Ch\u00e1y, Tam C\u1ed1c, B\u00edch \u0110\u1ed9ng, Tuy\u1ec7t T\u00ecnh C\u1ed1c, \u0110\u1ed9ng Am Ti\u00ean, Hang M\u00faa, B\u00e3i D\u00e0i...","twitter_image":"https:\/\/thienxuantravel.com\/wp-content\/uploads\/2024\/04\/Trang-An-Bai-Dinh-ShutterStock-ID-2327247765-by-Elias-Bitar.jpg","twitter_misc":{"Est. reading time":"4 minutes"},"schema":{"@context":"https:\/\/schema.org","@graph":[{"@type":"WebPage","@id":"https:\/\/thienxuantravel.com\/ve-dep-di-san-viet-nam\/","url":"https:\/\/thienxuantravel.com\/ve-dep-di-san-viet-nam\/","name":"V\u1ebb \u0111\u1eb9p Di s\u1ea3n Vi\u1ec7t Nam - Thi\u00ean Xu\u00e2n Travel","isPartOf":{"@id":"https:\/\/thienxuantravel.com\/#website"},"datePublished":"2023-06-30T12:43:46+00:00","dateModified":"2024-04-25T06:47:15+00:00","description":"Th\u01b0\u1edfng ngo\u1ea1n V\u00e2n \u0110\u1ed3n, V\u1ecbnh H\u1ea1 Long, Ch\u00f9a Tam Ch\u00fac, \u0110\u1ed9ng Thi\u00ean Cung, Hang \u0110\u1ea7u G\u1ed7, C\u1ea7u B\u00e3i Ch\u00e1y, Tam C\u1ed1c, B\u00edch \u0110\u1ed9ng, Tuy\u1ec7t T\u00ecnh C\u1ed1c, \u0110\u1ed9ng Am Ti\u00ean, Hang M\u00faa, B\u00e3i D\u00e0i...","breadcrumb":{"@id":"https:\/\/thienxuantravel.com\/ve-dep-di-san-viet-nam\/#breadcrumb"},"inLanguage":"en-US","potentialAction":[{"@type":"ReadAction","target":["https:\/\/thienxuantravel.com\/ve-dep-di-san-viet-nam\/"]}]},{"@type":"BreadcrumbList","@id":"https:\/\/thienxuantravel.com\/ve-dep-di-san-viet-nam\/#breadcrumb","itemListElement":[{"@type":"ListItem","position":1,"name":"Home","item":"https:\/\/thienxuantravel.com\/"},{"@type":"ListItem","position":2,"name":"V\u1ebb \u0111\u1eb9p Di s\u1ea3n Vi\u1ec7t Nam"}]},{"@type":"WebSite","@id":"https:\/\/thienxuantravel.com\/#website","url":"https:\/\/thienxuantravel.com\/","name":"Thi\u00ean Xu\u00e2n Travel","description":"","publisher":{"@id":"https:\/\/thienxuantravel.com\/#organization"},"potentialAction":[{"@type":"SearchAction","target":{"@type":"EntryPoint","urlTemplate":"https:\/\/thienxuantravel.com\/?s={search_term_string}"},"query-input":"required name=search_term_string"}],"inLanguage":"en-US"},{"@type":"Organization","@id":"https:\/\/thienxuantravel.com\/#organization","name":"Thi\u00ean Xu\u00e2n Travel","url":"https:\/\/thienxuantravel.com\/","logo":{"@type":"ImageObject","inLanguage":"en-US","@id":"https:\/\/thienxuantravel.com\/#\/schema\/logo\/image\/","url":"https:\/\/thienxuantravel.com\/wp-content\/uploads\/2023\/03\/thienxuan_logo.png","contentUrl":"https:\/\/thienxuantravel.com\/wp-content\/uploads\/2023\/03\/thienxuan_logo.png","width":500,"height":226,"caption":"Thi\u00ean Xu\u00e2n Travel"},"image":{"@id":"https:\/\/thienxuantravel.com\/#\/schema\/logo\/image\/"},"sameAs":["https:\/\/www.facebook.com\/thienxuantravel"]}]}},"_links":{"self":[{"href":"https:\/\/thienxuantravel.com\/en\/wp-json\/wp\/v2\/pages\/14920"}],"collection":[{"href":"https:\/\/thienxuantravel.com\/en\/wp-json\/wp\/v2\/pages"}],"about":[{"href":"https:\/\/thienxuantravel.com\/en\/wp-json\/wp\/v2\/types\/page"}],"author":[{"embeddable":true,"href":"https:\/\/thienxuantravel.com\/en\/wp-json\/wp\/v2\/users\/5"}],"replies":[{"embeddable":true,"href":"https:\/\/thienxuantravel.com\/en\/wp-json\/wp\/v2\/comments?post=14920"}],"version-history":[{"count":10,"href":"https:\/\/thienxuantravel.com\/en\/wp-json\/wp\/v2\/pages\/14920\/revisions"}],"predecessor-version":[{"id":19085,"href":"https:\/\/thienxuantravel.com\/en\/wp-json\/wp\/v2\/pages\/14920\/revisions\/19085"}],"wp:featuredmedia":[{"embeddable":true,"href":"https:\/\/thienxuantravel.com\/en\/wp-json\/wp\/v2\/media\/19066"}],"wp:attachment":[{"href":"https:\/\/thienxuantravel.com\/en\/wp-json\/wp\/v2\/media?parent=14920"}],"curies":[{"name":"wp","href":"https:\/\/api.w.org\/{rel}","templated":true}]}}