{"id":14931,"date":"2023-06-30T13:13:25","date_gmt":"2023-06-30T13:13:25","guid":{"rendered":"https:\/\/thienxuantravel.com\/?page_id=14931"},"modified":"2024-04-24T10:55:19","modified_gmt":"2024-04-24T10:55:19","slug":"kham-pha-xu-so-suong-mu","status":"publish","type":"page","link":"https:\/\/thienxuantravel.com\/en\/kham-pha-xu-so-suong-mu\/","title":{"rendered":"Great Britain, Feel it! Love it!"},"content":{"rendered":"<h1 id=\"h-kham-pha-x\u1ee9-s\u1edf-s\u01b0\u01a1ng-mu\">\ud83c\uddec\ud83c\udde7 Great Britain, See Things Differently<\/h1>\n\n\n\n<p>\ud83c\uddec\ud83c\udde7 Great Britain \u2013 Where history meets modernity and legends are born. From Stonehenge to Big Ben, we\u2019ve got it all.<\/p>\n\n\n\n<figure class=\"wp-block-image size-full\"><img decoding=\"async\" loading=\"lazy\" width=\"1920\" height=\"1280\" src=\"https:\/\/thienxuantravel.com\/wp-content\/uploads\/2023\/05\/CastleCombe-England-GettyImages-157006201.jpg\" alt=\"Castle Combe in the Fall, Wiltshire, England \u00a9 GettyImages ID 157006201\" class=\"wp-image-14429\"\/><figcaption class=\"wp-element-caption\">Castle Combe in the Fall, Wiltshire, England \u00a9 GettyImages ID 157006201\n<\/figcaption><\/figure>\n\n\n\n<p>Now is the perfect time to discover another side of Britain. Tuck into food as diverse as our people, or discover our cities by paddleboard or street art tour. Dance \u2018til dusk at any one of our intimate underground venues and huge concerts, or bring the past to life in our castles and historic buildings. Whether you\u2019d like to celebrate 75 years of the Edinburgh Festival Fringe, get lost in our quirky museums and art galleries, or tuck into an afternoon tea with a difference, let your journey of discovering Britain start right here. (visitbritain.com) \u2708<\/p>\n\n\n\n<p><strong>\u2b50 From VND 86,990,000 per person<br>\u2b50 Departure: Monthly<br>\u2b50 Tour 10 days 9 nights. Flight with Turkish Airlines<\/strong><\/p>\n\n\n\n<p>Contact \u260e\ufe0f +84 888 890 898 \u2014 0938 558 228 or \ud83d\udce8 booking@thienxuantravel.com for more details<\/p>\n\n\n\n<figure class=\"wp-block-image size-large\"><img decoding=\"async\" src=\"https:\/\/thienxuantravel.com\/wp-content\/uploads\/2023\/05\/England2.jpg\" alt=\"\"\/><figcaption class=\"wp-element-caption\">England has two books, the Bible and Shakespeare. England made Shakespeare, but the Bible made England. &#8211; Victor Hugo<\/figcaption><\/figure>\n\n\n\n<figure class=\"wp-block-image size-full\"><img decoding=\"async\" loading=\"lazy\" width=\"1920\" height=\"1280\" src=\"https:\/\/thienxuantravel.com\/wp-content\/uploads\/2023\/05\/England3.jpg\" alt=\"England is never in a hurry because she is eternal.\" class=\"wp-image-14088\"\/><figcaption class=\"wp-element-caption\">I don\u2019t desire to change anything in England except the weather \u2014 Oscar Wilde<br><\/figcaption><\/figure>\n\n\n\n<p>Thi\u00ean Xu\u00e2n Travel \u2013 Live your travel dreams!<\/p>\n\n\n\n<p>Park 2, 208 Nguyen Huu Canh Street, Ward 22,<br>Binh Thanh District, Ho Chi Minh City, Vietnam<br>\ud83d\udce8 booking@thienxuantravel.com<br>\u260e\ufe0f +84 888 890 898 \u2014 0938 558 228<\/p>\n\n\n\n<p>Office in the United States<br>14114 Beech Glen Dr, Houston, TX 77083<br>\u260e\ufe0f +1 (281) 906-2744<\/p>","protected":false},"excerpt":{"rendered":"<p>Kh\u00e1m ph\u00e1 x\u1ee9 s\u1edf s\u01b0\u01a1ng m\u00f9 \ud83c\uddec\ud83c\udde7 \u2708 Ho Chi Minh City \u00bb Istanbul \u00bb Edinburgh \u00bb Windermere \u00bb Manchester \u00bb Liverpool \u00bb Cambridge \u00bb Stratford \u00bb Cotswolds \u00bb Stonehenge \u00bb London V\u01b0\u01a1ng qu\u1ed1c Anh c\u00f3 n\u1ec1n v\u0103n h\u00f3a \u0111a d\u1ea1ng v\u1edbi n\u1ec1n v\u0103n minh tr\u00e3i d\u00e0i tr\u00ean 6500 n\u0103m v\u00e0 l\u00e0 c\u01b0\u1eddng qu\u1ed1c s\u1edf [&hellip;]<\/p>","protected":false},"author":5,"featured_media":14083,"parent":0,"menu_order":0,"comment_status":"closed","ping_status":"open","template":"","meta":[],"yoast_head":"<!-- This site is optimized with the Yoast SEO Premium plugin v20.8 (Yoast SEO v20.8) - https:\/\/yoast.com\/wordpress\/plugins\/seo\/ -->\n<title>Kh\u00e1m ph\u00e1 x\u1ee9 s\u1edf s\u01b0\u01a1ng m\u00f9 - Thi\u00ean Xu\u00e2n Travel<\/title>\n<meta name=\"description\" content=\"Kh\u00e1m ph\u00e1 x\u1ee9 s\u1edf s\u01b0\u01a1ng m\u00f9 \ud83c\uddec\ud83c\udde7 \u2708 Ho Chi Minh City \u00bb Istanbul \u00bb Edinburgh \u00bb Windermere \u00bb Manchester \u00bb Liverpool \u00bb Cambridge \u00bb Stratford \u00bb Cotswolds \u00bb Stonehenge \u00bb London\" \/>\n<meta name=\"robots\" content=\"index, follow, max-snippet:-1, max-image-preview:large, max-video-preview:-1\" \/>\n<link rel=\"canonical\" href=\"https:\/\/thienxuantravel.com\/en\/kham-pha-xu-so-suong-mu\/\" \/>\n<meta property=\"og:locale\" content=\"en_US\" \/>\n<meta property=\"og:type\" content=\"article\" \/>\n<meta property=\"og:title\" content=\"Kh\u00e1m ph\u00e1 x\u1ee9 s\u1edf s\u01b0\u01a1ng m\u00f9 \ud83c\uddec\ud83c\udde7\" \/>\n<meta property=\"og:description\" content=\"\u2708 Ho Chi Minh City \u00bb Istanbul \u00bb Edinburgh \u00bb Windermere \u00bb Manchester \u00bb Liverpool \u00bb Cambridge \u00bb Stratford \u00bb Cotswolds \u00bb Stonehenge \u00bb London\" \/>\n<meta property=\"og:url\" content=\"https:\/\/thienxuantravel.com\/en\/kham-pha-xu-so-suong-mu\/\" \/>\n<meta property=\"og:site_name\" content=\"Thi\u00ean Xu\u00e2n Travel\" \/>\n<meta property=\"article:publisher\" content=\"https:\/\/www.facebook.com\/thienxuantravel\" \/>\n<meta property=\"article:modified_time\" content=\"2024-04-24T10:55:19+00:00\" \/>\n<meta property=\"og:image\" content=\"https:\/\/thienxuantravel.com\/wp-content\/uploads\/2023\/05\/CastleCombe-England-GettyImages-157006201.jpg\" \/>\n\t<meta property=\"og:image:width\" content=\"1920\" \/>\n\t<meta property=\"og:image:height\" content=\"1280\" \/>\n\t<meta property=\"og:image:type\" content=\"image\/jpeg\" \/>\n<meta name=\"twitter:card\" content=\"summary_large_image\" \/>\n<meta name=\"twitter:title\" content=\"Kh\u00e1m ph\u00e1 x\u1ee9 s\u1edf s\u01b0\u01a1ng m\u00f9 \ud83c\uddec\ud83c\udde7\" \/>\n<meta name=\"twitter:description\" content=\"\u2708 Ho Chi Minh City \u00bb Istanbul \u00bb Edinburgh \u00bb Windermere \u00bb Manchester \u00bb Liverpool \u00bb Cambridge \u00bb Stratford \u00bb Cotswolds \u00bb Stonehenge \u00bb London\" \/>\n<meta name=\"twitter:image\" content=\"https:\/\/thienxuantravel.com\/wp-content\/uploads\/2023\/05\/CastleCombe-England-GettyImages-157006201.jpg\" \/>\n<meta name=\"twitter:label1\" content=\"Est. reading time\" \/>\n\t<meta name=\"twitter:data1\" content=\"2 minutes\" \/>\n<script type=\"application\/ld+json\" class=\"yoast-schema-graph\">{\"@context\":\"https:\/\/schema.org\",\"@graph\":[{\"@type\":\"WebPage\",\"@id\":\"https:\/\/thienxuantravel.com\/kham-pha-xu-so-suong-mu\/\",\"url\":\"https:\/\/thienxuantravel.com\/kham-pha-xu-so-suong-mu\/\",\"name\":\"Kh\u00e1m ph\u00e1 x\u1ee9 s\u1edf s\u01b0\u01a1ng m\u00f9 - Thi\u00ean Xu\u00e2n Travel\",\"isPartOf\":{\"@id\":\"https:\/\/thienxuantravel.com\/#website\"},\"datePublished\":\"2023-06-30T13:13:25+00:00\",\"dateModified\":\"2024-04-24T10:55:19+00:00\",\"description\":\"Kh\u00e1m ph\u00e1 x\u1ee9 s\u1edf s\u01b0\u01a1ng m\u00f9 \ud83c\uddec\ud83c\udde7 \u2708 Ho Chi Minh City \u00bb Istanbul \u00bb Edinburgh \u00bb Windermere \u00bb Manchester \u00bb Liverpool \u00bb Cambridge \u00bb Stratford \u00bb Cotswolds \u00bb Stonehenge \u00bb London\",\"breadcrumb\":{\"@id\":\"https:\/\/thienxuantravel.com\/kham-pha-xu-so-suong-mu\/#breadcrumb\"},\"inLanguage\":\"en-US\",\"potentialAction\":[{\"@type\":\"ReadAction\",\"target\":[\"https:\/\/thienxuantravel.com\/kham-pha-xu-so-suong-mu\/\"]}]},{\"@type\":\"BreadcrumbList\",\"@id\":\"https:\/\/thienxuantravel.com\/kham-pha-xu-so-suong-mu\/#breadcrumb\",\"itemListElement\":[{\"@type\":\"ListItem\",\"position\":1,\"name\":\"Home\",\"item\":\"https:\/\/thienxuantravel.com\/\"},{\"@type\":\"ListItem\",\"position\":2,\"name\":\"Kh\u00e1m ph\u00e1 x\u1ee9 s\u1edf s\u01b0\u01a1ng m\u00f9\"}]},{\"@type\":\"WebSite\",\"@id\":\"https:\/\/thienxuantravel.com\/#website\",\"url\":\"https:\/\/thienxuantravel.com\/\",\"name\":\"Thi\u00ean Xu\u00e2n Travel\",\"description\":\"\",\"publisher\":{\"@id\":\"https:\/\/thienxuantravel.com\/#organization\"},\"potentialAction\":[{\"@type\":\"SearchAction\",\"target\":{\"@type\":\"EntryPoint\",\"urlTemplate\":\"https:\/\/thienxuantravel.com\/?s={search_term_string}\"},\"query-input\":\"required name=search_term_string\"}],\"inLanguage\":\"en-US\"},{\"@type\":\"Organization\",\"@id\":\"https:\/\/thienxuantravel.com\/#organization\",\"name\":\"Thi\u00ean Xu\u00e2n Travel\",\"url\":\"https:\/\/thienxuantravel.com\/\",\"logo\":{\"@type\":\"ImageObject\",\"inLanguage\":\"en-US\",\"@id\":\"https:\/\/thienxuantravel.com\/#\/schema\/logo\/image\/\",\"url\":\"https:\/\/thienxuantravel.com\/wp-content\/uploads\/2023\/03\/thienxuan_logo.png\",\"contentUrl\":\"https:\/\/thienxuantravel.com\/wp-content\/uploads\/2023\/03\/thienxuan_logo.png\",\"width\":500,\"height\":226,\"caption\":\"Thi\u00ean Xu\u00e2n Travel\"},\"image\":{\"@id\":\"https:\/\/thienxuantravel.com\/#\/schema\/logo\/image\/\"},\"sameAs\":[\"https:\/\/www.facebook.com\/thienxuantravel\"]}]}<\/script>\n<!-- \/ Yoast SEO Premium plugin. -->","yoast_head_json":{"title":"Kh\u00e1m ph\u00e1 x\u1ee9 s\u1edf s\u01b0\u01a1ng m\u00f9 - Thi\u00ean Xu\u00e2n Travel","description":"Kh\u00e1m ph\u00e1 x\u1ee9 s\u1edf s\u01b0\u01a1ng m\u00f9 \ud83c\uddec\ud83c\udde7 \u2708 Ho Chi Minh City \u00bb Istanbul \u00bb Edinburgh \u00bb Windermere \u00bb Manchester \u00bb Liverpool \u00bb Cambridge \u00bb Stratford \u00bb Cotswolds \u00bb Stonehenge \u00bb London","robots":{"index":"index","follow":"follow","max-snippet":"max-snippet:-1","max-image-preview":"max-image-preview:large","max-video-preview":"max-video-preview:-1"},"canonical":"https:\/\/thienxuantravel.com\/en\/kham-pha-xu-so-suong-mu\/","og_locale":"en_US","og_type":"article","og_title":"Kh\u00e1m ph\u00e1 x\u1ee9 s\u1edf s\u01b0\u01a1ng m\u00f9 \ud83c\uddec\ud83c\udde7","og_description":"\u2708 Ho Chi Minh City \u00bb Istanbul \u00bb Edinburgh \u00bb Windermere \u00bb Manchester \u00bb Liverpool \u00bb Cambridge \u00bb Stratford \u00bb Cotswolds \u00bb Stonehenge \u00bb London","og_url":"https:\/\/thienxuantravel.com\/en\/kham-pha-xu-so-suong-mu\/","og_site_name":"Thi\u00ean Xu\u00e2n Travel","article_publisher":"https:\/\/www.facebook.com\/thienxuantravel","article_modified_time":"2024-04-24T10:55:19+00:00","og_image":[{"width":1920,"height":1280,"url":"https:\/\/thienxuantravel.com\/wp-content\/uploads\/2023\/05\/CastleCombe-England-GettyImages-157006201.jpg","type":"image\/jpeg"}],"twitter_card":"summary_large_image","twitter_title":"Kh\u00e1m ph\u00e1 x\u1ee9 s\u1edf s\u01b0\u01a1ng m\u00f9 \ud83c\uddec\ud83c\udde7","twitter_description":"\u2708 Ho Chi Minh City \u00bb Istanbul \u00bb Edinburgh \u00bb Windermere \u00bb Manchester \u00bb Liverpool \u00bb Cambridge \u00bb Stratford \u00bb Cotswolds \u00bb Stonehenge \u00bb London","twitter_image":"https:\/\/thienxuantravel.com\/wp-content\/uploads\/2023\/05\/CastleCombe-England-GettyImages-157006201.jpg","twitter_misc":{"Est. reading time":"2 minutes"},"schema":{"@context":"https:\/\/schema.org","@graph":[{"@type":"WebPage","@id":"https:\/\/thienxuantravel.com\/kham-pha-xu-so-suong-mu\/","url":"https:\/\/thienxuantravel.com\/kham-pha-xu-so-suong-mu\/","name":"Kh\u00e1m ph\u00e1 x\u1ee9 s\u1edf s\u01b0\u01a1ng m\u00f9 - Thi\u00ean Xu\u00e2n Travel","isPartOf":{"@id":"https:\/\/thienxuantravel.com\/#website"},"datePublished":"2023-06-30T13:13:25+00:00","dateModified":"2024-04-24T10:55:19+00:00","description":"Kh\u00e1m ph\u00e1 x\u1ee9 s\u1edf s\u01b0\u01a1ng m\u00f9 \ud83c\uddec\ud83c\udde7 \u2708 Ho Chi Minh City \u00bb Istanbul \u00bb Edinburgh \u00bb Windermere \u00bb Manchester \u00bb Liverpool \u00bb Cambridge \u00bb Stratford \u00bb Cotswolds \u00bb Stonehenge \u00bb London","breadcrumb":{"@id":"https:\/\/thienxuantravel.com\/kham-pha-xu-so-suong-mu\/#breadcrumb"},"inLanguage":"en-US","potentialAction":[{"@type":"ReadAction","target":["https:\/\/thienxuantravel.com\/kham-pha-xu-so-suong-mu\/"]}]},{"@type":"BreadcrumbList","@id":"https:\/\/thienxuantravel.com\/kham-pha-xu-so-suong-mu\/#breadcrumb","itemListElement":[{"@type":"ListItem","position":1,"name":"Home","item":"https:\/\/thienxuantravel.com\/"},{"@type":"ListItem","position":2,"name":"Kh\u00e1m ph\u00e1 x\u1ee9 s\u1edf s\u01b0\u01a1ng m\u00f9"}]},{"@type":"WebSite","@id":"https:\/\/thienxuantravel.com\/#website","url":"https:\/\/thienxuantravel.com\/","name":"Thi\u00ean Xu\u00e2n Travel","description":"","publisher":{"@id":"https:\/\/thienxuantravel.com\/#organization"},"potentialAction":[{"@type":"SearchAction","target":{"@type":"EntryPoint","urlTemplate":"https:\/\/thienxuantravel.com\/?s={search_term_string}"},"query-input":"required name=search_term_string"}],"inLanguage":"en-US"},{"@type":"Organization","@id":"https:\/\/thienxuantravel.com\/#organization","name":"Thi\u00ean Xu\u00e2n Travel","url":"https:\/\/thienxuantravel.com\/","logo":{"@type":"ImageObject","inLanguage":"en-US","@id":"https:\/\/thienxuantravel.com\/#\/schema\/logo\/image\/","url":"https:\/\/thienxuantravel.com\/wp-content\/uploads\/2023\/03\/thienxuan_logo.png","contentUrl":"https:\/\/thienxuantravel.com\/wp-content\/uploads\/2023\/03\/thienxuan_logo.png","width":500,"height":226,"caption":"Thi\u00ean Xu\u00e2n Travel"},"image":{"@id":"https:\/\/thienxuantravel.com\/#\/schema\/logo\/image\/"},"sameAs":["https:\/\/www.facebook.com\/thienxuantravel"]}]}},"_links":{"self":[{"href":"https:\/\/thienxuantravel.com\/en\/wp-json\/wp\/v2\/pages\/14931"}],"collection":[{"href":"https:\/\/thienxuantravel.com\/en\/wp-json\/wp\/v2\/pages"}],"about":[{"href":"https:\/\/thienxuantravel.com\/en\/wp-json\/wp\/v2\/types\/page"}],"author":[{"embeddable":true,"href":"https:\/\/thienxuantravel.com\/en\/wp-json\/wp\/v2\/users\/5"}],"replies":[{"embeddable":true,"href":"https:\/\/thienxuantravel.com\/en\/wp-json\/wp\/v2\/comments?post=14931"}],"version-history":[{"count":5,"href":"https:\/\/thienxuantravel.com\/en\/wp-json\/wp\/v2\/pages\/14931\/revisions"}],"predecessor-version":[{"id":19070,"href":"https:\/\/thienxuantravel.com\/en\/wp-json\/wp\/v2\/pages\/14931\/revisions\/19070"}],"wp:featuredmedia":[{"embeddable":true,"href":"https:\/\/thienxuantravel.com\/en\/wp-json\/wp\/v2\/media\/14083"}],"wp:attachment":[{"href":"https:\/\/thienxuantravel.com\/en\/wp-json\/wp\/v2\/media?parent=14931"}],"curies":[{"name":"wp","href":"https:\/\/api.w.org\/{rel}","templated":true}]}}