{"id":14939,"date":"2023-06-30T13:50:39","date_gmt":"2023-06-30T13:50:39","guid":{"rendered":"https:\/\/thienxuantravel.com\/?page_id=14939"},"modified":"2024-04-24T11:03:27","modified_gmt":"2024-04-24T11:03:27","slug":"du-ngoan-dubai-va-abu-dhabi","status":"publish","type":"page","link":"https:\/\/thienxuantravel.com\/en\/du-ngoan-dubai-va-abu-dhabi\/","title":{"rendered":"Dubai and Abu Dhabi \ud83c\udde6\ud83c\uddea"},"content":{"rendered":"<h1 id=\"h-du-ngo\u1ea1n-dubai-va-abu-dhabi\">Du ngo\u1ea1n Dubai v\u00e0 Abu Dhabi \ud83c\udde6\ud83c\uddea<\/h1>\n\n\n\n<p>Dubai: Th\u00e0nh ph\u1ed1 c\u1ee7a c\u00e1c k\u1ef3 quan nh\u00e2n t\u1ea1o c\u1ee7a th\u1ebf gi\u1edbi | Th\u0103m kh\u00e1ch s\u1ea1n 7-sao Burj Al Arab, Palm Jumeirah, Th\u00e1p Burj Khalifa cao nh\u1ea5t h\u00e0nh tinh, Dubai Mall\u2026 Kh\u00e1m ph\u00e1 Khu ph\u1ed1 c\u1ed5 Al Fahidi, B\u1ea3o t\u00e0ng T\u01b0\u01a1ng Lai, Sa m\u1ea1c Safari, tr\u1ea3i nghi\u1ec7m ho\u00e0ng h\u00f4n tr\u00ean sa m\u1ea1c v\u1edbi ti\u1ec7c BBQ ki\u1ec3u Trung \u0110\u00f4ng huy\u1ec1n b\u00ed c\u00f9ng v\u0169 \u0111i\u1ec7u m\u00faa b\u1ee5ng c\u1ef1c k\u1ef3 quy\u1ebfn r\u0169; \u0110\u1ebfn Abu Dhabi, Chillout Ice Lounge, tham quan kh\u00e1ch s\u1ea1n xa hoa b\u1eadc nh\u1ea5t th\u1ebf gi\u1edbi v\u00e0 l\u00e0 bi\u1ec3u tr\u01b0ng c\u1ee7a Abu Dhabi: Emirates Palace, v\u00e0 th\u0103m Th\u00e1nh \u0111\u01b0\u1eddng H\u1ed3i gi\u00e1o Sheikh Zayed\u2026<\/p>\n\n\n\n<figure class=\"wp-block-image size-full\"><img decoding=\"async\" loading=\"lazy\" width=\"1920\" height=\"1268\" src=\"https:\/\/thienxuantravel.com\/wp-content\/uploads\/2023\/06\/Dubai-Tour-Posts-01.jpg\" alt=\"\" class=\"wp-image-14940\"\/><figcaption class=\"wp-element-caption\">Photo by Mo Ismail on Pexels<\/figcaption><\/figure>\n\n\n\n<p><strong>\u2b50 From VND 30,950,000 per person<br>\u2b50 Departure: Monthly<br>\u2b50 Tour 5 days \u2708 Flight with Emirates<br>\u2b50 A five-star tour: hotel and flight!<\/strong><\/p>\n\n\n\n<p>\ud83c\udde6\ud83c\uddea Dubai &#8211; The City of Man Made Wonders | Visit 7-star Burj Al Arab Hotel, Palm Jumeirah, World&#8217;s tallest Burj Khalifa Tower, Dubai Mall\u2026 Explore Al Fahidi Old Town, Future Museum, Desert Safari, experience the sunset in the desert with a mysterious Middle Eastern-style BBQ party and extremely seductive belly dance; Arrive in Abu Dhabi, Chillout Ice Lounge, visit the most luxurious hotel in the world and the symbol of Abu Dhabi: Emirates Palace, and visit Sheikh Zayed Mosque\u2026<\/p>\n\n\n\n<figure class=\"wp-block-image size-full\"><img decoding=\"async\" loading=\"lazy\" width=\"1920\" height=\"1280\" src=\"https:\/\/thienxuantravel.com\/wp-content\/uploads\/2023\/10\/Dubai-fredrik-ohlander-fCW1hWq2nq0-unsplash.webp\" alt=\"Photo by Fredrik \u00d6hlander on Unsplash\" class=\"wp-image-16914\"\/><figcaption class=\"wp-element-caption\">Photo by Fredrik \u00d6hlander on Unsplash<\/figcaption><\/figure>\n\n\n\n<p>Thi\u00ean Xu\u00e2n Travel \u2013 Live your travel dreams!<\/p>\n\n\n\n<p>Park 2, 208 Nguyen Huu Canh Street, Ward 22,<br>Binh Thanh District, Ho Chi Minh City, Vietnam<br>\ud83d\udce8 booking@thienxuantravel.com<br>\u260e\ufe0f +84 888 890 898 \u2014 0938 558 228<\/p>\n\n\n\n<p>Office in the United States<br>14114 Beech Glen Dr, Houston, TX 77083<br>\u260e\ufe0f +1 (281) 906-2744<\/p>\n\n\n\n<figure class=\"wp-block-image size-large\"><img decoding=\"async\" src=\"https:\/\/thienxuantravel.com\/wp-content\/uploads\/2023\/06\/Dubai-Tour-Posts-02.jpg\" alt=\"\"\/><figcaption class=\"wp-element-caption\">Photo by Sarath Raj on Pexels<\/figcaption><\/figure>","protected":false},"excerpt":{"rendered":"<p>Du ngo\u1ea1n Dubai v\u00e0 Abu Dhabi \ud83c\udde6\ud83c\uddea Dubai: Th\u00e0nh ph\u1ed1 c\u1ee7a c\u00e1c k\u1ef3 quan nh\u00e2n t\u1ea1o c\u1ee7a th\u1ebf gi\u1edbi | Th\u0103m kh\u00e1ch s\u1ea1n 7-sao Burj Al Arab, Palm Jumeirah, Th\u00e1p Burj Khalifa cao nh\u1ea5t h\u00e0nh tinh, Dubai Mall\u2026 Kh\u00e1m ph\u00e1 Khu ph\u1ed1 c\u1ed5 Al Fahidi, B\u1ea3o t\u00e0ng T\u01b0\u01a1ng Lai, Sa m\u1ea1c Safari, tr\u1ea3i nghi\u1ec7m ho\u00e0ng [&hellip;]<\/p>","protected":false},"author":5,"featured_media":19072,"parent":0,"menu_order":0,"comment_status":"closed","ping_status":"open","template":"","meta":[],"yoast_head":"<!-- This site is optimized with the Yoast SEO Premium plugin v20.8 (Yoast SEO v20.8) - https:\/\/yoast.com\/wordpress\/plugins\/seo\/ -->\n<title>Du ngo\u1ea1n Dubai v\u00e0 Abu Dhabi - Thi\u00ean Xu\u00e2n Travel<\/title>\n<meta name=\"description\" content=\"Du ngo\u1ea1n Dubai v\u00e0 Abu Dhabi: Th\u00e0nh ph\u1ed1 c\u1ee7a c\u00e1c k\u1ef3 quan nh\u00e2n t\u1ea1o c\u1ee7a th\u1ebf gi\u1edbi\" \/>\n<meta name=\"robots\" content=\"index, follow, max-snippet:-1, max-image-preview:large, max-video-preview:-1\" \/>\n<link rel=\"canonical\" href=\"https:\/\/thienxuantravel.com\/en\/du-ngoan-dubai-va-abu-dhabi\/\" \/>\n<meta property=\"og:locale\" content=\"en_US\" \/>\n<meta property=\"og:type\" content=\"article\" \/>\n<meta property=\"og:title\" content=\"Du ngo\u1ea1n Dubai v\u00e0 Abu Dhabi\" \/>\n<meta property=\"og:description\" content=\"Th\u00e0nh ph\u1ed1 c\u1ee7a c\u00e1c k\u1ef3 quan nh\u00e2n t\u1ea1o c\u1ee7a th\u1ebf gi\u1edbi\" \/>\n<meta property=\"og:url\" content=\"https:\/\/thienxuantravel.com\/en\/du-ngoan-dubai-va-abu-dhabi\/\" \/>\n<meta property=\"og:site_name\" content=\"Thi\u00ean Xu\u00e2n Travel\" \/>\n<meta property=\"article:publisher\" content=\"https:\/\/www.facebook.com\/thienxuantravel\" \/>\n<meta property=\"article:modified_time\" content=\"2024-04-24T11:03:27+00:00\" \/>\n<meta property=\"og:image\" content=\"https:\/\/thienxuantravel.com\/wp-content\/uploads\/2024\/04\/Global-Village-Dubai-Stock-Photo-ID-2028113831.jpg\" \/>\n\t<meta property=\"og:image:width\" content=\"1920\" \/>\n\t<meta property=\"og:image:height\" content=\"1291\" \/>\n\t<meta property=\"og:image:type\" content=\"image\/jpeg\" \/>\n<meta name=\"twitter:card\" content=\"summary_large_image\" \/>\n<meta name=\"twitter:title\" content=\"Du ngo\u1ea1n Dubai v\u00e0 Abu Dhabi\" \/>\n<meta name=\"twitter:description\" content=\"Th\u00e0nh ph\u1ed1 c\u1ee7a c\u00e1c k\u1ef3 quan nh\u00e2n t\u1ea1o c\u1ee7a th\u1ebf gi\u1edbi\" \/>\n<meta name=\"twitter:image\" content=\"https:\/\/thienxuantravel.com\/wp-content\/uploads\/2024\/04\/Global-Village-Dubai-Stock-Photo-ID-2028113831.jpg\" \/>\n<meta name=\"twitter:label1\" content=\"Est. reading time\" \/>\n\t<meta name=\"twitter:data1\" content=\"2 minutes\" \/>\n<script type=\"application\/ld+json\" class=\"yoast-schema-graph\">{\"@context\":\"https:\/\/schema.org\",\"@graph\":[{\"@type\":\"WebPage\",\"@id\":\"https:\/\/thienxuantravel.com\/du-ngoan-dubai-va-abu-dhabi\/\",\"url\":\"https:\/\/thienxuantravel.com\/du-ngoan-dubai-va-abu-dhabi\/\",\"name\":\"Du ngo\u1ea1n Dubai v\u00e0 Abu Dhabi - Thi\u00ean Xu\u00e2n Travel\",\"isPartOf\":{\"@id\":\"https:\/\/thienxuantravel.com\/#website\"},\"datePublished\":\"2023-06-30T13:50:39+00:00\",\"dateModified\":\"2024-04-24T11:03:27+00:00\",\"description\":\"Du ngo\u1ea1n Dubai v\u00e0 Abu Dhabi: Th\u00e0nh ph\u1ed1 c\u1ee7a c\u00e1c k\u1ef3 quan nh\u00e2n t\u1ea1o c\u1ee7a th\u1ebf gi\u1edbi\",\"breadcrumb\":{\"@id\":\"https:\/\/thienxuantravel.com\/du-ngoan-dubai-va-abu-dhabi\/#breadcrumb\"},\"inLanguage\":\"en-US\",\"potentialAction\":[{\"@type\":\"ReadAction\",\"target\":[\"https:\/\/thienxuantravel.com\/du-ngoan-dubai-va-abu-dhabi\/\"]}]},{\"@type\":\"BreadcrumbList\",\"@id\":\"https:\/\/thienxuantravel.com\/du-ngoan-dubai-va-abu-dhabi\/#breadcrumb\",\"itemListElement\":[{\"@type\":\"ListItem\",\"position\":1,\"name\":\"Home\",\"item\":\"https:\/\/thienxuantravel.com\/\"},{\"@type\":\"ListItem\",\"position\":2,\"name\":\"Du ngo\u1ea1n Dubai v\u00e0 Abu Dhabi\"}]},{\"@type\":\"WebSite\",\"@id\":\"https:\/\/thienxuantravel.com\/#website\",\"url\":\"https:\/\/thienxuantravel.com\/\",\"name\":\"Thi\u00ean Xu\u00e2n Travel\",\"description\":\"\",\"publisher\":{\"@id\":\"https:\/\/thienxuantravel.com\/#organization\"},\"potentialAction\":[{\"@type\":\"SearchAction\",\"target\":{\"@type\":\"EntryPoint\",\"urlTemplate\":\"https:\/\/thienxuantravel.com\/?s={search_term_string}\"},\"query-input\":\"required name=search_term_string\"}],\"inLanguage\":\"en-US\"},{\"@type\":\"Organization\",\"@id\":\"https:\/\/thienxuantravel.com\/#organization\",\"name\":\"Thi\u00ean Xu\u00e2n Travel\",\"url\":\"https:\/\/thienxuantravel.com\/\",\"logo\":{\"@type\":\"ImageObject\",\"inLanguage\":\"en-US\",\"@id\":\"https:\/\/thienxuantravel.com\/#\/schema\/logo\/image\/\",\"url\":\"https:\/\/thienxuantravel.com\/wp-content\/uploads\/2023\/03\/thienxuan_logo.png\",\"contentUrl\":\"https:\/\/thienxuantravel.com\/wp-content\/uploads\/2023\/03\/thienxuan_logo.png\",\"width\":500,\"height\":226,\"caption\":\"Thi\u00ean Xu\u00e2n Travel\"},\"image\":{\"@id\":\"https:\/\/thienxuantravel.com\/#\/schema\/logo\/image\/\"},\"sameAs\":[\"https:\/\/www.facebook.com\/thienxuantravel\"]}]}<\/script>\n<!-- \/ Yoast SEO Premium plugin. -->","yoast_head_json":{"title":"Du ngo\u1ea1n Dubai v\u00e0 Abu Dhabi - Thi\u00ean Xu\u00e2n Travel","description":"Du ngo\u1ea1n Dubai v\u00e0 Abu Dhabi: Th\u00e0nh ph\u1ed1 c\u1ee7a c\u00e1c k\u1ef3 quan nh\u00e2n t\u1ea1o c\u1ee7a th\u1ebf gi\u1edbi","robots":{"index":"index","follow":"follow","max-snippet":"max-snippet:-1","max-image-preview":"max-image-preview:large","max-video-preview":"max-video-preview:-1"},"canonical":"https:\/\/thienxuantravel.com\/en\/du-ngoan-dubai-va-abu-dhabi\/","og_locale":"en_US","og_type":"article","og_title":"Du ngo\u1ea1n Dubai v\u00e0 Abu Dhabi","og_description":"Th\u00e0nh ph\u1ed1 c\u1ee7a c\u00e1c k\u1ef3 quan nh\u00e2n t\u1ea1o c\u1ee7a th\u1ebf gi\u1edbi","og_url":"https:\/\/thienxuantravel.com\/en\/du-ngoan-dubai-va-abu-dhabi\/","og_site_name":"Thi\u00ean Xu\u00e2n Travel","article_publisher":"https:\/\/www.facebook.com\/thienxuantravel","article_modified_time":"2024-04-24T11:03:27+00:00","og_image":[{"width":1920,"height":1291,"url":"https:\/\/thienxuantravel.com\/wp-content\/uploads\/2024\/04\/Global-Village-Dubai-Stock-Photo-ID-2028113831.jpg","type":"image\/jpeg"}],"twitter_card":"summary_large_image","twitter_title":"Du ngo\u1ea1n Dubai v\u00e0 Abu Dhabi","twitter_description":"Th\u00e0nh ph\u1ed1 c\u1ee7a c\u00e1c k\u1ef3 quan nh\u00e2n t\u1ea1o c\u1ee7a th\u1ebf gi\u1edbi","twitter_image":"https:\/\/thienxuantravel.com\/wp-content\/uploads\/2024\/04\/Global-Village-Dubai-Stock-Photo-ID-2028113831.jpg","twitter_misc":{"Est. reading time":"2 minutes"},"schema":{"@context":"https:\/\/schema.org","@graph":[{"@type":"WebPage","@id":"https:\/\/thienxuantravel.com\/du-ngoan-dubai-va-abu-dhabi\/","url":"https:\/\/thienxuantravel.com\/du-ngoan-dubai-va-abu-dhabi\/","name":"Du ngo\u1ea1n Dubai v\u00e0 Abu Dhabi - Thi\u00ean Xu\u00e2n Travel","isPartOf":{"@id":"https:\/\/thienxuantravel.com\/#website"},"datePublished":"2023-06-30T13:50:39+00:00","dateModified":"2024-04-24T11:03:27+00:00","description":"Du ngo\u1ea1n Dubai v\u00e0 Abu Dhabi: Th\u00e0nh ph\u1ed1 c\u1ee7a c\u00e1c k\u1ef3 quan nh\u00e2n t\u1ea1o c\u1ee7a th\u1ebf gi\u1edbi","breadcrumb":{"@id":"https:\/\/thienxuantravel.com\/du-ngoan-dubai-va-abu-dhabi\/#breadcrumb"},"inLanguage":"en-US","potentialAction":[{"@type":"ReadAction","target":["https:\/\/thienxuantravel.com\/du-ngoan-dubai-va-abu-dhabi\/"]}]},{"@type":"BreadcrumbList","@id":"https:\/\/thienxuantravel.com\/du-ngoan-dubai-va-abu-dhabi\/#breadcrumb","itemListElement":[{"@type":"ListItem","position":1,"name":"Home","item":"https:\/\/thienxuantravel.com\/"},{"@type":"ListItem","position":2,"name":"Du ngo\u1ea1n Dubai v\u00e0 Abu Dhabi"}]},{"@type":"WebSite","@id":"https:\/\/thienxuantravel.com\/#website","url":"https:\/\/thienxuantravel.com\/","name":"Thi\u00ean Xu\u00e2n Travel","description":"","publisher":{"@id":"https:\/\/thienxuantravel.com\/#organization"},"potentialAction":[{"@type":"SearchAction","target":{"@type":"EntryPoint","urlTemplate":"https:\/\/thienxuantravel.com\/?s={search_term_string}"},"query-input":"required name=search_term_string"}],"inLanguage":"en-US"},{"@type":"Organization","@id":"https:\/\/thienxuantravel.com\/#organization","name":"Thi\u00ean Xu\u00e2n Travel","url":"https:\/\/thienxuantravel.com\/","logo":{"@type":"ImageObject","inLanguage":"en-US","@id":"https:\/\/thienxuantravel.com\/#\/schema\/logo\/image\/","url":"https:\/\/thienxuantravel.com\/wp-content\/uploads\/2023\/03\/thienxuan_logo.png","contentUrl":"https:\/\/thienxuantravel.com\/wp-content\/uploads\/2023\/03\/thienxuan_logo.png","width":500,"height":226,"caption":"Thi\u00ean Xu\u00e2n Travel"},"image":{"@id":"https:\/\/thienxuantravel.com\/#\/schema\/logo\/image\/"},"sameAs":["https:\/\/www.facebook.com\/thienxuantravel"]}]}},"_links":{"self":[{"href":"https:\/\/thienxuantravel.com\/en\/wp-json\/wp\/v2\/pages\/14939"}],"collection":[{"href":"https:\/\/thienxuantravel.com\/en\/wp-json\/wp\/v2\/pages"}],"about":[{"href":"https:\/\/thienxuantravel.com\/en\/wp-json\/wp\/v2\/types\/page"}],"author":[{"embeddable":true,"href":"https:\/\/thienxuantravel.com\/en\/wp-json\/wp\/v2\/users\/5"}],"replies":[{"embeddable":true,"href":"https:\/\/thienxuantravel.com\/en\/wp-json\/wp\/v2\/comments?post=14939"}],"version-history":[{"count":6,"href":"https:\/\/thienxuantravel.com\/en\/wp-json\/wp\/v2\/pages\/14939\/revisions"}],"predecessor-version":[{"id":19073,"href":"https:\/\/thienxuantravel.com\/en\/wp-json\/wp\/v2\/pages\/14939\/revisions\/19073"}],"wp:featuredmedia":[{"embeddable":true,"href":"https:\/\/thienxuantravel.com\/en\/wp-json\/wp\/v2\/media\/19072"}],"wp:attachment":[{"href":"https:\/\/thienxuantravel.com\/en\/wp-json\/wp\/v2\/media?parent=14939"}],"curies":[{"name":"wp","href":"https:\/\/api.w.org\/{rel}","templated":true}]}}