{"id":14952,"date":"2023-06-30T14:21:25","date_gmt":"2023-06-30T14:21:25","guid":{"rendered":"https:\/\/thienxuantravel.com\/?page_id=14952"},"modified":"2024-04-24T11:06:43","modified_gmt":"2024-04-24T11:06:43","slug":"ve-may-bay-vietnam-airlines-tet-2024","status":"publish","type":"page","link":"https:\/\/thienxuantravel.com\/en\/ve-may-bay-vietnam-airlines-tet-2024\/","title":{"rendered":"YEAR OF THE DRAGON 2024"},"content":{"rendered":"<hr class=\"wp-block-separator has-alpha-channel-opacity\"\/>\n\n\n\n<h2 id=\"h-ve-may-bay-vietnam-airlines-t\u1ebft-giap-thin-2024\"><strong>Flight Tickets for Tet 2024 with Vietnam Airlines<\/strong><\/h2>\n\n\n\n<p>Tet is always a peak time for flights with many busy schedules. Therefore, quickly prepare early for your 2024 Tet journey with Vietnam Airlines whether it is planning to travel, vacation or basically return home to celebrate Tet with family, relatives and friends.<\/p>\n\n\n\n<p>Flight with Vietnam Airlines and Thi\u00ean Xu\u00e2n Travel: To meet travel demand during the 2024 Lunar New Year, VNA Group including Vietnam Airlines, Pacific Airlines and VASCO will provide three million seats across the domestic and international flight network during the period from 25th January to 24th February 2024.<\/p>\n\n\n\n<figure class=\"wp-block-image size-large\"><img decoding=\"async\" src=\"https:\/\/thienxuantravel.com\/wp-content\/uploads\/2023\/09\/VNA-Tet-Tickets-Posts-1.jpg\" alt=\"\"\/><figcaption class=\"wp-element-caption\">Photo by Freepik LifeStyleMemory<\/figcaption><\/figure>\n\n\n\n<p><strong>T\u1ebeT HOLIDAY SCHEDULE:<\/strong><br>Tet 2024 \u2014 Year of The Dragon, Lunar New Year Holiday schedule is expected to last for 7 consecutive days, from Thursday 8th February to Wednesday 14th February 2024. Plan your Spring trip now with Vietnam Airlines!<\/p>\n\n\n\n<p>\ud83d\udce8 booking@thienxuantravel.com<br><strong>\ud83d\udcde+84 888 890 898 \u2013 0938 558 228<\/strong><br>\ud83d\udd16 #thienxuantravel #VietnamAirlines #vemaybaytet #tetgiapthin2024<br>\ud83c\udf0f BY Vietnam Airlines<\/p>\n\n\n\n<figure class=\"wp-block-image size-large\"><img decoding=\"async\" src=\"https:\/\/thienxuantravel.com\/wp-content\/uploads\/2023\/09\/VNA-Tet-Tickets-Posts-0.jpg\" alt=\"\"\/><figcaption class=\"wp-element-caption\">Vietnam Airlines: Asia&#8217;s Leading Airline &#8211; Economy Class; Cabin Crew; Cultural Airline Inflight Magazine 2023 by World Travel Awards<\/figcaption><\/figure>","protected":false},"excerpt":{"rendered":"<p>V\u00e9 m\u00e1y bay Vietnam Airlines T\u1ebft Gi\u00e1p Th\u00ecn 2024 T\u1ebft lu\u00f4n l\u00e0 kho\u1ea3ng th\u1eddi gian cao \u0111i\u1ec3m bay v\u1edbi nhi\u1ec1u l\u1ecbch tr\u00ecnh b\u1eadn r\u1ed9n. H\u00e3y chu\u1ea9n b\u1ecb s\u1edbm cho h\u00e0nh tr\u00ecnh T\u1ebft 2024 c\u1ee7a b\u1ea1n v\u1edbi Vietnam Airlines d\u00f9 \u0111\u00f3 c\u00f3 l\u00e0 k\u1ebf ho\u1ea1ch \u0111i du l\u1ecbch, ngh\u1ec9 d\u01b0\u1ee1ng hay ch\u1ec9 \u0111\u01a1n gi\u1ea3n l\u00e0 \u0111\u01b0\u1ee3c [&hellip;]<\/p>","protected":false},"author":5,"featured_media":16678,"parent":0,"menu_order":0,"comment_status":"closed","ping_status":"open","template":"","meta":[],"yoast_head":"<!-- This site is optimized with the Yoast SEO Premium plugin v20.8 (Yoast SEO v20.8) - https:\/\/yoast.com\/wordpress\/plugins\/seo\/ -->\n<title>T\u1ebft Gi\u00e1p Th\u00ecn 2024 - Thi\u00ean Xu\u00e2n Travel<\/title>\n<meta name=\"description\" content=\"\u0110\u00e1p \u1ee9ng nhu c\u1ea7u \u0111i l\u1ea1i d\u1ecbp T\u1ebft Gi\u00e1p Th\u00ecn 2024, VNA Group bao g\u1ed3m ba h\u00e3ng Vietnam Airlines, Pacific Airlines v\u00e0 VASCO s\u1ebd cung \u1ee9ng 3 tri\u1ec7u gh\u1ebf tr\u00ean to\u00e0n m\u1ea1ng bay n\u1ed9i \u0111\u1ecba v\u00e0 qu\u1ed1c t\u1ebf\" \/>\n<meta name=\"robots\" content=\"index, follow, max-snippet:-1, max-image-preview:large, max-video-preview:-1\" \/>\n<link rel=\"canonical\" href=\"https:\/\/thienxuantravel.com\/en\/ve-may-bay-vietnam-airlines-tet-2024\/\" \/>\n<meta property=\"og:locale\" content=\"en_US\" \/>\n<meta property=\"og:type\" content=\"article\" \/>\n<meta property=\"og:title\" content=\"V\u00e9 m\u00e1y bay Vietnam Airlines T\u1ebft Gi\u00e1p Th\u00ecn 2024\" \/>\n<meta property=\"og:description\" content=\"T\u1ebft lu\u00f4n l\u00e0 kho\u1ea3ng th\u1eddi gian cao \u0111i\u1ec3m bay v\u1edbi nhi\u1ec1u l\u1ecbch tr\u00ecnh b\u1eadn r\u1ed9n. H\u00e3y chu\u1ea9n b\u1ecb s\u1edbm cho h\u00e0nh tr\u00ecnh T\u1ebft 2024 c\u1ee7a b\u1ea1n v\u1edbi Vietnam Airlines d\u00f9 \u0111\u00f3 c\u00f3 l\u00e0 k\u1ebf ho\u1ea1ch \u0111i du l\u1ecbch, ngh\u1ec9 d\u01b0\u1ee1ng hay ch\u1ec9 \u0111\u01a1n gi\u1ea3n l\u00e0 \u0111\u01b0\u1ee3c tr\u1edf v\u1ec1 nh\u00e0, qu\u00e2y qu\u1ea7n \u0111\u00f3n T\u1ebft b\u00ean ng\u01b0\u1eddi th\u00e2n v\u00e0 gia \u0111\u00ecnh.\" \/>\n<meta property=\"og:url\" content=\"https:\/\/thienxuantravel.com\/en\/ve-may-bay-vietnam-airlines-tet-2024\/\" \/>\n<meta property=\"og:site_name\" content=\"Thi\u00ean Xu\u00e2n Travel\" \/>\n<meta property=\"article:publisher\" content=\"https:\/\/www.facebook.com\/thienxuantravel\" \/>\n<meta property=\"article:modified_time\" content=\"2024-04-24T11:06:43+00:00\" \/>\n<meta property=\"og:image\" content=\"https:\/\/thienxuantravel.com\/wp-content\/uploads\/2023\/09\/VNA-Tet-Tickets-Posts-1.jpg\" \/>\n\t<meta property=\"og:image:width\" content=\"1920\" \/>\n\t<meta property=\"og:image:height\" content=\"1290\" \/>\n\t<meta property=\"og:image:type\" content=\"image\/jpeg\" \/>\n<meta name=\"twitter:card\" content=\"summary_large_image\" \/>\n<meta name=\"twitter:title\" content=\"V\u00e9 m\u00e1y bay Vietnam Airlines T\u1ebft Gi\u00e1p Th\u00ecn 2024\" \/>\n<meta name=\"twitter:description\" content=\"T\u1ebft lu\u00f4n l\u00e0 kho\u1ea3ng th\u1eddi gian cao \u0111i\u1ec3m bay v\u1edbi nhi\u1ec1u l\u1ecbch tr\u00ecnh b\u1eadn r\u1ed9n. H\u00e3y chu\u1ea9n b\u1ecb s\u1edbm cho h\u00e0nh tr\u00ecnh T\u1ebft 2024 c\u1ee7a b\u1ea1n v\u1edbi Vietnam Airlines d\u00f9 \u0111\u00f3 c\u00f3 l\u00e0 k\u1ebf ho\u1ea1ch \u0111i du l\u1ecbch, ngh\u1ec9 d\u01b0\u1ee1ng hay ch\u1ec9 \u0111\u01a1n gi\u1ea3n l\u00e0 \u0111\u01b0\u1ee3c tr\u1edf v\u1ec1 nh\u00e0, qu\u00e2y qu\u1ea7n \u0111\u00f3n T\u1ebft b\u00ean ng\u01b0\u1eddi th\u00e2n v\u00e0 gia \u0111\u00ecnh.\" \/>\n<meta name=\"twitter:image\" content=\"https:\/\/thienxuantravel.com\/wp-content\/uploads\/2023\/09\/VNA-Tet-Tickets-Posts-0.jpg\" \/>\n<meta name=\"twitter:label1\" content=\"Est. reading time\" \/>\n\t<meta name=\"twitter:data1\" content=\"2 minutes\" \/>\n<script type=\"application\/ld+json\" class=\"yoast-schema-graph\">{\"@context\":\"https:\/\/schema.org\",\"@graph\":[{\"@type\":\"WebPage\",\"@id\":\"https:\/\/thienxuantravel.com\/ve-may-bay-vietnam-airlines-tet-2024\/\",\"url\":\"https:\/\/thienxuantravel.com\/ve-may-bay-vietnam-airlines-tet-2024\/\",\"name\":\"T\u1ebft Gi\u00e1p Th\u00ecn 2024 - Thi\u00ean Xu\u00e2n Travel\",\"isPartOf\":{\"@id\":\"https:\/\/thienxuantravel.com\/#website\"},\"datePublished\":\"2023-06-30T14:21:25+00:00\",\"dateModified\":\"2024-04-24T11:06:43+00:00\",\"description\":\"\u0110\u00e1p \u1ee9ng nhu c\u1ea7u \u0111i l\u1ea1i d\u1ecbp T\u1ebft Gi\u00e1p Th\u00ecn 2024, VNA Group bao g\u1ed3m ba h\u00e3ng Vietnam Airlines, Pacific Airlines v\u00e0 VASCO s\u1ebd cung \u1ee9ng 3 tri\u1ec7u gh\u1ebf tr\u00ean to\u00e0n m\u1ea1ng bay n\u1ed9i \u0111\u1ecba v\u00e0 qu\u1ed1c t\u1ebf\",\"breadcrumb\":{\"@id\":\"https:\/\/thienxuantravel.com\/ve-may-bay-vietnam-airlines-tet-2024\/#breadcrumb\"},\"inLanguage\":\"en-US\",\"potentialAction\":[{\"@type\":\"ReadAction\",\"target\":[\"https:\/\/thienxuantravel.com\/ve-may-bay-vietnam-airlines-tet-2024\/\"]}]},{\"@type\":\"BreadcrumbList\",\"@id\":\"https:\/\/thienxuantravel.com\/ve-may-bay-vietnam-airlines-tet-2024\/#breadcrumb\",\"itemListElement\":[{\"@type\":\"ListItem\",\"position\":1,\"name\":\"Home\",\"item\":\"https:\/\/thienxuantravel.com\/\"},{\"@type\":\"ListItem\",\"position\":2,\"name\":\"T\u1ebft Gi\u00e1p Th\u00ecn 2024\"}]},{\"@type\":\"WebSite\",\"@id\":\"https:\/\/thienxuantravel.com\/#website\",\"url\":\"https:\/\/thienxuantravel.com\/\",\"name\":\"Thi\u00ean Xu\u00e2n Travel\",\"description\":\"\",\"publisher\":{\"@id\":\"https:\/\/thienxuantravel.com\/#organization\"},\"potentialAction\":[{\"@type\":\"SearchAction\",\"target\":{\"@type\":\"EntryPoint\",\"urlTemplate\":\"https:\/\/thienxuantravel.com\/?s={search_term_string}\"},\"query-input\":\"required name=search_term_string\"}],\"inLanguage\":\"en-US\"},{\"@type\":\"Organization\",\"@id\":\"https:\/\/thienxuantravel.com\/#organization\",\"name\":\"Thi\u00ean Xu\u00e2n Travel\",\"url\":\"https:\/\/thienxuantravel.com\/\",\"logo\":{\"@type\":\"ImageObject\",\"inLanguage\":\"en-US\",\"@id\":\"https:\/\/thienxuantravel.com\/#\/schema\/logo\/image\/\",\"url\":\"https:\/\/thienxuantravel.com\/wp-content\/uploads\/2023\/03\/thienxuan_logo.png\",\"contentUrl\":\"https:\/\/thienxuantravel.com\/wp-content\/uploads\/2023\/03\/thienxuan_logo.png\",\"width\":500,\"height\":226,\"caption\":\"Thi\u00ean Xu\u00e2n Travel\"},\"image\":{\"@id\":\"https:\/\/thienxuantravel.com\/#\/schema\/logo\/image\/\"},\"sameAs\":[\"https:\/\/www.facebook.com\/thienxuantravel\"]}]}<\/script>\n<!-- \/ Yoast SEO Premium plugin. -->","yoast_head_json":{"title":"T\u1ebft Gi\u00e1p Th\u00ecn 2024 - Thi\u00ean Xu\u00e2n Travel","description":"\u0110\u00e1p \u1ee9ng nhu c\u1ea7u \u0111i l\u1ea1i d\u1ecbp T\u1ebft Gi\u00e1p Th\u00ecn 2024, VNA Group bao g\u1ed3m ba h\u00e3ng Vietnam Airlines, Pacific Airlines v\u00e0 VASCO s\u1ebd cung \u1ee9ng 3 tri\u1ec7u gh\u1ebf tr\u00ean to\u00e0n m\u1ea1ng bay n\u1ed9i \u0111\u1ecba v\u00e0 qu\u1ed1c t\u1ebf","robots":{"index":"index","follow":"follow","max-snippet":"max-snippet:-1","max-image-preview":"max-image-preview:large","max-video-preview":"max-video-preview:-1"},"canonical":"https:\/\/thienxuantravel.com\/en\/ve-may-bay-vietnam-airlines-tet-2024\/","og_locale":"en_US","og_type":"article","og_title":"V\u00e9 m\u00e1y bay Vietnam Airlines T\u1ebft Gi\u00e1p Th\u00ecn 2024","og_description":"T\u1ebft lu\u00f4n l\u00e0 kho\u1ea3ng th\u1eddi gian cao \u0111i\u1ec3m bay v\u1edbi nhi\u1ec1u l\u1ecbch tr\u00ecnh b\u1eadn r\u1ed9n. H\u00e3y chu\u1ea9n b\u1ecb s\u1edbm cho h\u00e0nh tr\u00ecnh T\u1ebft 2024 c\u1ee7a b\u1ea1n v\u1edbi Vietnam Airlines d\u00f9 \u0111\u00f3 c\u00f3 l\u00e0 k\u1ebf ho\u1ea1ch \u0111i du l\u1ecbch, ngh\u1ec9 d\u01b0\u1ee1ng hay ch\u1ec9 \u0111\u01a1n gi\u1ea3n l\u00e0 \u0111\u01b0\u1ee3c tr\u1edf v\u1ec1 nh\u00e0, qu\u00e2y qu\u1ea7n \u0111\u00f3n T\u1ebft b\u00ean ng\u01b0\u1eddi th\u00e2n v\u00e0 gia \u0111\u00ecnh.","og_url":"https:\/\/thienxuantravel.com\/en\/ve-may-bay-vietnam-airlines-tet-2024\/","og_site_name":"Thi\u00ean Xu\u00e2n Travel","article_publisher":"https:\/\/www.facebook.com\/thienxuantravel","article_modified_time":"2024-04-24T11:06:43+00:00","og_image":[{"width":1920,"height":1290,"url":"https:\/\/thienxuantravel.com\/wp-content\/uploads\/2023\/09\/VNA-Tet-Tickets-Posts-1.jpg","type":"image\/jpeg"}],"twitter_card":"summary_large_image","twitter_title":"V\u00e9 m\u00e1y bay Vietnam Airlines T\u1ebft Gi\u00e1p Th\u00ecn 2024","twitter_description":"T\u1ebft lu\u00f4n l\u00e0 kho\u1ea3ng th\u1eddi gian cao \u0111i\u1ec3m bay v\u1edbi nhi\u1ec1u l\u1ecbch tr\u00ecnh b\u1eadn r\u1ed9n. H\u00e3y chu\u1ea9n b\u1ecb s\u1edbm cho h\u00e0nh tr\u00ecnh T\u1ebft 2024 c\u1ee7a b\u1ea1n v\u1edbi Vietnam Airlines d\u00f9 \u0111\u00f3 c\u00f3 l\u00e0 k\u1ebf ho\u1ea1ch \u0111i du l\u1ecbch, ngh\u1ec9 d\u01b0\u1ee1ng hay ch\u1ec9 \u0111\u01a1n gi\u1ea3n l\u00e0 \u0111\u01b0\u1ee3c tr\u1edf v\u1ec1 nh\u00e0, qu\u00e2y qu\u1ea7n \u0111\u00f3n T\u1ebft b\u00ean ng\u01b0\u1eddi th\u00e2n v\u00e0 gia \u0111\u00ecnh.","twitter_image":"https:\/\/thienxuantravel.com\/wp-content\/uploads\/2023\/09\/VNA-Tet-Tickets-Posts-0.jpg","twitter_misc":{"Est. reading time":"2 minutes"},"schema":{"@context":"https:\/\/schema.org","@graph":[{"@type":"WebPage","@id":"https:\/\/thienxuantravel.com\/ve-may-bay-vietnam-airlines-tet-2024\/","url":"https:\/\/thienxuantravel.com\/ve-may-bay-vietnam-airlines-tet-2024\/","name":"T\u1ebft Gi\u00e1p Th\u00ecn 2024 - Thi\u00ean Xu\u00e2n Travel","isPartOf":{"@id":"https:\/\/thienxuantravel.com\/#website"},"datePublished":"2023-06-30T14:21:25+00:00","dateModified":"2024-04-24T11:06:43+00:00","description":"\u0110\u00e1p \u1ee9ng nhu c\u1ea7u \u0111i l\u1ea1i d\u1ecbp T\u1ebft Gi\u00e1p Th\u00ecn 2024, VNA Group bao g\u1ed3m ba h\u00e3ng Vietnam Airlines, Pacific Airlines v\u00e0 VASCO s\u1ebd cung \u1ee9ng 3 tri\u1ec7u gh\u1ebf tr\u00ean to\u00e0n m\u1ea1ng bay n\u1ed9i \u0111\u1ecba v\u00e0 qu\u1ed1c t\u1ebf","breadcrumb":{"@id":"https:\/\/thienxuantravel.com\/ve-may-bay-vietnam-airlines-tet-2024\/#breadcrumb"},"inLanguage":"en-US","potentialAction":[{"@type":"ReadAction","target":["https:\/\/thienxuantravel.com\/ve-may-bay-vietnam-airlines-tet-2024\/"]}]},{"@type":"BreadcrumbList","@id":"https:\/\/thienxuantravel.com\/ve-may-bay-vietnam-airlines-tet-2024\/#breadcrumb","itemListElement":[{"@type":"ListItem","position":1,"name":"Home","item":"https:\/\/thienxuantravel.com\/"},{"@type":"ListItem","position":2,"name":"T\u1ebft Gi\u00e1p Th\u00ecn 2024"}]},{"@type":"WebSite","@id":"https:\/\/thienxuantravel.com\/#website","url":"https:\/\/thienxuantravel.com\/","name":"Thi\u00ean Xu\u00e2n Travel","description":"","publisher":{"@id":"https:\/\/thienxuantravel.com\/#organization"},"potentialAction":[{"@type":"SearchAction","target":{"@type":"EntryPoint","urlTemplate":"https:\/\/thienxuantravel.com\/?s={search_term_string}"},"query-input":"required name=search_term_string"}],"inLanguage":"en-US"},{"@type":"Organization","@id":"https:\/\/thienxuantravel.com\/#organization","name":"Thi\u00ean Xu\u00e2n Travel","url":"https:\/\/thienxuantravel.com\/","logo":{"@type":"ImageObject","inLanguage":"en-US","@id":"https:\/\/thienxuantravel.com\/#\/schema\/logo\/image\/","url":"https:\/\/thienxuantravel.com\/wp-content\/uploads\/2023\/03\/thienxuan_logo.png","contentUrl":"https:\/\/thienxuantravel.com\/wp-content\/uploads\/2023\/03\/thienxuan_logo.png","width":500,"height":226,"caption":"Thi\u00ean Xu\u00e2n Travel"},"image":{"@id":"https:\/\/thienxuantravel.com\/#\/schema\/logo\/image\/"},"sameAs":["https:\/\/www.facebook.com\/thienxuantravel"]}]}},"_links":{"self":[{"href":"https:\/\/thienxuantravel.com\/en\/wp-json\/wp\/v2\/pages\/14952"}],"collection":[{"href":"https:\/\/thienxuantravel.com\/en\/wp-json\/wp\/v2\/pages"}],"about":[{"href":"https:\/\/thienxuantravel.com\/en\/wp-json\/wp\/v2\/types\/page"}],"author":[{"embeddable":true,"href":"https:\/\/thienxuantravel.com\/en\/wp-json\/wp\/v2\/users\/5"}],"replies":[{"embeddable":true,"href":"https:\/\/thienxuantravel.com\/en\/wp-json\/wp\/v2\/comments?post=14952"}],"version-history":[{"count":8,"href":"https:\/\/thienxuantravel.com\/en\/wp-json\/wp\/v2\/pages\/14952\/revisions"}],"predecessor-version":[{"id":19074,"href":"https:\/\/thienxuantravel.com\/en\/wp-json\/wp\/v2\/pages\/14952\/revisions\/19074"}],"wp:featuredmedia":[{"embeddable":true,"href":"https:\/\/thienxuantravel.com\/en\/wp-json\/wp\/v2\/media\/16678"}],"wp:attachment":[{"href":"https:\/\/thienxuantravel.com\/en\/wp-json\/wp\/v2\/media?parent=14952"}],"curies":[{"name":"wp","href":"https:\/\/api.w.org\/{rel}","templated":true}]}}