{"id":17055,"date":"2023-11-10T09:00:16","date_gmt":"2023-11-10T09:00:16","guid":{"rendered":"https:\/\/thienxuantravel.com\/?page_id=17055"},"modified":"2023-12-15T07:10:57","modified_gmt":"2023-12-15T07:10:57","slug":"tet-holidays-in-vietnam","status":"publish","type":"page","link":"https:\/\/thienxuantravel.com\/en\/tet-holidays-in-vietnam\/","title":{"rendered":"Tet Holidays in Vietnam"},"content":{"rendered":"<p>Lunar New Year or T\u1ebft Nguy\u00ean \u0110\u00e1n, is Vietnam\u2019s most significant celebration. Across Vietnam, during this time families reunite and honour their ancestors, while praying for luck, prosperity and health in the New Year. The public holiday may only run for one week, but in reality, T\u1ebft celebrations last much longer. If you\u2019re visiting Vietnam around Lunar New Year, here\u2019s what you can expect.<\/p>\n\n\n\n<p class=\"has-small-font-size\"><strong>Storied by Vietnam Tourism<\/strong><\/p>\n\n\n\n<h3 id=\"h-a-new-start\">A New Start<\/h3>\n\n\n\n<figure class=\"wp-block-image\"><img decoding=\"async\" src=\"https:\/\/vietnam.travel\/sites\/default\/files\/inline-images\/Tet%20Holiday%20Guide%20Vietnam.jpg\" alt=\"Tet 2020 Vietnam travel\"\/><figcaption class=\"wp-element-caption\">Photo by Christian Berg | Vietnam Tourism<\/figcaption><\/figure>\n\n\n\n<figure class=\"wp-block-image size-large\"><img decoding=\"async\" src=\"https:\/\/thienxuantravel.com\/wp-content\/uploads\/2023\/11\/Image-by-Huu-Duc-DO-from-Pixabay-2-1024x683.jpg\" alt=\"\" class=\"wp-image-17073\"\/><figcaption class=\"wp-element-caption\">Image by Huu Duc DO from Pixabay<\/figcaption><\/figure>\n\n\n\n<p>T\u1ebft marks the first day of the Lunar New Year, and the beginning of spring in the North of Vietnam. The holiday traces back to the early days of Vietnamese settlements in the Red River Delta, when T\u1ebft meant a new cycle of wet rice cultivation. Today, the meaning of the holiday runs much deeper than its farming roots: Vietnamese culture emphasises the importance of a fortuitous fresh start, surrounded by family and loved ones.<\/p>\n\n\n\n<h3 id=\"h-getting-ready\">Getting ready<\/h3>\n\n\n\n<figure class=\"wp-block-image\"><img decoding=\"async\" src=\"https:\/\/vietnam.travel\/sites\/default\/files\/inline-images\/tet%20holiday%20in%20vietnam-2.jpg\" alt=\"tet festival vietnam\"\/><figcaption class=\"wp-element-caption\">Photo by Christian Berg | Vietnam Tourism<\/figcaption><\/figure>\n\n\n\n<p>Throughout Vietnam, preparations for T\u1ebft begin weeks in advance, as cleaning, decorating, and sprucing up is a big part of the holiday tradition. Vietnamese shop for new clothes, get haircuts, cook special dishes, buy flowers, and even wash their motorcycles. Each home and office will decorate with signs of \u2018Ch\u00fac M\u1eebng N\u0103m M\u1edbi\u2019, and kumquat trees or peach blossoms will be set in a place of honour. The bigger the kumquat trees, the more prosperity and health the family will receive in the new year.&nbsp;Streets burst with colour as these trees are transported on the back of motorbikes. In anticipation of the long holiday, a festive spirit takes hold of the country.&nbsp;<\/p>\n\n\n\n<blockquote class=\"wp-block-quote\">\n<p><em>TIP: T\u1ebft celebrations&nbsp;begin&nbsp;three days before Lunar New Year and&nbsp;last a few days after.&nbsp;Try to avoid travelling around Vietnam at this time, as transport centres will be overflowing and tickets can be sold out.&nbsp;In 2021, the first day of the Lunar New Year is Friday, February 12.&nbsp;<\/em><\/p>\n<\/blockquote>\n\n\n\n<h3 id=\"h-shopping-list\">Shopping list<\/h3>\n\n\n\n<figure class=\"wp-block-image\"><img decoding=\"async\" src=\"https:\/\/vietnam.travel\/sites\/default\/files\/inline-images\/Tet%20Vietnam%20travel%20guide%202020-3_0.jpg\" alt=\"Tet Vietnam 2020\"\/><figcaption class=\"wp-element-caption\">Photo by Christian Berg | Vietnam Tourism<\/figcaption><\/figure>\n\n\n\n<p>In the days before T\u1ebft, markets and streets are jam-packed with shoppers. Busy housewives pick up foil, paper garlands, and auspicious red and gold decorations shaped like fish, coins, firecrackers, and blossoms. Each lunar year is represented by a zodiac animal, as reflected in glossy stickers or on paper lanterns. Locals bring home stacks of red bao l\u00ec x\u00ec&nbsp;&#8211; lucky money envelopes &#8211; which are customarily gifted by elders to younger members of the family, or by managers to employees.&nbsp;It\u2019s a sign of maturity for young Vietnamese to stop receiving l\u00ec x\u00ec and start giving it instead.&nbsp;<\/p>\n\n\n\n<figure class=\"wp-block-image size-large\"><img decoding=\"async\" src=\"https:\/\/thienxuantravel.com\/wp-content\/uploads\/2023\/11\/Image-by-Quang-Nguyen-vinh-from-Pixabay-1024x683.jpg\" alt=\"\" class=\"wp-image-17075\"\/><figcaption class=\"wp-element-caption\">Image by Quang Nguyen vinh from Pixabay<\/figcaption><\/figure>\n\n\n\n<h3 id=\"h-holiday-cooking\">Holiday cooking<\/h3>\n\n\n\n<figure class=\"wp-block-image\"><img decoding=\"async\" src=\"https:\/\/vietnam.travel\/sites\/default\/files\/inline-images\/Tet%20Vietnam%20travel%20guide%202020-7.jpg\" alt=\"Vietnam Tet Holiday \"\/><figcaption class=\"wp-element-caption\">Photo by Christian Berg | Vietnam Tourism<\/figcaption><\/figure>\n\n\n\n<p>Food &#8212; especially the T\u1ebft cake <em>b\u00e1nh ch\u01b0ng<\/em>&nbsp;&#8212; is an important component of the celebrations. According to folklore, the last H\u00f9ng&nbsp;King could not decide which of his sons would take the throne, so he held a competition to find which son could bring him the best dish in the world. One son stood out, as he presented these two savoury rice cakes representing heaven and earth. These humble dishes impressed the king who then awarded him the throne. Across Vietnam, families will sit down to a day-long feast, and present candied fruits in beautiful boxes for guests to enjoy.<\/p>\n\n\n\n<blockquote class=\"wp-block-quote\">\n<p>TIP: In Hanoi, you can buy b\u00e1nh ch\u01b0ng at the Qu\u1ed1c H\u01b0\u01a1ng Shop on H\u00e0ng B\u00f4ng Street, which has been selling these cakes for 200 years.<\/p>\n<\/blockquote>\n\n\n\n<figure class=\"wp-block-image\"><img decoding=\"async\" src=\"https:\/\/vietnam.travel\/sites\/default\/files\/inline-images\/tet%20holiday%20in%20vietnam-5.jpg\" alt=\"vietnam tet traditions\"\/><figcaption class=\"wp-element-caption\">Photo by Christian Berg | Vietnam Tourism<\/figcaption><\/figure>\n\n\n\n<p>A traditional T\u1ebft dinner is an important occasion for family members to gather and talk about the past year. Each region has its own version of the meal. In the North, <em>nem <\/em>(fried spring rolls), <em>b\u00e1nh ch\u01b0ng<\/em> (sticky rice cake), and whole boiled chicken are some essential dishes. A Southern T\u1ebft meal is made of caramelised pork, bitter melon soup, and chicken salad, among other things. Many dishes symbolise the passing of hardship, as well as new hope for the new year.<\/p>\n\n\n\n<h3 id=\"h-t\u1ebft-in-hanoi\">T\u1ebft in Hanoi<\/h3>\n\n\n\n<figure class=\"wp-block-image size-large\"><img decoding=\"async\" src=\"https:\/\/thienxuantravel.com\/wp-content\/uploads\/2023\/11\/Image-by-Thuy-Tran-from-Pixabay-1024x683.jpg\" alt=\"\" class=\"wp-image-17076\"\/><figcaption class=\"wp-element-caption\">Image by Thuy Tran from Pixabay<\/figcaption><\/figure>\n\n\n\n<figure class=\"wp-block-image\"><img decoding=\"async\" src=\"https:\/\/vietnam.travel\/sites\/default\/files\/inline-images\/tet%20holiday%20in%20vietnam-6.jpg\" alt=\"about tet in vietnam\"\/><figcaption class=\"wp-element-caption\">Photo by Christian Berg | Vietnam Tourism<\/figcaption><\/figure>\n\n\n\n<p>A stroll around the Qu\u1ea3ng B\u00e1 Flower Market near West Lake is unforgettable the week before T\u1ebft. Shoppers bundled up against the chill buy the finest pink peach boughs they can afford to bring luck in the New Year. T\u1ebft Eve is best witnessed in the alleys of the Old Quarter, where hundreds of makeshift altars appear on the curbs, set with offerings of fruit and boiled chicken.&nbsp;<\/p>\n\n\n\n<blockquote class=\"wp-block-quote\">\n<p><em>TIP: Fireworks will be lit throughout major cities of Vietnam on T\u1ebft Eve, so find a place outdoors and watch the sky light up at midnight.&nbsp;<\/em><\/p>\n<\/blockquote>\n\n\n\n<h3 id=\"h-t\u1ebft-in-h\u1ed3-chi-minh-city\">T\u1ebft in H\u1ed3 Ch\u00ed Minh City<\/h3>\n\n\n\n<figure class=\"wp-block-image size-large\"><img decoding=\"async\" src=\"https:\/\/thienxuantravel.com\/wp-content\/uploads\/2023\/11\/Photo-by-Zuyet-Awarmatik-on-Unsplash-2-1024x684.jpg\" alt=\"\" class=\"wp-image-17078\"\/><figcaption class=\"wp-element-caption\">Photo by Zuyet Awarmatik on Unsplash<\/figcaption><\/figure>\n\n\n\n<figure class=\"wp-block-image size-large\"><img decoding=\"async\" src=\"https:\/\/thienxuantravel.com\/wp-content\/uploads\/2023\/11\/hoi-hoa-xuan-taodan-1024x768.jpg\" alt=\"\" class=\"wp-image-17062\"\/><figcaption class=\"wp-element-caption\">Ng\u01b0\u1eddi d\u00e2n TP.HCM n\u00f4 n\u1ee9c \u0111\u1ebfn H\u1ed9i hoa Xu\u00e2n \u1edf Tao \u0110\u00e0n \u0111\u1ec3 ch\u1ee5p \u1ea3nh, ch\u01a1i t\u1ebft | Ngu\u1ed3n B\u00e1o Thanh Ni\u00ean<\/figcaption><\/figure>\n\n\n\n<p>In the South, yellow ochna flowers represent the Lunar New Year. T\u1ebft in H\u1ed3 Ch\u00ed Minh City is no less colourful than in the North. Nguy\u1ec5n Hu\u1ec7 Street in District 1 hosts the country\u2019s largest flower show. Join the throngs \u2013 families in new clothes and young women in \u00e1o d\u00e0is wielding selfie-sticks \u2014 in admiring the impressive floral displays.<\/p>\n\n\n\n<figure class=\"wp-block-image size-large\"><img decoding=\"async\" src=\"https:\/\/thienxuantravel.com\/wp-content\/uploads\/2023\/11\/hoi-hoa-xuan-tao-dan-3-1024x768.jpg\" alt=\"\" class=\"wp-image-17064\"\/><figcaption class=\"wp-element-caption\">H\u1ed9i hoa Xu\u00e2n Tao \u0110\u00e0n | Ngu\u1ed3n B\u00e1o Thanh Ni\u00ean<\/figcaption><\/figure>\n\n\n\n<h1 id=\"h-t\u1ebft-tips-for-travellers\"><strong>T\u1ebft Tips for Travellers<\/strong><\/h1>\n\n\n\n<figure class=\"wp-block-image\"><img decoding=\"async\" src=\"https:\/\/vietnam.travel\/sites\/default\/files\/inline-images\/tet%20holiday%20in%20vietnam.jpg\" alt=\"vietnam tet holiday guide\"\/><figcaption class=\"wp-element-caption\">Photo by Christian Berg | Vietnam Tourism<\/figcaption><\/figure>\n\n\n\n<p>People from all over the country will return to their hometowns for the T\u1ebft holiday, creating heavy demand for bus, train and plane tickets, as well as hotel rooms. If you must travel during this time, try to book transportation and accommodation far in advance.<\/p>\n\n\n\n<p>With many staff gone home to their families, businesses and restaurants typically shut for at least the first few days of T\u1ebft. Expect cities to be quiet during this time, as well as limited dining and shopping options.<\/p>\n\n\n\n<p>The first few days of T\u1ebft are a rare chance to see Vietnam\u2019s big cities empty of noise and traffic. Take advantage of the quiet and explore by bicycle, scooter or on foot.<\/p>\n\n\n\n<figure class=\"wp-block-image size-large\"><img decoding=\"async\" src=\"https:\/\/thienxuantravel.com\/wp-content\/uploads\/2023\/11\/Photo-by-Tony-Pham-on-Unsplash-1024x683.jpg\" alt=\"\" class=\"wp-image-17077\"\/><figcaption class=\"wp-element-caption\">Photo by Tony Pham on Unsplash<\/figcaption><\/figure>\n\n\n\n<p>You may be invited into a family\u2019s home for T\u1ebft which is a huge honour. During T\u1ebft, it\u2019s important not to drop by any Vietnamese home without an invitation, as the first guests of the year are specially chosen to bring good luck to each household.<\/p>\n\n\n\n<p>Warm wishes are much appreciated around and during T\u1ebft. On the first days of the new year, smile and say \u201cCh\u00fac M\u1eebng N\u0103m M\u1edbi\u201d (Happy New Year) to everyone you see!<\/p>\n\n\n\n<figure class=\"wp-block-image size-large\"><img decoding=\"async\" src=\"https:\/\/thienxuantravel.com\/wp-content\/uploads\/2023\/11\/Tet-Holidays-in-Vietnam-slider-2-1024x320.jpg\" alt=\"\" class=\"wp-image-17068\"\/><figcaption class=\"wp-element-caption\">Tet Flowers, Photo by Quang Nguyen Vinh on Pexels<\/figcaption><\/figure>\n\n\n\n<p><strong>Thi\u00ean Xu\u00e2n Travel<\/strong><br>Park 2, 208 Nguyen Huu Canh Street,<br>Binh Thanh District, Ho Chi Minh City, Vietnam<br>\ud83d\udce8 booking@thienxuantravel.com<br>\ud83d\udcde+84 888 890 898 \u2013 0938 558 228<\/p>\n\n\n\n<p>Read more: <a href=\"https:\/\/thienxuantravel.com\/en\/tour\/happy-tet-tours\/\">Du xu\u00e2n \u0111\u00f3n T\u1ebft c\u00f9ng Thi\u00ean Xu\u00e2n Travel | Happy T\u1ebft Tours<\/a><\/p>","protected":false},"excerpt":{"rendered":"<p>Lunar New Year or T\u1ebft Nguy\u00ean \u0110\u00e1n, is Vietnam\u2019s most significant celebration. Across Vietnam, during this time families reunite and honour their ancestors, while praying for luck, prosperity and health in the New Year. The public holiday may only run for one week, but in reality, T\u1ebft celebrations last much longer. If you\u2019re visiting Vietnam [&hellip;]<\/p>","protected":false},"author":5,"featured_media":17056,"parent":0,"menu_order":0,"comment_status":"open","ping_status":"open","template":"","meta":[],"yoast_head":"<!-- This site is optimized with the Yoast SEO Premium plugin v20.8 (Yoast SEO v20.8) - https:\/\/yoast.com\/wordpress\/plugins\/seo\/ -->\n<title>Tet Holidays in Vietnam - Thi\u00ean Xu\u00e2n Travel<\/title>\n<meta name=\"description\" content=\"Lunar New Year or T\u1ebft Nguy\u00ean \u0110\u00e1n, is Vietnam\u2019s most significant celebration. Across Vietnam, during this time families reunite and honour their ancestors, while praying for luck, prosperity and health in the New Year.\" \/>\n<meta name=\"robots\" content=\"index, follow, max-snippet:-1, max-image-preview:large, max-video-preview:-1\" \/>\n<link rel=\"canonical\" href=\"https:\/\/thienxuantravel.com\/en\/tet-holidays-in-vietnam\/\" \/>\n<meta property=\"og:locale\" content=\"en_US\" \/>\n<meta property=\"og:type\" content=\"article\" \/>\n<meta property=\"og:title\" content=\"Tet Holidays in Vietnam\" \/>\n<meta property=\"og:description\" content=\"Lunar New Year or T\u1ebft Nguy\u00ean \u0110\u00e1n, is Vietnam\u2019s most significant celebration. Across Vietnam, during this time families reunite and honour their ancestors, while praying for luck, prosperity and health in the New Year.\" \/>\n<meta property=\"og:url\" content=\"https:\/\/thienxuantravel.com\/en\/tet-holidays-in-vietnam\/\" \/>\n<meta property=\"og:site_name\" content=\"Thi\u00ean Xu\u00e2n Travel\" \/>\n<meta property=\"article:publisher\" content=\"https:\/\/www.facebook.com\/thienxuantravel\" \/>\n<meta property=\"article:modified_time\" content=\"2023-12-15T07:10:57+00:00\" \/>\n<meta property=\"og:image\" content=\"https:\/\/thienxuantravel.com\/wp-content\/uploads\/2023\/11\/Tet-Flowers-Photo-by-Quang-Nguyen-Vinh-on-Pexels-scaled.jpg\" \/>\n\t<meta property=\"og:image:width\" content=\"2560\" \/>\n\t<meta property=\"og:image:height\" content=\"1707\" \/>\n\t<meta property=\"og:image:type\" content=\"image\/jpeg\" \/>\n<meta name=\"twitter:card\" content=\"summary_large_image\" \/>\n<meta name=\"twitter:title\" content=\"Tet Holidays in Vietnam\" \/>\n<meta name=\"twitter:description\" content=\"Lunar New Year or T\u1ebft Nguy\u00ean \u0110\u00e1n, is Vietnam\u2019s most significant celebration. Across Vietnam, during this time families reunite and honour their ancestors, while praying for luck, prosperity and health in the New Year.\" \/>\n<meta name=\"twitter:label1\" content=\"Est. reading time\" \/>\n\t<meta name=\"twitter:data1\" content=\"9 minutes\" \/>\n<script type=\"application\/ld+json\" class=\"yoast-schema-graph\">{\"@context\":\"https:\/\/schema.org\",\"@graph\":[{\"@type\":\"WebPage\",\"@id\":\"https:\/\/thienxuantravel.com\/tet-holidays-in-vietnam\/\",\"url\":\"https:\/\/thienxuantravel.com\/tet-holidays-in-vietnam\/\",\"name\":\"Tet Holidays in Vietnam - Thi\u00ean Xu\u00e2n Travel\",\"isPartOf\":{\"@id\":\"https:\/\/thienxuantravel.com\/#website\"},\"datePublished\":\"2023-11-10T09:00:16+00:00\",\"dateModified\":\"2023-12-15T07:10:57+00:00\",\"description\":\"Lunar New Year or T\u1ebft Nguy\u00ean \u0110\u00e1n, is Vietnam\u2019s most significant celebration. Across Vietnam, during this time families reunite and honour their ancestors, while praying for luck, prosperity and health in the New Year.\",\"breadcrumb\":{\"@id\":\"https:\/\/thienxuantravel.com\/tet-holidays-in-vietnam\/#breadcrumb\"},\"inLanguage\":\"en-US\",\"potentialAction\":[{\"@type\":\"ReadAction\",\"target\":[\"https:\/\/thienxuantravel.com\/tet-holidays-in-vietnam\/\"]}]},{\"@type\":\"BreadcrumbList\",\"@id\":\"https:\/\/thienxuantravel.com\/tet-holidays-in-vietnam\/#breadcrumb\",\"itemListElement\":[{\"@type\":\"ListItem\",\"position\":1,\"name\":\"Home\",\"item\":\"https:\/\/thienxuantravel.com\/\"},{\"@type\":\"ListItem\",\"position\":2,\"name\":\"Tet Holidays in Vietnam\"}]},{\"@type\":\"WebSite\",\"@id\":\"https:\/\/thienxuantravel.com\/#website\",\"url\":\"https:\/\/thienxuantravel.com\/\",\"name\":\"Thi\u00ean Xu\u00e2n Travel\",\"description\":\"\",\"publisher\":{\"@id\":\"https:\/\/thienxuantravel.com\/#organization\"},\"potentialAction\":[{\"@type\":\"SearchAction\",\"target\":{\"@type\":\"EntryPoint\",\"urlTemplate\":\"https:\/\/thienxuantravel.com\/?s={search_term_string}\"},\"query-input\":\"required name=search_term_string\"}],\"inLanguage\":\"en-US\"},{\"@type\":\"Organization\",\"@id\":\"https:\/\/thienxuantravel.com\/#organization\",\"name\":\"Thi\u00ean Xu\u00e2n Travel\",\"url\":\"https:\/\/thienxuantravel.com\/\",\"logo\":{\"@type\":\"ImageObject\",\"inLanguage\":\"en-US\",\"@id\":\"https:\/\/thienxuantravel.com\/#\/schema\/logo\/image\/\",\"url\":\"https:\/\/thienxuantravel.com\/wp-content\/uploads\/2023\/03\/thienxuan_logo.png\",\"contentUrl\":\"https:\/\/thienxuantravel.com\/wp-content\/uploads\/2023\/03\/thienxuan_logo.png\",\"width\":500,\"height\":226,\"caption\":\"Thi\u00ean Xu\u00e2n Travel\"},\"image\":{\"@id\":\"https:\/\/thienxuantravel.com\/#\/schema\/logo\/image\/\"},\"sameAs\":[\"https:\/\/www.facebook.com\/thienxuantravel\"]}]}<\/script>\n<!-- \/ Yoast SEO Premium plugin. -->","yoast_head_json":{"title":"Tet Holidays in Vietnam - Thi\u00ean Xu\u00e2n Travel","description":"Lunar New Year or T\u1ebft Nguy\u00ean \u0110\u00e1n, is Vietnam\u2019s most significant celebration. Across Vietnam, during this time families reunite and honour their ancestors, while praying for luck, prosperity and health in the New Year.","robots":{"index":"index","follow":"follow","max-snippet":"max-snippet:-1","max-image-preview":"max-image-preview:large","max-video-preview":"max-video-preview:-1"},"canonical":"https:\/\/thienxuantravel.com\/en\/tet-holidays-in-vietnam\/","og_locale":"en_US","og_type":"article","og_title":"Tet Holidays in Vietnam","og_description":"Lunar New Year or T\u1ebft Nguy\u00ean \u0110\u00e1n, is Vietnam\u2019s most significant celebration. Across Vietnam, during this time families reunite and honour their ancestors, while praying for luck, prosperity and health in the New Year.","og_url":"https:\/\/thienxuantravel.com\/en\/tet-holidays-in-vietnam\/","og_site_name":"Thi\u00ean Xu\u00e2n Travel","article_publisher":"https:\/\/www.facebook.com\/thienxuantravel","article_modified_time":"2023-12-15T07:10:57+00:00","og_image":[{"width":2560,"height":1707,"url":"https:\/\/thienxuantravel.com\/wp-content\/uploads\/2023\/11\/Tet-Flowers-Photo-by-Quang-Nguyen-Vinh-on-Pexels-scaled.jpg","type":"image\/jpeg"}],"twitter_card":"summary_large_image","twitter_title":"Tet Holidays in Vietnam","twitter_description":"Lunar New Year or T\u1ebft Nguy\u00ean \u0110\u00e1n, is Vietnam\u2019s most significant celebration. Across Vietnam, during this time families reunite and honour their ancestors, while praying for luck, prosperity and health in the New Year.","twitter_misc":{"Est. reading time":"9 minutes"},"schema":{"@context":"https:\/\/schema.org","@graph":[{"@type":"WebPage","@id":"https:\/\/thienxuantravel.com\/tet-holidays-in-vietnam\/","url":"https:\/\/thienxuantravel.com\/tet-holidays-in-vietnam\/","name":"Tet Holidays in Vietnam - Thi\u00ean Xu\u00e2n Travel","isPartOf":{"@id":"https:\/\/thienxuantravel.com\/#website"},"datePublished":"2023-11-10T09:00:16+00:00","dateModified":"2023-12-15T07:10:57+00:00","description":"Lunar New Year or T\u1ebft Nguy\u00ean \u0110\u00e1n, is Vietnam\u2019s most significant celebration. Across Vietnam, during this time families reunite and honour their ancestors, while praying for luck, prosperity and health in the New Year.","breadcrumb":{"@id":"https:\/\/thienxuantravel.com\/tet-holidays-in-vietnam\/#breadcrumb"},"inLanguage":"en-US","potentialAction":[{"@type":"ReadAction","target":["https:\/\/thienxuantravel.com\/tet-holidays-in-vietnam\/"]}]},{"@type":"BreadcrumbList","@id":"https:\/\/thienxuantravel.com\/tet-holidays-in-vietnam\/#breadcrumb","itemListElement":[{"@type":"ListItem","position":1,"name":"Home","item":"https:\/\/thienxuantravel.com\/"},{"@type":"ListItem","position":2,"name":"Tet Holidays in Vietnam"}]},{"@type":"WebSite","@id":"https:\/\/thienxuantravel.com\/#website","url":"https:\/\/thienxuantravel.com\/","name":"Thi\u00ean Xu\u00e2n Travel","description":"","publisher":{"@id":"https:\/\/thienxuantravel.com\/#organization"},"potentialAction":[{"@type":"SearchAction","target":{"@type":"EntryPoint","urlTemplate":"https:\/\/thienxuantravel.com\/?s={search_term_string}"},"query-input":"required name=search_term_string"}],"inLanguage":"en-US"},{"@type":"Organization","@id":"https:\/\/thienxuantravel.com\/#organization","name":"Thi\u00ean Xu\u00e2n Travel","url":"https:\/\/thienxuantravel.com\/","logo":{"@type":"ImageObject","inLanguage":"en-US","@id":"https:\/\/thienxuantravel.com\/#\/schema\/logo\/image\/","url":"https:\/\/thienxuantravel.com\/wp-content\/uploads\/2023\/03\/thienxuan_logo.png","contentUrl":"https:\/\/thienxuantravel.com\/wp-content\/uploads\/2023\/03\/thienxuan_logo.png","width":500,"height":226,"caption":"Thi\u00ean Xu\u00e2n Travel"},"image":{"@id":"https:\/\/thienxuantravel.com\/#\/schema\/logo\/image\/"},"sameAs":["https:\/\/www.facebook.com\/thienxuantravel"]}]}},"_links":{"self":[{"href":"https:\/\/thienxuantravel.com\/en\/wp-json\/wp\/v2\/pages\/17055"}],"collection":[{"href":"https:\/\/thienxuantravel.com\/en\/wp-json\/wp\/v2\/pages"}],"about":[{"href":"https:\/\/thienxuantravel.com\/en\/wp-json\/wp\/v2\/types\/page"}],"author":[{"embeddable":true,"href":"https:\/\/thienxuantravel.com\/en\/wp-json\/wp\/v2\/users\/5"}],"replies":[{"embeddable":true,"href":"https:\/\/thienxuantravel.com\/en\/wp-json\/wp\/v2\/comments?post=17055"}],"version-history":[{"count":7,"href":"https:\/\/thienxuantravel.com\/en\/wp-json\/wp\/v2\/pages\/17055\/revisions"}],"predecessor-version":[{"id":17691,"href":"https:\/\/thienxuantravel.com\/en\/wp-json\/wp\/v2\/pages\/17055\/revisions\/17691"}],"wp:featuredmedia":[{"embeddable":true,"href":"https:\/\/thienxuantravel.com\/en\/wp-json\/wp\/v2\/media\/17056"}],"wp:attachment":[{"href":"https:\/\/thienxuantravel.com\/en\/wp-json\/wp\/v2\/media?parent=17055"}],"curies":[{"name":"wp","href":"https:\/\/api.w.org\/{rel}","templated":true}]}}