{"id":17345,"date":"2023-11-24T08:19:09","date_gmt":"2023-11-24T08:19:09","guid":{"rendered":"https:\/\/thienxuantravel.com\/?page_id=17345"},"modified":"2023-11-24T11:23:09","modified_gmt":"2023-11-24T11:23:09","slug":"pho","status":"publish","type":"page","link":"https:\/\/thienxuantravel.com\/en\/pho\/","title":{"rendered":"Ph\u1edf"},"content":{"rendered":"<h1 id=\"h-ph\u1edf-vietnam-s-national-dish\">Ph\u1edf \u2013 Vietnam&#8217;s National Dish<\/h1>\n\n\n\n<p><em>Source: Taste Atlas<\/em><\/p>\n\n\n\n<p>Pho is a Vietnamese noodle soup, Vietnam&#8217;s national dish, street food, comfort food, and a way of life. It is also one of the most&nbsp;beloved&nbsp;Vietnamese dishes in the western hemisphere due to its complex, unique flavors, and elegant simplicity.<\/p>\n\n\n\n<p>Although it is classified as a soup, pho is served as the main course and the two bowls of it never taste the same. It is traditionally made with chicken or beef broth, where the bones simmer lazily for at least three hours until the broth is perfect.<\/p>\n\n\n\n<figure class=\"wp-block-image size-large\"><img decoding=\"async\" src=\"https:\/\/thienxuantravel.com\/wp-content\/uploads\/2023\/11\/Image-by-Trang-Pham-from-Pixabay-1-1024x706.jpg\" alt=\"\" class=\"wp-image-17380\"\/><figcaption class=\"wp-element-caption\">Image by Trang Pham from Pixabay<\/figcaption><\/figure>\n\n\n\n<p>The addition of herbs and spices accentuates the flavors, and the chewy rice noodles, juicy beef slices, and crunchy sprouts elevate the dish to another level. There are two main types of Pho in Vietnam &#8211; one is <em>Pho Bac<\/em>, made in the northern parts of the country, with a clear, simple, delicate flavor and spices, without the herbs and garnishes found in <em>Pho Nam<\/em>, which is made in the southern parts of the country, with added spices, bean sprouts, various toppings, fish, and hoisin sauce.<\/p>\n\n\n\n<p>It is believed that pho derived from the French <em>pot au feu<\/em>, but&nbsp;regardless of the legend&#8217;s truthfulness, pho still remains a staple of comfort food &#8211; warm, hearty, and delicious.<\/p>\n\n\n\n<figure class=\"wp-block-image size-large\"><img decoding=\"async\" src=\"https:\/\/thienxuantravel.com\/wp-content\/uploads\/2023\/11\/e268f5a51186447184d3e82a717a322d-1024x446.jpg\" alt=\"\" class=\"wp-image-17347\"\/><figcaption class=\"wp-element-caption\">Ph\u1edf | Vietnamese noodle soup | ShutterStock<\/figcaption><\/figure>\n\n\n\n<h2 id=\"h-types-of-ph\u1edf\">Types of Ph\u1edf:<\/h2>\n\n\n\n<ol>\n<li>Beef Pho (Ph\u1edf b\u00f2)<\/li>\n\n\n\n<li>Chicken Pho (Ph\u1edf g\u00e0)<\/li>\n\n\n\n<li>Stir-Fried Pho (Ph\u1edf x\u00e0o)<\/li>\n\n\n\n<li>Mixed Pho (Ph\u1edf tr\u1ed9n)<\/li>\n\n\n\n<li>Pho Rolls (Ph\u1edf cu\u1ed1n)<\/li>\n\n\n\n<li>Vegan Pho (Ph\u1edf chay)<\/li>\n\n\n\n<li>Sour Pho (Ph\u1edf chua)<\/li>\n\n\n\n<li>Seafood Pho (Ph\u1edf h\u1ea3i s\u1ea3n)<\/li>\n<\/ol>\n\n\n\n<h2 id=\"h-where-to-eat-the-best-pho-in-the-world-nh\u1eefng-ti\u1ec7m-ph\u1edf-ngon-nh\u1ea5t-hanh-tinh\">WHERE TO EAT the best Pho in the world ::: Nh\u1eefng ti\u1ec7m Ph\u1edf ngon nh\u1ea5t h\u00e0nh tinh<\/h2>\n\n\n\n<figure class=\"wp-block-image size-large\"><img decoding=\"async\" src=\"https:\/\/thienxuantravel.com\/wp-content\/uploads\/2023\/11\/Pho-Quynh-by-TasteAtlas-1024x538.jpg\" alt=\"\" class=\"wp-image-17373\"\/><figcaption class=\"wp-element-caption\"><a href=\"https:\/\/www.tasteatlas.com\/pho-quynh\" target=\"_blank\" rel=\"noreferrer noopener\">Pho Quynh | TasteAtlas | Recommended authentic restaurants<\/a><\/figcaption><\/figure>\n\n\n\n<h2 id=\"h-ph\u1edf-qu\u1ef3nh\">Ph\u1edf Qu\u1ef3nh<\/h2>\n\n\n\n<p><em>323 Ph\u1ea1m Ng\u0169 L\u00e3o, Ho Chi Minh City,&nbsp;Vietnam<\/em><\/p>\n\n\n\n<p>The beef slices are tender on each bite and the soft gelatinous tendons simply melt in the mouth.<\/p>\n\n\n\n<figure class=\"wp-block-image size-large\"><img decoding=\"async\" src=\"https:\/\/thienxuantravel.com\/wp-content\/uploads\/2023\/11\/Pho-10-Ly-Quoc-Su-1024x608.jpg\" alt=\"\" class=\"wp-image-17374\"\/><figcaption class=\"wp-element-caption\"><a href=\"https:\/\/cavinteo.blogspot.com\/2023\/06\/pho-10-ly-quoc-su-special-beef-bowl-hanoi.html\" target=\"_blank\" rel=\"noreferrer noopener\">Entree Kibbles: Pho 10 Ly Quoc Su<\/a><\/figcaption><\/figure>\n\n\n\n<h2 id=\"h-ph\u1edf-10\">Ph\u1edf 10<\/h2>\n\n\n\n<p><em>10 L\u00fd Qu\u1ed1c S\u01b0, Hanoi,&nbsp;Vietnam<\/em><\/p>\n\n\n\n<p>Aside from an incredible stock from one of the bubbling pots and some shavings of beef flank, it was the goldmine of giblets that made this pho the hero for me on that particular morning. Chewy, soft, gristly, a variety of textures. Breakfast of champions.<\/p>\n\n\n\n<figure class=\"wp-block-image size-full\"><img decoding=\"async\" loading=\"lazy\" width=\"962\" height=\"575\" src=\"https:\/\/thienxuantravel.com\/wp-content\/uploads\/2023\/11\/Pho-bat-dan-pho-gia-truyen-100-nam-tuoi-tai-ha-noi-02-1639325605.jpg\" alt=\"\" class=\"wp-image-17376\"\/><figcaption class=\"wp-element-caption\">Ph\u1edf B\u00e1t \u0110\u00e0n H\u00e0 N\u1ed9i, a century of gastronomic discovery<\/figcaption><\/figure>\n\n\n\n<h2 id=\"h-ph\u1edf-gia-truy\u1ec1n-bat-dan\">Ph\u1edf Gia Truy\u1ec1n B\u00e1t \u0110\u00e0n<\/h2>\n\n\n\n<p><em>49 B\u00e1t \u0110\u00e0n, Hanoi,&nbsp;Vietnam<\/em><\/p>\n\n\n\n<p>This is in my opinion: the best Pho I\u2019ve tasted in Vietnam. The soup has just the right amount of sweetness and the beef slices are tender and delicious<\/p>\n\n\n\n<h2 id=\"h-ph\u1edf-hoa-pasteur\">Ph\u1edf H\u00f2a Pasteur<\/h2>\n\n\n\n<p><em>260C Pasteur Street, Ho Chi Minh City,&nbsp;Vietnam<\/em><\/p>\n\n\n\n<p>This popular restaurant has been serving delicious ph\u1edf to the locals since it opened in 1968. The food is appropriately affordable and their delicious hallmark broth is a masterclass of balanced flavours.<\/p>\n\n\n\n<figure class=\"wp-block-image size-large\"><img decoding=\"async\" src=\"https:\/\/thienxuantravel.com\/wp-content\/uploads\/2023\/11\/pho-thin-46-651-1024x683.jpg\" alt=\"\" class=\"wp-image-17370\"\/><figcaption class=\"wp-element-caption\">Mr. Nguy\u1ec5n Tr\u1ecdng Th\u00ecn, founder of Ph\u1edf Th\u00ecn 13 L\u00f2 \u0110\u00fac<\/figcaption><\/figure>\n\n\n\n<h2 id=\"h-ph\u1edf-thin\">Ph\u1edf Th\u00ecn<\/h2>\n\n\n\n<p><em>13 L\u00f2 \u0110\u00fac, Hanoi,&nbsp;Vietnam<\/em><\/p>\n\n\n\n<p>Negotiate your way to the rear of this narrow, rustic establishment and sit down to some excellent pho bo (beef noodle soup). A classic Hanoi experience that hasn&#8217;t changed in decades<\/p>\n\n\n\n<figure class=\"wp-block-image size-large\"><img decoding=\"async\" src=\"https:\/\/thienxuantravel.com\/wp-content\/uploads\/2023\/11\/Long-Phung-Vietnamese-Restaurant-\u2013-A-little-piece-of-Saigon-in-Singapore-2023-1024x410.jpg\" alt=\"\" class=\"wp-image-17368\"\/><figcaption class=\"wp-element-caption\"><a href=\"https:\/\/twiceasdelicious.com\/2012\/03\/02\/long-phung-vietnamese-restaurant-a-little-piece-of-saigon-in-singapore\/\" target=\"_blank\" rel=\"noreferrer noopener\">Long Phung Vietnamese Restaurant \u2013 A little piece of Saigon in Singapore<\/a><\/figcaption><\/figure>\n\n\n\n<h2 id=\"h-long-ph\u1ee5ng\">Long Ph\u1ee5ng<\/h2>\n\n\n\n<p><em>159 Joo Chiat Rd, Singapore<\/em><\/p>\n\n\n\n<p>Yellow plastic chairs, easy-wipe tables and staff shouting out orders: down-to-earth Long Phung serves up some of Singapore&#8217;s best Vietnamese food. The pho is simply gorgeous, its fragrant broth featuring just the right amount of sweetness.<\/p>\n\n\n\n<h2 id=\"h-ph\u1edf-s\u01b0\u01a1ng\">Ph\u1edf S\u01b0\u01a1ng<\/h2>\n\n\n\n<p><em>24B Ng\u00f5 Trung Y\u00ean, Hanoi,&nbsp;Vietnam<\/em><\/p>\n\n\n\n<p>The light and sweet broth is the highlight of Pho Suong, which is made from stewing beef bones and meat for hours. The beef is also on point, well done steak is not dry and manages to retain a certain level of moisture. Each piece of beef is carefully thin sliced, tender and meaty<\/p>\n\n\n\n<h2 id=\"h-ph\u1edf-l\u1ec7\">Ph\u1edf L\u1ec7<\/h2>\n\n\n\n<p><em>413 &#8211; 415 Nguy\u1ec5n Tr\u00e3i, District 5, Ho Chi Minh City,&nbsp;Vietnam<\/em><\/p>\n\n\n\n<p>Best Pho in Ho Chi Minh: Pho Le &#8211; The beef slices are tender while the broth is a little more on the sweeter side<\/p>\n\n\n\n<figure class=\"wp-block-image size-large\"><img decoding=\"async\" src=\"https:\/\/thienxuantravel.com\/wp-content\/uploads\/2023\/11\/pho14-beaubourg-paris-4-1024x768.jpg\" alt=\"\" class=\"wp-image-17362\"\/><figcaption class=\"wp-element-caption\">129 Avenue de Choisy, Paris,&nbsp;France | Ph\u1edf B\u00e1nh Cu\u1ed1n 14<\/figcaption><\/figure>\n\n\n\n<h2 id=\"h-ph\u1edf-banh-cu\u1ed1n-14\">Ph\u1edf B\u00e1nh Cu\u1ed1n 14<\/h2>\n\n\n\n<p><em>129 Avenue de Choisy, Paris,&nbsp;France<\/em><\/p>\n\n\n\n<p>Factor in a wait at this small, simple restaurant (also known as Pho 14) \u2013 it doesn\u2019t take bookings and is wildly popular with in-the-know locals for its authentic and astonishingly cheap pho; this steaming Vietnamese broth is richly flavoured with cinnamon and incorporates noodles and traditional beef or chicken.<\/p>\n\n\n\n<figure class=\"wp-block-image size-large\"><img decoding=\"async\" src=\"https:\/\/thienxuantravel.com\/wp-content\/uploads\/2023\/11\/Quan-An-Ngon-Restaurant-Hanoi-14-1024x647.jpg\" alt=\"\" class=\"wp-image-17363\"\/><figcaption class=\"wp-element-caption\">Qu\u00e1n \u0102n Ngon Restaurant | Facebook: @ngon.restaurants<\/figcaption><\/figure>\n\n\n\n<h2 id=\"h-quan-an-ngon-restaurant\">Qu\u00e1n \u0102n Ngon Restaurant<\/h2>\n\n\n\n<p><em>18 Phan B\u1ed9i Ch\u00e2u, Hanoi,&nbsp;Vietnam<\/em><\/p>\n\n\n\n<p>Spicy beef pho for eaters who are &#8216;a little bit more adventurous&#8217;. Fair warning: It does have a kick. A mound of bean sprouts, a wedge of lime and sliced jalapenos are served with every bowl.<\/p>\n\n\n\n<hr class=\"wp-block-separator has-alpha-channel-opacity\"\/>\n\n\n\n<p><strong>Thi\u00ean Xu\u00e2n Travel<\/strong><br>Park 2, 208 Nguyen Huu Canh Street, Ward 22,<br>Binh Thanh District, Ho Chi Minh City, Vietnam<br>\ud83d\udce8 booking@thienxuantravel.com<br>\u260e\ufe0f +84 888 890 898 \u2014 0938 558 228<\/p>\n\n\n\n<p><strong>Office in the United States<\/strong><br>14114 Beech Glen Dr, Houston, TX 77083<br>\u260e\ufe0f +1 (281) 906-2744<\/p>\n\n\n\n<figure class=\"wp-block-image size-large\"><img decoding=\"async\" src=\"https:\/\/thienxuantravel.com\/wp-content\/uploads\/2023\/11\/pho-1024x683.jpg\" alt=\"\" class=\"wp-image-17378\"\/><figcaption class=\"wp-element-caption\">Vietnamese Beef Noodle Soup<\/figcaption><\/figure>\n\n\n\n<figure class=\"wp-block-image size-large\"><img decoding=\"async\" src=\"https:\/\/thienxuantravel.com\/wp-content\/uploads\/2023\/11\/Image-by-Vu-Pham-Minh-from-Pixabay-1-1024x732.jpg\" alt=\"\" class=\"wp-image-17381\"\/><figcaption class=\"wp-element-caption\">Image by Vu Pham Minh from Pixabay<\/figcaption><\/figure>","protected":false},"excerpt":{"rendered":"<p>Ph\u1edf \u2013 Vietnam&#8217;s National Dish Source: Taste Atlas Pho is a Vietnamese noodle soup, Vietnam&#8217;s national dish, street food, comfort food, and a way of life. It is also one of the most&nbsp;beloved&nbsp;Vietnamese dishes in the western hemisphere due to its complex, unique flavors, and elegant simplicity. Although it is classified as a soup, pho [&hellip;]<\/p>","protected":false},"author":5,"featured_media":17354,"parent":0,"menu_order":0,"comment_status":"open","ping_status":"open","template":"","meta":[],"yoast_head":"<!-- This site is optimized with the Yoast SEO Premium plugin v20.8 (Yoast SEO v20.8) - https:\/\/yoast.com\/wordpress\/plugins\/seo\/ -->\n<title>Ph\u1edf - Thi\u00ean Xu\u00e2n Travel<\/title>\n<meta name=\"description\" content=\"Ph\u1edf | Pho is a Vietnamese noodle soup, Vietnam&#039;s national dish, street food, comfort food, and a way of life. It is also one of the most beloved Vietnamese dishes in the western hemisphere due to its complex, unique flavours, and elegant simplicity. (Taste Atlas)\" \/>\n<meta name=\"robots\" content=\"index, follow, max-snippet:-1, max-image-preview:large, max-video-preview:-1\" \/>\n<link rel=\"canonical\" href=\"https:\/\/thienxuantravel.com\/en\/pho\/\" \/>\n<meta property=\"og:locale\" content=\"en_US\" \/>\n<meta property=\"og:type\" content=\"article\" \/>\n<meta property=\"og:title\" content=\"Pho\" \/>\n<meta property=\"og:description\" content=\"Ph\u1edf | Pho is a Vietnamese noodle soup, Vietnam&#039;s national dish, street food, comfort food, and a way of life.\" \/>\n<meta property=\"og:url\" content=\"https:\/\/thienxuantravel.com\/en\/pho\/\" \/>\n<meta property=\"og:site_name\" content=\"Thi\u00ean Xu\u00e2n Travel\" \/>\n<meta property=\"article:publisher\" content=\"https:\/\/www.facebook.com\/thienxuantravel\" \/>\n<meta property=\"article:modified_time\" content=\"2023-11-24T11:23:09+00:00\" \/>\n<meta property=\"og:image\" content=\"https:\/\/thienxuantravel.com\/wp-content\/uploads\/2023\/11\/Pho-Stock-Photo-ID-1518572642-thienxuantravel.jpg\" \/>\n\t<meta property=\"og:image:width\" content=\"2368\" \/>\n\t<meta property=\"og:image:height\" content=\"1680\" \/>\n\t<meta property=\"og:image:type\" content=\"image\/jpeg\" \/>\n<meta name=\"twitter:card\" content=\"summary_large_image\" \/>\n<meta name=\"twitter:title\" content=\"Pho\" \/>\n<meta name=\"twitter:description\" content=\"Ph\u1edf | Pho is a Vietnamese noodle soup, Vietnam&#039;s national dish, street food, comfort food, and a way of life.\" \/>\n<meta name=\"twitter:label1\" content=\"Est. reading time\" \/>\n\t<meta name=\"twitter:data1\" content=\"6 minutes\" \/>\n<script type=\"application\/ld+json\" class=\"yoast-schema-graph\">{\"@context\":\"https:\/\/schema.org\",\"@graph\":[{\"@type\":\"WebPage\",\"@id\":\"https:\/\/thienxuantravel.com\/pho\/\",\"url\":\"https:\/\/thienxuantravel.com\/pho\/\",\"name\":\"Ph\u1edf - Thi\u00ean Xu\u00e2n Travel\",\"isPartOf\":{\"@id\":\"https:\/\/thienxuantravel.com\/#website\"},\"datePublished\":\"2023-11-24T08:19:09+00:00\",\"dateModified\":\"2023-11-24T11:23:09+00:00\",\"description\":\"Ph\u1edf | Pho is a Vietnamese noodle soup, Vietnam's national dish, street food, comfort food, and a way of life. It is also one of the most beloved Vietnamese dishes in the western hemisphere due to its complex, unique flavours, and elegant simplicity. (Taste Atlas)\",\"breadcrumb\":{\"@id\":\"https:\/\/thienxuantravel.com\/pho\/#breadcrumb\"},\"inLanguage\":\"en-US\",\"potentialAction\":[{\"@type\":\"ReadAction\",\"target\":[\"https:\/\/thienxuantravel.com\/pho\/\"]}]},{\"@type\":\"BreadcrumbList\",\"@id\":\"https:\/\/thienxuantravel.com\/pho\/#breadcrumb\",\"itemListElement\":[{\"@type\":\"ListItem\",\"position\":1,\"name\":\"Home\",\"item\":\"https:\/\/thienxuantravel.com\/\"},{\"@type\":\"ListItem\",\"position\":2,\"name\":\"Ph\u1edf\"}]},{\"@type\":\"WebSite\",\"@id\":\"https:\/\/thienxuantravel.com\/#website\",\"url\":\"https:\/\/thienxuantravel.com\/\",\"name\":\"Thi\u00ean Xu\u00e2n Travel\",\"description\":\"\",\"publisher\":{\"@id\":\"https:\/\/thienxuantravel.com\/#organization\"},\"potentialAction\":[{\"@type\":\"SearchAction\",\"target\":{\"@type\":\"EntryPoint\",\"urlTemplate\":\"https:\/\/thienxuantravel.com\/?s={search_term_string}\"},\"query-input\":\"required name=search_term_string\"}],\"inLanguage\":\"en-US\"},{\"@type\":\"Organization\",\"@id\":\"https:\/\/thienxuantravel.com\/#organization\",\"name\":\"Thi\u00ean Xu\u00e2n Travel\",\"url\":\"https:\/\/thienxuantravel.com\/\",\"logo\":{\"@type\":\"ImageObject\",\"inLanguage\":\"en-US\",\"@id\":\"https:\/\/thienxuantravel.com\/#\/schema\/logo\/image\/\",\"url\":\"https:\/\/thienxuantravel.com\/wp-content\/uploads\/2023\/03\/thienxuan_logo.png\",\"contentUrl\":\"https:\/\/thienxuantravel.com\/wp-content\/uploads\/2023\/03\/thienxuan_logo.png\",\"width\":500,\"height\":226,\"caption\":\"Thi\u00ean Xu\u00e2n Travel\"},\"image\":{\"@id\":\"https:\/\/thienxuantravel.com\/#\/schema\/logo\/image\/\"},\"sameAs\":[\"https:\/\/www.facebook.com\/thienxuantravel\"]}]}<\/script>\n<!-- \/ Yoast SEO Premium plugin. -->","yoast_head_json":{"title":"Ph\u1edf - Thi\u00ean Xu\u00e2n Travel","description":"Ph\u1edf | Pho is a Vietnamese noodle soup, Vietnam's national dish, street food, comfort food, and a way of life. It is also one of the most beloved Vietnamese dishes in the western hemisphere due to its complex, unique flavours, and elegant simplicity. (Taste Atlas)","robots":{"index":"index","follow":"follow","max-snippet":"max-snippet:-1","max-image-preview":"max-image-preview:large","max-video-preview":"max-video-preview:-1"},"canonical":"https:\/\/thienxuantravel.com\/en\/pho\/","og_locale":"en_US","og_type":"article","og_title":"Pho","og_description":"Ph\u1edf | Pho is a Vietnamese noodle soup, Vietnam's national dish, street food, comfort food, and a way of life.","og_url":"https:\/\/thienxuantravel.com\/en\/pho\/","og_site_name":"Thi\u00ean Xu\u00e2n Travel","article_publisher":"https:\/\/www.facebook.com\/thienxuantravel","article_modified_time":"2023-11-24T11:23:09+00:00","og_image":[{"width":2368,"height":1680,"url":"https:\/\/thienxuantravel.com\/wp-content\/uploads\/2023\/11\/Pho-Stock-Photo-ID-1518572642-thienxuantravel.jpg","type":"image\/jpeg"}],"twitter_card":"summary_large_image","twitter_title":"Pho","twitter_description":"Ph\u1edf | Pho is a Vietnamese noodle soup, Vietnam's national dish, street food, comfort food, and a way of life.","twitter_misc":{"Est. reading time":"6 minutes"},"schema":{"@context":"https:\/\/schema.org","@graph":[{"@type":"WebPage","@id":"https:\/\/thienxuantravel.com\/pho\/","url":"https:\/\/thienxuantravel.com\/pho\/","name":"Ph\u1edf - Thi\u00ean Xu\u00e2n Travel","isPartOf":{"@id":"https:\/\/thienxuantravel.com\/#website"},"datePublished":"2023-11-24T08:19:09+00:00","dateModified":"2023-11-24T11:23:09+00:00","description":"Ph\u1edf | Pho is a Vietnamese noodle soup, Vietnam's national dish, street food, comfort food, and a way of life. It is also one of the most beloved Vietnamese dishes in the western hemisphere due to its complex, unique flavours, and elegant simplicity. (Taste Atlas)","breadcrumb":{"@id":"https:\/\/thienxuantravel.com\/pho\/#breadcrumb"},"inLanguage":"en-US","potentialAction":[{"@type":"ReadAction","target":["https:\/\/thienxuantravel.com\/pho\/"]}]},{"@type":"BreadcrumbList","@id":"https:\/\/thienxuantravel.com\/pho\/#breadcrumb","itemListElement":[{"@type":"ListItem","position":1,"name":"Home","item":"https:\/\/thienxuantravel.com\/"},{"@type":"ListItem","position":2,"name":"Ph\u1edf"}]},{"@type":"WebSite","@id":"https:\/\/thienxuantravel.com\/#website","url":"https:\/\/thienxuantravel.com\/","name":"Thi\u00ean Xu\u00e2n Travel","description":"","publisher":{"@id":"https:\/\/thienxuantravel.com\/#organization"},"potentialAction":[{"@type":"SearchAction","target":{"@type":"EntryPoint","urlTemplate":"https:\/\/thienxuantravel.com\/?s={search_term_string}"},"query-input":"required name=search_term_string"}],"inLanguage":"en-US"},{"@type":"Organization","@id":"https:\/\/thienxuantravel.com\/#organization","name":"Thi\u00ean Xu\u00e2n Travel","url":"https:\/\/thienxuantravel.com\/","logo":{"@type":"ImageObject","inLanguage":"en-US","@id":"https:\/\/thienxuantravel.com\/#\/schema\/logo\/image\/","url":"https:\/\/thienxuantravel.com\/wp-content\/uploads\/2023\/03\/thienxuan_logo.png","contentUrl":"https:\/\/thienxuantravel.com\/wp-content\/uploads\/2023\/03\/thienxuan_logo.png","width":500,"height":226,"caption":"Thi\u00ean Xu\u00e2n Travel"},"image":{"@id":"https:\/\/thienxuantravel.com\/#\/schema\/logo\/image\/"},"sameAs":["https:\/\/www.facebook.com\/thienxuantravel"]}]}},"_links":{"self":[{"href":"https:\/\/thienxuantravel.com\/en\/wp-json\/wp\/v2\/pages\/17345"}],"collection":[{"href":"https:\/\/thienxuantravel.com\/en\/wp-json\/wp\/v2\/pages"}],"about":[{"href":"https:\/\/thienxuantravel.com\/en\/wp-json\/wp\/v2\/types\/page"}],"author":[{"embeddable":true,"href":"https:\/\/thienxuantravel.com\/en\/wp-json\/wp\/v2\/users\/5"}],"replies":[{"embeddable":true,"href":"https:\/\/thienxuantravel.com\/en\/wp-json\/wp\/v2\/comments?post=17345"}],"version-history":[{"count":12,"href":"https:\/\/thienxuantravel.com\/en\/wp-json\/wp\/v2\/pages\/17345\/revisions"}],"predecessor-version":[{"id":17382,"href":"https:\/\/thienxuantravel.com\/en\/wp-json\/wp\/v2\/pages\/17345\/revisions\/17382"}],"wp:featuredmedia":[{"embeddable":true,"href":"https:\/\/thienxuantravel.com\/en\/wp-json\/wp\/v2\/media\/17354"}],"wp:attachment":[{"href":"https:\/\/thienxuantravel.com\/en\/wp-json\/wp\/v2\/media?parent=17345"}],"curies":[{"name":"wp","href":"https:\/\/api.w.org\/{rel}","templated":true}]}}