{"id":17666,"date":"2023-12-14T06:46:38","date_gmt":"2023-12-14T06:46:38","guid":{"rendered":"https:\/\/thienxuantravel.com\/?page_id=17666"},"modified":"2024-01-25T10:49:39","modified_gmt":"2024-01-25T10:49:39","slug":"hoa-tet-mien-tay","status":"publish","type":"page","link":"https:\/\/thienxuantravel.com\/en\/hoa-tet-mien-tay\/","title":{"rendered":"Sa Dec Flower Village"},"content":{"rendered":"<h1 id=\"h-hoa-t\u1ebft-mi\u1ec1n-tay\">Sa Dec Flower Village<\/h1>\n\n\n\n<p class=\"has-small-font-size\"><em>Sourced and photo by: Th\u1ed5 \u0110\u1ecba \u0110\u1ed3ng Th\u00e1p, VnExpress, T\u1ea1p ch\u00ed \u0111i\u1ec7n t\u1eed Nhi\u1ebfp \u1ea3nh v\u00e0 \u0110\u1eddi s\u1ed1ng, K\u00eanh 14, B\u00e1o Thanh Ni\u00ean, Vietnam Government Portal<\/em><\/p>\n\n\n\n<p>Join Thien Xuan Travel to Mekong Delta, just one month before T\u1ebft \u2014 to visit the flower villages of Sa Dec, Dong Thap; Cai Mon, Ben Tre; Tan My Chanh, My Tho, Tien Giang; before the flowers are harvested and transported to big cities to celebrate Tet Festivals.<\/p>\n\n\n\n<figure class=\"wp-block-image size-large\"><img decoding=\"async\" src=\"https:\/\/thienxuantravel.com\/wp-content\/uploads\/2023\/12\/Lang-hoa-Cai-Mon-Kenh-14-Photo-Hoang-Anh1.jpg\" alt=\"\"\/><figcaption class=\"wp-element-caption\">L\u00e0ng hoa C\u00e1i M\u01a1n | K\u00eanh 14, Photo Ho\u00e0ng Anh<\/figcaption><\/figure>\n\n\n\n<h2 id=\"h-lang-hoa-sa-dec\">Sa Dec Flower Village<\/h2>\n\n\n\n<p>VGP | Ha Thanh \u2014 Sa Dec Flower Village in Dong Thap Province has been well-known for a long time as the flower capital of the Mekong Delta and one of the country's largest suppliers of flowers for cities and provinces nationwide and even abroad.<\/p>\n\n\n\n<figure class=\"wp-block-image size-large\"><img decoding=\"async\" src=\"https:\/\/thienxuantravel.com\/wp-content\/uploads\/2023\/12\/Lang-hoa-Tan-Quy-Dong-Sa-Dec-Dong-Thap-Photo-Bui-Van-Hai-2.jpg\" alt=\"\"\/><figcaption class=\"wp-element-caption\">L\u00e0ng hoa T\u00e2n Quy \u0110\u00f4ng, Sa \u0110\u00e9c, \u0110\u1ed3ng Th\u00e1p, Photo B\u00f9i V\u0103n H\u1ea3i<\/figcaption><\/figure>\n\n\n\n<figure class=\"wp-block-image size-large\"><img decoding=\"async\" src=\"https:\/\/thienxuantravel.com\/wp-content\/uploads\/2023\/12\/lang-hoa-sa-dec-2.jpg\" alt=\"\"\/><figcaption class=\"wp-element-caption\">L\u00e0ng hoa T\u00e2n Quy \u0110\u00f4ng, Sa \u0110\u00e9c, \u0110\u1ed3ng Th\u00e1p | Th\u1ed5 \u0111\u1ecba \u0110\u1ed3ng Th\u00e1p<\/figcaption><\/figure>\n\n\n\n<p>Located in Tan Quy Dong Commune, about 3km from Sa Dec City centre and around 150km southwest of HCM City, the 100-year-old village, has become a tourist hotspot welcoming thousands of visitors before and during Tet \u2014 Lunar New Year Festival. The last month of the Lunar calendar is the time when flowers in Sa Dec are in full bloom. At this time, the village is the most beautiful and vibrant because it's in the main harvest season of the year.<\/p>\n\n\n\n<figure class=\"wp-block-image size-large\"><img decoding=\"async\" src=\"https:\/\/thienxuantravel.com\/wp-content\/uploads\/2023\/12\/Lang-hoa-Tan-Quy-Dong-Sa-Dec-Dong-Thap-Photo-Bui-Van-Hai-1.jpg\" alt=\"\"\/><figcaption class=\"wp-element-caption\">L\u00e0ng hoa T\u00e2n Quy \u0110\u00f4ng, Sa \u0110\u00e9c, \u0110\u1ed3ng Th\u00e1p, Photo B\u00f9i V\u0103n H\u1ea3i<\/figcaption><\/figure>\n\n\n\n<p>Sa Dec is home to more than 2,000 households mainly earn a living by growing flowers and ornamental trees for sale. Hundreds beautiful flowers and strange herbs such as daisy, orchid, marigold and 50 kinds of roes can be found in the village which is situated by the bank of annually windy Tien River of fertility and sun.<\/p>\n\n\n\n<figure class=\"wp-block-image size-large\"><img decoding=\"async\" src=\"https:\/\/thienxuantravel.com\/wp-content\/uploads\/2023\/12\/nhiepanhdoisong.vn-Tap-chi-dien-tu-Nhiep-anh-va-Doi-song-2.jpg\" alt=\"\"\/><figcaption class=\"wp-element-caption\">nhiepanhdoisong.vn T\u1ea1p ch\u00ed \u0111i\u1ec7n t\u1eed Nhi\u1ebfp \u1ea3nh v\u00e0 \u0110\u1eddi s\u1ed1ng<\/figcaption><\/figure>\n\n\n\n<p>These flowers will be used as offerings to deities and ancestors to pray for luck; and also to decorate homes during the Tet. A unique feature of Sa Dec is that villagers grow flowers all year round on shelves built above water. Farmers, therefore, have to wear boots or use boats when they take care or harvest the plants. It is to save cost because most of the arable land has been appropriated from rice farming land located in low lying terrain, which is easily flooded.<\/p>\n\n\n\n<figure class=\"wp-block-image size-large\"><img decoding=\"async\" src=\"https:\/\/thienxuantravel.com\/wp-content\/uploads\/2023\/12\/nhiepanhdoisong.vn-Tap-chi-dien-tu-Nhiep-anh-va-Doi-song-3.jpg\" alt=\"\"\/><figcaption class=\"wp-element-caption\">Photo by nhiepanhdoisong.vn T\u1ea1p ch\u00ed \u0111i\u1ec7n t\u1eed Nhi\u1ebfp \u1ea3nh v\u00e0 \u0110\u1eddi s\u1ed1ng<\/figcaption><\/figure>\n\n\n\n<h1 id=\"h-lang-hoa-tan-m\u1ef9-chanh\">Good time to photo: at 3:00pm when people watering the flowers!<\/h1>\n\n\n\n<p>There are also bonsai and ornamental plants of hundreds of years old in Sa Dec. They are normal trees which can be seen every corner in the streets like tamarind, areca, fig, ochna and more. Local talented artisans and horticulturists with their skillful hands have converted them into priceless bonsai with beautiful, sophisticated and unique designs and forms.<\/p>\n\n\n\n<p>These artistic works not only give colours and aroma, but also are used to decorate interior, to make landscape of parks, offices, constructions, and apartments. Recently, Sa Dec villagers have developed their traditional craft village to promote tourism. Each year about one million visitors are estimated to come to the village, especially in Tet.<\/p>\n\n\n\n<figure class=\"wp-block-image size-large\"><img decoding=\"async\" src=\"https:\/\/thienxuantravel.com\/wp-content\/uploads\/2023\/12\/Lang-hoa-Cai-Mon-Bao-Thanh-Nien.jpg\" alt=\"\"\/><figcaption class=\"wp-element-caption\">L\u00e0ng hoa C\u00e1i M\u01a1n, B\u00e1o Thanh Ni\u00ean<\/figcaption><\/figure>\n\n\n\n<h1 id=\"h-lang-hoa-cai-m\u01a1n\">Touches<\/h1>\n\n\n\n<p>Many flower gardens have invested in more elaborate decorations to attract tourists. Some households have turned their flower gardens into homestays and cafes to serve demands of people who flock here to purchase flowers, relax and enjoy beautiful and greenery environment. They can embrace the flowers and take photos at any corners, next to special flower settings in the shape of a heart, a bird, or the globe and the eye-catching charm of its sampans, pedicabs, bridges, and thatched huts filled with flowers. <\/p>\n\n\n\n<p>One month prior to Tet is the best time for contemplating flowers in Sa Dec which is also full of visitors during Tet holiday. Besides, while contemplating at any moment a forest of flowers, tourists will have a chance to understand the daily life of the farmers, who will explain to you their unique cultivation method, and join in some of activities to take care and pack flowers for sale.<\/p>\n\n\n\n<figure class=\"wp-block-image size-large\"><img decoding=\"async\" src=\"https:\/\/thienxuantravel.com\/wp-content\/uploads\/2023\/12\/Lang-hoa-Cai-Mon-Photo-Nguyen-Ngoc-Truong-2.jpg\" alt=\"\"\/><figcaption class=\"wp-element-caption\">L\u00e0ng hoa C\u00e1i M\u01a1n, Photo Nguy\u1ec5n Ng\u1ecdc Tr\u01b0\u1eddng<\/figcaption><\/figure>\n\n\n\n<figure class=\"wp-block-image size-large\"><img decoding=\"async\" src=\"https:\/\/thienxuantravel.com\/wp-content\/uploads\/2023\/12\/nhiepanhdoisong-dot-vn-Tap-chi-dien-tu-Nhiep-anh-va-Doi-song-1.jpg\" alt=\"\"\/><figcaption class=\"wp-element-caption\">Apart from blossom gardens, Sa Dec will treat visitors with its noodle which is famous all over the southern region. The dish is served in many eateries on the bank of Sa Dec River. Other must-try dishes are crab hotpot; grilled snakehead fish wrapped in young lotus leaves and steamed rice with lotus seeds. There are also specialties as gifts including Lai Vung tangerine, pink lotus wine, Chau Thanh longan, Sa Giang shrimp crackers and Lai Vung fermented pork rolls.<\/figcaption><\/figure>\n\n\n\n<figure class=\"wp-block-image size-large\"><img decoding=\"async\" src=\"https:\/\/thienxuantravel.com\/wp-content\/uploads\/2023\/12\/Nha-co-Huynh-Thuy-Le_1.jpg\" alt=\"\"\/><figcaption class=\"wp-element-caption\">The Huynh Thuy Le ancient house, built 1895, on Nguyen Hue road, Sa Dec town was recognised as a national relic site, famed for its unique mixture of East-West architecture. The house was the setting of a passionate love affair between its owner Huynh Thuy Le and Marguerite Dura, a well-known French writer with the famous novel L\u2019Amant, The Lover.<\/figcaption><\/figure>\n\n\n\n<p><strong>Thi\u00ean Xu\u00e2n Travel<\/strong><br>Park 2, 208 Nguyen Huu Canh Street, Ward 22,<br>Binh Thanh District, Ho Chi Minh City, Vietnam<br>\ud83d\udce8 booking@thienxuantravel.com<br>\u260e\ufe0f +84 888 890 898 \u2014 0938 558 228<\/p>\n\n\n\n<p>Office in the United States<br>14114 Beech Glen Dr, Houston, TX 77083<br>\u260e\ufe0f +1 (281) 906-2744<\/p>\n\n\n\n<p>Read more: <strong><a href=\"https:\/\/thienxuantravel.com\/en\/tet-nguyen-dan\/\">Tet: Lunar New Year<\/a><\/strong><\/p>\n\n\n\n<p><em>Sa \u0110\u00e9c ph\u1ed1i h\u1ee3p v\u1edbi Trung t\u00e2m x\u00fac ti\u1ebfn th\u01b0\u01a1ng m\u1ea1i, du l\u1ecbch v\u00e0 \u0111\u1ea7u t\u01b0 t\u1ec9nh \u0110\u1ed3ng Th\u00e1p ra m\u1eaft c\u00e1c ch\u01b0\u01a1ng tr\u00ecnh tour du l\u1ecbch m\u1edbi. L\u1ecbch tr\u00ecnh d\u00e0i hai ng\u00e0y m\u1ed9t \u0111\u00eam, k\u1ebft h\u1ee3p tham quan v\u01b0\u1eddn hoa Sa \u0110\u00e9c v\u00e0 c\u00e1c \u0111i\u1ec3m \u0111\u1ebfn n\u1ed5i ti\u1ebfng mi\u1ec1n T\u00e2y nh\u01b0 nh\u00e0 c\u1ed5 Hu\u1ef3nh Th\u1ee7y L\u00ea, di t\u00edch X\u1ebbo Qu\u00fdt, ch\u00f9a Ki\u1ebfn An Cung, ch\u1ee3 chi\u1ebfu \u0110\u1ecbnh Y\u00ean.<\/em><\/p>","protected":false},"excerpt":{"rendered":"<p>Hoa T\u1ebft mi\u1ec1n T\u00e2y Th\u00f4ng tin v\u00e0 h\u00ecnh \u1ea3nh t\u1eeb c\u00e1c ngu\u1ed3n: Th\u1ed5 \u0110\u1ecba \u0110\u1ed3ng Th\u00e1p, VnExpress, T\u1ea1p ch\u00ed \u0111i\u1ec7n t\u1eed Nhi\u1ebfp \u1ea3nh v\u00e0 \u0110\u1eddi s\u1ed1ng, K\u00eanh 14, B\u00e1o Thanh Ni\u00ean, Viet Nam Government Portal C\u00f9ng Thi\u00ean Xu\u00e2n Travel v\u1ec1 mi\u1ec1n T\u00e2y gh\u00e9 th\u0103m c\u00e1c l\u00e0ng hoa Sa \u0110\u00e9c, C\u00e1i M\u01a1n, T\u00e2n M\u1ef9 Ch\u00e1nh nh\u1eefng [&hellip;]<\/p>","protected":false},"author":5,"featured_media":17667,"parent":0,"menu_order":0,"comment_status":"open","ping_status":"open","template":"","meta":[],"yoast_head":"<!-- This site is optimized with the Yoast SEO Premium plugin v20.8 (Yoast SEO v20.8) - https:\/\/yoast.com\/wordpress\/plugins\/seo\/ -->\n<title>Hoa T\u1ebft mi\u1ec1n T\u00e2y - Thi\u00ean Xu\u00e2n Travel<\/title>\n<meta name=\"description\" content=\"C\u00f9ng Thi\u00ean Xu\u00e2n Travel v\u1ec1 mi\u1ec1n T\u00e2y gh\u00e9 th\u0103m c\u00e1c l\u00e0ng hoa Sa \u0110\u00e9c, C\u00e1i M\u01a1n, T\u00e2n M\u1ef9 Ch\u00e1nh nh\u1eefng ng\u00e0y g\u1ea7n T\u1ebft, tr\u01b0\u1edbc khi hoa \u0111\u01b0\u1ee3c thu ho\u1ea1ch v\u00e0 v\u1eadn chuy\u1ec3n v\u1ec1 c\u00e1c th\u00e0nh ph\u1ed1 l\u1edbn ph\u1ee5c v\u1ee5 hoa T\u1ebft.\" \/>\n<meta name=\"robots\" content=\"index, follow, max-snippet:-1, max-image-preview:large, max-video-preview:-1\" \/>\n<link rel=\"canonical\" href=\"https:\/\/thienxuantravel.com\/en\/hoa-tet-mien-tay\/\" \/>\n<meta property=\"og:locale\" content=\"en_US\" \/>\n<meta property=\"og:type\" content=\"article\" \/>\n<meta property=\"og:title\" content=\"Hoa T\u1ebft mi\u1ec1n T\u00e2y\" \/>\n<meta property=\"og:description\" content=\"C\u00f9ng Thi\u00ean Xu\u00e2n Travel v\u1ec1 mi\u1ec1n T\u00e2y gh\u00e9 th\u0103m c\u00e1c l\u00e0ng hoa Sa \u0110\u00e9c, C\u00e1i M\u01a1n, T\u00e2n M\u1ef9 Ch\u00e1nh nh\u1eefng ng\u00e0y g\u1ea7n T\u1ebft, tr\u01b0\u1edbc khi hoa \u0111\u01b0\u1ee3c thu ho\u1ea1ch v\u00e0 v\u1eadn chuy\u1ec3n v\u1ec1 c\u00e1c th\u00e0nh ph\u1ed1 l\u1edbn ph\u1ee5c v\u1ee5 hoa T\u1ebft.\" \/>\n<meta property=\"og:url\" content=\"https:\/\/thienxuantravel.com\/en\/hoa-tet-mien-tay\/\" \/>\n<meta property=\"og:site_name\" content=\"Thi\u00ean Xu\u00e2n Travel\" \/>\n<meta property=\"article:publisher\" content=\"https:\/\/www.facebook.com\/thienxuantravel\" \/>\n<meta property=\"article:modified_time\" content=\"2024-01-25T10:49:39+00:00\" \/>\n<meta property=\"og:image\" content=\"https:\/\/thienxuantravel.com\/wp-content\/uploads\/2023\/12\/lang-hoa-sa-dec-dong-thap.jpg\" \/>\n\t<meta property=\"og:image:width\" content=\"2000\" \/>\n\t<meta property=\"og:image:height\" content=\"1125\" \/>\n\t<meta property=\"og:image:type\" content=\"image\/jpeg\" \/>\n<meta name=\"twitter:card\" content=\"summary_large_image\" \/>\n<meta name=\"twitter:title\" content=\"Hoa T\u1ebft mi\u1ec1n T\u00e2y\" \/>\n<meta name=\"twitter:description\" content=\"C\u00f9ng Thi\u00ean Xu\u00e2n Travel v\u1ec1 mi\u1ec1n T\u00e2y gh\u00e9 th\u0103m c\u00e1c l\u00e0ng hoa Sa \u0110\u00e9c, C\u00e1i M\u01a1n, T\u00e2n M\u1ef9 Ch\u00e1nh nh\u1eefng ng\u00e0y g\u1ea7n T\u1ebft, tr\u01b0\u1edbc khi hoa \u0111\u01b0\u1ee3c thu ho\u1ea1ch v\u00e0 v\u1eadn chuy\u1ec3n v\u1ec1 c\u00e1c th\u00e0nh ph\u1ed1 l\u1edbn ph\u1ee5c v\u1ee5 hoa T\u1ebft.\" \/>\n<meta name=\"twitter:label1\" content=\"Est. reading time\" \/>\n\t<meta name=\"twitter:data1\" content=\"8 minutes\" \/>\n<script type=\"application\/ld+json\" class=\"yoast-schema-graph\">{\"@context\":\"https:\/\/schema.org\",\"@graph\":[{\"@type\":\"WebPage\",\"@id\":\"https:\/\/thienxuantravel.com\/hoa-tet-mien-tay\/\",\"url\":\"https:\/\/thienxuantravel.com\/hoa-tet-mien-tay\/\",\"name\":\"Hoa T\u1ebft mi\u1ec1n T\u00e2y - Thi\u00ean Xu\u00e2n Travel\",\"isPartOf\":{\"@id\":\"https:\/\/thienxuantravel.com\/#website\"},\"datePublished\":\"2023-12-14T06:46:38+00:00\",\"dateModified\":\"2024-01-25T10:49:39+00:00\",\"description\":\"C\u00f9ng Thi\u00ean Xu\u00e2n Travel v\u1ec1 mi\u1ec1n T\u00e2y gh\u00e9 th\u0103m c\u00e1c l\u00e0ng hoa Sa \u0110\u00e9c, C\u00e1i M\u01a1n, T\u00e2n M\u1ef9 Ch\u00e1nh nh\u1eefng ng\u00e0y g\u1ea7n T\u1ebft, tr\u01b0\u1edbc khi hoa \u0111\u01b0\u1ee3c thu ho\u1ea1ch v\u00e0 v\u1eadn chuy\u1ec3n v\u1ec1 c\u00e1c th\u00e0nh ph\u1ed1 l\u1edbn ph\u1ee5c v\u1ee5 hoa T\u1ebft.\",\"breadcrumb\":{\"@id\":\"https:\/\/thienxuantravel.com\/hoa-tet-mien-tay\/#breadcrumb\"},\"inLanguage\":\"en-US\",\"potentialAction\":[{\"@type\":\"ReadAction\",\"target\":[\"https:\/\/thienxuantravel.com\/hoa-tet-mien-tay\/\"]}]},{\"@type\":\"BreadcrumbList\",\"@id\":\"https:\/\/thienxuantravel.com\/hoa-tet-mien-tay\/#breadcrumb\",\"itemListElement\":[{\"@type\":\"ListItem\",\"position\":1,\"name\":\"Home\",\"item\":\"https:\/\/thienxuantravel.com\/\"},{\"@type\":\"ListItem\",\"position\":2,\"name\":\"Hoa T\u1ebft mi\u1ec1n T\u00e2y\"}]},{\"@type\":\"WebSite\",\"@id\":\"https:\/\/thienxuantravel.com\/#website\",\"url\":\"https:\/\/thienxuantravel.com\/\",\"name\":\"Thi\u00ean Xu\u00e2n Travel\",\"description\":\"\",\"publisher\":{\"@id\":\"https:\/\/thienxuantravel.com\/#organization\"},\"potentialAction\":[{\"@type\":\"SearchAction\",\"target\":{\"@type\":\"EntryPoint\",\"urlTemplate\":\"https:\/\/thienxuantravel.com\/?s={search_term_string}\"},\"query-input\":\"required name=search_term_string\"}],\"inLanguage\":\"en-US\"},{\"@type\":\"Organization\",\"@id\":\"https:\/\/thienxuantravel.com\/#organization\",\"name\":\"Thi\u00ean Xu\u00e2n Travel\",\"url\":\"https:\/\/thienxuantravel.com\/\",\"logo\":{\"@type\":\"ImageObject\",\"inLanguage\":\"en-US\",\"@id\":\"https:\/\/thienxuantravel.com\/#\/schema\/logo\/image\/\",\"url\":\"https:\/\/thienxuantravel.com\/wp-content\/uploads\/2023\/03\/thienxuan_logo.png\",\"contentUrl\":\"https:\/\/thienxuantravel.com\/wp-content\/uploads\/2023\/03\/thienxuan_logo.png\",\"width\":500,\"height\":226,\"caption\":\"Thi\u00ean Xu\u00e2n Travel\"},\"image\":{\"@id\":\"https:\/\/thienxuantravel.com\/#\/schema\/logo\/image\/\"},\"sameAs\":[\"https:\/\/www.facebook.com\/thienxuantravel\"]}]}<\/script>\n<!-- \/ Yoast SEO Premium plugin. -->","yoast_head_json":{"title":"Hoa T\u1ebft mi\u1ec1n T\u00e2y - Thi\u00ean Xu\u00e2n Travel","description":"C\u00f9ng Thi\u00ean Xu\u00e2n Travel v\u1ec1 mi\u1ec1n T\u00e2y gh\u00e9 th\u0103m c\u00e1c l\u00e0ng hoa Sa \u0110\u00e9c, C\u00e1i M\u01a1n, T\u00e2n M\u1ef9 Ch\u00e1nh nh\u1eefng ng\u00e0y g\u1ea7n T\u1ebft, tr\u01b0\u1edbc khi hoa \u0111\u01b0\u1ee3c thu ho\u1ea1ch v\u00e0 v\u1eadn chuy\u1ec3n v\u1ec1 c\u00e1c th\u00e0nh ph\u1ed1 l\u1edbn ph\u1ee5c v\u1ee5 hoa T\u1ebft.","robots":{"index":"index","follow":"follow","max-snippet":"max-snippet:-1","max-image-preview":"max-image-preview:large","max-video-preview":"max-video-preview:-1"},"canonical":"https:\/\/thienxuantravel.com\/en\/hoa-tet-mien-tay\/","og_locale":"en_US","og_type":"article","og_title":"Hoa T\u1ebft mi\u1ec1n T\u00e2y","og_description":"C\u00f9ng Thi\u00ean Xu\u00e2n Travel v\u1ec1 mi\u1ec1n T\u00e2y gh\u00e9 th\u0103m c\u00e1c l\u00e0ng hoa Sa \u0110\u00e9c, C\u00e1i M\u01a1n, T\u00e2n M\u1ef9 Ch\u00e1nh nh\u1eefng ng\u00e0y g\u1ea7n T\u1ebft, tr\u01b0\u1edbc khi hoa \u0111\u01b0\u1ee3c thu ho\u1ea1ch v\u00e0 v\u1eadn chuy\u1ec3n v\u1ec1 c\u00e1c th\u00e0nh ph\u1ed1 l\u1edbn ph\u1ee5c v\u1ee5 hoa T\u1ebft.","og_url":"https:\/\/thienxuantravel.com\/en\/hoa-tet-mien-tay\/","og_site_name":"Thi\u00ean Xu\u00e2n Travel","article_publisher":"https:\/\/www.facebook.com\/thienxuantravel","article_modified_time":"2024-01-25T10:49:39+00:00","og_image":[{"width":2000,"height":1125,"url":"https:\/\/thienxuantravel.com\/wp-content\/uploads\/2023\/12\/lang-hoa-sa-dec-dong-thap.jpg","type":"image\/jpeg"}],"twitter_card":"summary_large_image","twitter_title":"Hoa T\u1ebft mi\u1ec1n T\u00e2y","twitter_description":"C\u00f9ng Thi\u00ean Xu\u00e2n Travel v\u1ec1 mi\u1ec1n T\u00e2y gh\u00e9 th\u0103m c\u00e1c l\u00e0ng hoa Sa \u0110\u00e9c, C\u00e1i M\u01a1n, T\u00e2n M\u1ef9 Ch\u00e1nh nh\u1eefng ng\u00e0y g\u1ea7n T\u1ebft, tr\u01b0\u1edbc khi hoa \u0111\u01b0\u1ee3c thu ho\u1ea1ch v\u00e0 v\u1eadn chuy\u1ec3n v\u1ec1 c\u00e1c th\u00e0nh ph\u1ed1 l\u1edbn ph\u1ee5c v\u1ee5 hoa T\u1ebft.","twitter_misc":{"Est. reading time":"8 minutes"},"schema":{"@context":"https:\/\/schema.org","@graph":[{"@type":"WebPage","@id":"https:\/\/thienxuantravel.com\/hoa-tet-mien-tay\/","url":"https:\/\/thienxuantravel.com\/hoa-tet-mien-tay\/","name":"Hoa T\u1ebft mi\u1ec1n T\u00e2y - Thi\u00ean Xu\u00e2n Travel","isPartOf":{"@id":"https:\/\/thienxuantravel.com\/#website"},"datePublished":"2023-12-14T06:46:38+00:00","dateModified":"2024-01-25T10:49:39+00:00","description":"C\u00f9ng Thi\u00ean Xu\u00e2n Travel v\u1ec1 mi\u1ec1n T\u00e2y gh\u00e9 th\u0103m c\u00e1c l\u00e0ng hoa Sa \u0110\u00e9c, C\u00e1i M\u01a1n, T\u00e2n M\u1ef9 Ch\u00e1nh nh\u1eefng ng\u00e0y g\u1ea7n T\u1ebft, tr\u01b0\u1edbc khi hoa \u0111\u01b0\u1ee3c thu ho\u1ea1ch v\u00e0 v\u1eadn chuy\u1ec3n v\u1ec1 c\u00e1c th\u00e0nh ph\u1ed1 l\u1edbn ph\u1ee5c v\u1ee5 hoa T\u1ebft.","breadcrumb":{"@id":"https:\/\/thienxuantravel.com\/hoa-tet-mien-tay\/#breadcrumb"},"inLanguage":"en-US","potentialAction":[{"@type":"ReadAction","target":["https:\/\/thienxuantravel.com\/hoa-tet-mien-tay\/"]}]},{"@type":"BreadcrumbList","@id":"https:\/\/thienxuantravel.com\/hoa-tet-mien-tay\/#breadcrumb","itemListElement":[{"@type":"ListItem","position":1,"name":"Home","item":"https:\/\/thienxuantravel.com\/"},{"@type":"ListItem","position":2,"name":"Hoa T\u1ebft mi\u1ec1n T\u00e2y"}]},{"@type":"WebSite","@id":"https:\/\/thienxuantravel.com\/#website","url":"https:\/\/thienxuantravel.com\/","name":"Thi\u00ean Xu\u00e2n Travel","description":"","publisher":{"@id":"https:\/\/thienxuantravel.com\/#organization"},"potentialAction":[{"@type":"SearchAction","target":{"@type":"EntryPoint","urlTemplate":"https:\/\/thienxuantravel.com\/?s={search_term_string}"},"query-input":"required name=search_term_string"}],"inLanguage":"en-US"},{"@type":"Organization","@id":"https:\/\/thienxuantravel.com\/#organization","name":"Thi\u00ean Xu\u00e2n Travel","url":"https:\/\/thienxuantravel.com\/","logo":{"@type":"ImageObject","inLanguage":"en-US","@id":"https:\/\/thienxuantravel.com\/#\/schema\/logo\/image\/","url":"https:\/\/thienxuantravel.com\/wp-content\/uploads\/2023\/03\/thienxuan_logo.png","contentUrl":"https:\/\/thienxuantravel.com\/wp-content\/uploads\/2023\/03\/thienxuan_logo.png","width":500,"height":226,"caption":"Thi\u00ean Xu\u00e2n Travel"},"image":{"@id":"https:\/\/thienxuantravel.com\/#\/schema\/logo\/image\/"},"sameAs":["https:\/\/www.facebook.com\/thienxuantravel"]}]}},"_links":{"self":[{"href":"https:\/\/thienxuantravel.com\/en\/wp-json\/wp\/v2\/pages\/17666"}],"collection":[{"href":"https:\/\/thienxuantravel.com\/en\/wp-json\/wp\/v2\/pages"}],"about":[{"href":"https:\/\/thienxuantravel.com\/en\/wp-json\/wp\/v2\/types\/page"}],"author":[{"embeddable":true,"href":"https:\/\/thienxuantravel.com\/en\/wp-json\/wp\/v2\/users\/5"}],"replies":[{"embeddable":true,"href":"https:\/\/thienxuantravel.com\/en\/wp-json\/wp\/v2\/comments?post=17666"}],"version-history":[{"count":7,"href":"https:\/\/thienxuantravel.com\/en\/wp-json\/wp\/v2\/pages\/17666\/revisions"}],"predecessor-version":[{"id":18450,"href":"https:\/\/thienxuantravel.com\/en\/wp-json\/wp\/v2\/pages\/17666\/revisions\/18450"}],"wp:featuredmedia":[{"embeddable":true,"href":"https:\/\/thienxuantravel.com\/en\/wp-json\/wp\/v2\/media\/17667"}],"wp:attachment":[{"href":"https:\/\/thienxuantravel.com\/en\/wp-json\/wp\/v2\/media?parent=17666"}],"curies":[{"name":"wp","href":"https:\/\/api.w.org\/{rel}","templated":true}]}}