{"id":19699,"date":"2025-05-02T01:41:02","date_gmt":"2025-05-02T01:41:02","guid":{"rendered":"https:\/\/thienxuantravel.com\/?page_id=19699"},"modified":"2025-05-02T01:51:32","modified_gmt":"2025-05-02T01:51:32","slug":"skyteam","status":"publish","type":"page","link":"https:\/\/thienxuantravel.com\/en\/skyteam\/","title":{"rendered":"SkyTeam"},"content":{"rendered":"<h2 id=\"h-skyteam-airline-alliance\">SkyTeam Airline Alliance<\/h2>\n\n\n\n<p>SkyTeam is dedicated to powering the most seamless customer journey of any global alliance. Our members work together to connect millions of passengers across an extensive global network. SkyTeam offers the most comprehensive priority services of any alliance, easy and efficient transfers, and the opportunity to earn and redeem miles across all member airlines.<\/p>\n\n\n\n<figure class=\"wp-block-image size-large\"><img decoding=\"async\" loading=\"lazy\" width=\"1024\" height=\"538\" src=\"https:\/\/thienxuantravel.com\/wp-content\/uploads\/2025\/05\/SkyTeam-Cover-1024x538.jpg\" alt=\"SkyTeam Airline Alliance: The priority is you\" class=\"wp-image-19703\" srcset=\"https:\/\/thienxuantravel.com\/wp-content\/uploads\/2025\/05\/SkyTeam-Cover-1024x538.jpg 1024w, https:\/\/thienxuantravel.com\/wp-content\/uploads\/2025\/05\/SkyTeam-Cover-300x157.jpg 300w, https:\/\/thienxuantravel.com\/wp-content\/uploads\/2025\/05\/SkyTeam-Cover-768x403.jpg 768w, https:\/\/thienxuantravel.com\/wp-content\/uploads\/2025\/05\/SkyTeam-Cover-1536x806.jpg 1536w, https:\/\/thienxuantravel.com\/wp-content\/uploads\/2025\/05\/SkyTeam-Cover-18x9.jpg 18w, https:\/\/thienxuantravel.com\/wp-content\/uploads\/2025\/05\/SkyTeam-Cover.jpg 2048w\" sizes=\"(max-width: 1024px) 100vw, 1024px\" \/><figcaption class=\"wp-element-caption\">SkyTeam Airline Alliance: The priority is you\n<\/figcaption><\/figure>\n\n\n\n<p>By May 2025, SkyTeam members include Aerol\u00edneas Argentinas, Aeromexico, Air Europa, Air France, China Airlines, China Eastern, Delta Air Lines, Garuda Indonesia, Kenya Airways, KLM Royal Dutch Airlines, Korean Air, Middle East Airlines, Scandinavian Airlines, Saudia Airlines, Tarom, Vietnam Airlines, Virgin Atlantic and Xiamen Air.<\/p>\n\n\n\n<p>SkyTeam cung c\u1ea5p c\u00e1c d\u1ecbch v\u1ee5 \u01b0u ti\u00ean to\u00e0n di\u1ec7n nh\u1ea5t so v\u1edbi b\u1ea5t k\u1ef3 li\u00ean minh n\u00e0o, th\u1ee7 t\u1ee5c chuy\u1ec3n ti\u1ebfp d\u1ec5 d\u00e0ng v\u00e0 hi\u1ec7u qu\u1ea3, c\u00f9ng v\u1edbi c\u01a1 h\u1ed9i t\u00edch l\u0169y v\u00e0 \u0111\u1ed5i d\u1eb7m tr\u00ean t\u1ea5t c\u1ea3 c\u00e1c h\u00e3ng h\u00e0ng kh\u00f4ng th\u00e0nh vi\u00ean.<\/p>\n\n\n\n<figure class=\"wp-block-image size-large\"><img decoding=\"async\" loading=\"lazy\" width=\"1024\" height=\"683\" src=\"https:\/\/thienxuantravel.com\/wp-content\/uploads\/2025\/03\/VNA-Vietnam-Airlines-2025-1-1024x683.jpg\" alt=\"Vietnam Airlines | Reach Further | Bay c\u00f9ng Thi\u00ean Xu\u00e2n Travel | Live your travel dreams \u2708 Book now booking@thienxuantravel.com | Hotline: +84 888 890 898 \u2014 0938 558 228\" class=\"wp-image-19622\" srcset=\"https:\/\/thienxuantravel.com\/wp-content\/uploads\/2025\/03\/VNA-Vietnam-Airlines-2025-1-1024x683.jpg 1024w, https:\/\/thienxuantravel.com\/wp-content\/uploads\/2025\/03\/VNA-Vietnam-Airlines-2025-1-300x200.jpg 300w, https:\/\/thienxuantravel.com\/wp-content\/uploads\/2025\/03\/VNA-Vietnam-Airlines-2025-1-768x512.jpg 768w, https:\/\/thienxuantravel.com\/wp-content\/uploads\/2025\/03\/VNA-Vietnam-Airlines-2025-1-1536x1024.jpg 1536w, https:\/\/thienxuantravel.com\/wp-content\/uploads\/2025\/03\/VNA-Vietnam-Airlines-2025-1-18x12.jpg 18w, https:\/\/thienxuantravel.com\/wp-content\/uploads\/2025\/03\/VNA-Vietnam-Airlines-2025-1-200x133.jpg 200w, https:\/\/thienxuantravel.com\/wp-content\/uploads\/2025\/03\/VNA-Vietnam-Airlines-2025-1-400x267.jpg 400w, https:\/\/thienxuantravel.com\/wp-content\/uploads\/2025\/03\/VNA-Vietnam-Airlines-2025-1.jpg 1920w\" sizes=\"(max-width: 1024px) 100vw, 1024px\" \/><figcaption class=\"wp-element-caption\">Vietnam Airlines | Reach Further | Bay c\u00f9ng Thi\u00ean Xu\u00e2n Travel | Live your travel dreams \u2708 Book now booking@thienxuantravel.com | Hotline: +84 888 890 898 \u2014 0938 558 228<\/figcaption><\/figure>\n\n\n\n<p>By May 2025, SkyTeam members include Aerol\u00edneas Argentinas, Aeromexico, Air Europa, Air France, China Airlines, China Eastern, Delta Air Lines, Garuda Indonesia, Kenya Airways, KLM Royal Dutch Airlines, Korean Air, Middle East Airlines, Scandinavian Airlines, Saudia Airlines, Tarom, Vietnam Airlines, Virgin Atlantic and Xiamen Air.<\/p>\n\n\n\n<p><strong>SkyTeam Website: www.skyteam.com<br>Find out more: www.vietnamairlines.com\/us\/en\/skyteam<\/strong><\/p>\n\n\n\n<figure class=\"wp-block-image size-large\"><img decoding=\"async\" loading=\"lazy\" width=\"1024\" height=\"449\" src=\"https:\/\/thienxuantravel.com\/wp-content\/uploads\/2025\/05\/SkyTeam_4-1024x449.jpg\" alt=\"Earn miles across SkyTeam member airlines\" class=\"wp-image-19696\" srcset=\"https:\/\/thienxuantravel.com\/wp-content\/uploads\/2025\/05\/SkyTeam_4-1024x449.jpg 1024w, https:\/\/thienxuantravel.com\/wp-content\/uploads\/2025\/05\/SkyTeam_4-300x131.jpg 300w, https:\/\/thienxuantravel.com\/wp-content\/uploads\/2025\/05\/SkyTeam_4-768x336.jpg 768w, https:\/\/thienxuantravel.com\/wp-content\/uploads\/2025\/05\/SkyTeam_4-1536x673.jpg 1536w, https:\/\/thienxuantravel.com\/wp-content\/uploads\/2025\/05\/SkyTeam_4-18x8.jpg 18w, https:\/\/thienxuantravel.com\/wp-content\/uploads\/2025\/05\/SkyTeam_4.jpg 2000w\" sizes=\"(max-width: 1024px) 100vw, 1024px\" \/><figcaption class=\"wp-element-caption\">Earn miles across SkyTeam member airlines\n<\/figcaption><\/figure>\n\n\n\n<h2 id=\"h-vietnam-airlines-kh\u1eb3ng-d\u1ecbnh-v\u1ecb-th\u1ebf-trong-skyteam\">The benefits of flying with SkyTeam<\/h2>\n\n\n\n<p>SkyTeam member airlines work together across an extensive global network to welcome 624 million customers each year on more than 13,600 daily flights to 1,000 destinations in 160 countries.<\/p>\n\n\n\n<p>Lounge in Exclusivity: Pop into one of our 750 lounges to unwind, grab a bite to eat, or catch up on your reading before your flight.<\/p>\n\n\n\n<p>Earn miles across SkyTeam member airlines: Join one of our member airlines' frequent flyer programs. Then all of your qualifying flights will earn you miles which you can redeem for free flights on any SkyTeam member airline.<\/p>\n\n\n\n<figure class=\"wp-block-image size-large\"><img decoding=\"async\" loading=\"lazy\" width=\"1024\" height=\"655\" src=\"https:\/\/thienxuantravel.com\/wp-content\/uploads\/2025\/05\/SkyTeam-Members-1024x655.jpg\" alt=\"SkyTeam Airline Alliance: The priority is you\" class=\"wp-image-19704\" srcset=\"https:\/\/thienxuantravel.com\/wp-content\/uploads\/2025\/05\/SkyTeam-Members-1024x655.jpg 1024w, https:\/\/thienxuantravel.com\/wp-content\/uploads\/2025\/05\/SkyTeam-Members-300x192.jpg 300w, https:\/\/thienxuantravel.com\/wp-content\/uploads\/2025\/05\/SkyTeam-Members-768x491.jpg 768w, https:\/\/thienxuantravel.com\/wp-content\/uploads\/2025\/05\/SkyTeam-Members-1536x983.jpg 1536w, https:\/\/thienxuantravel.com\/wp-content\/uploads\/2025\/05\/SkyTeam-Members-18x12.jpg 18w, https:\/\/thienxuantravel.com\/wp-content\/uploads\/2025\/05\/SkyTeam-Members.jpg 2048w\" sizes=\"(max-width: 1024px) 100vw, 1024px\" \/><figcaption class=\"wp-element-caption\">SkyTeam Airline Alliance: The priority is you\n<\/figcaption><\/figure>\n\n\n\n<h2 id=\"h-d\u1ecbch-v\u1ee5-\u01b0u-tien-skypriority-t\u1ea1i-vietnam-airlines\">Seamless Business Travel<\/h2>\n\n\n\n<p>Whether you are organizing corporate travel or international meetings, SkyTeam has the answer for you.<\/p>\n\n\n\n<p>SkyTeam is one of the world's three major airline alliances. Founded in June 2000, SkyTeam was the last of the three alliances to be formed, after Star Alliance and Oneworld. Its annual passenger count is 624 million customers, the second largest of the three major alliances. As of April 2025, SkyTeam consists of 18 active carriers; it also operates a cargo alliance named SkyTeam Cargo, which partners with ten carriers, all SkyTeam members. Its centralised management team, SkyTeam Central, is based in Amstelveen, Netherlands.<br>Vietnam Airlines Gold = SkyTeam Elite<br>Vietnam Airlines Titanium = SkyTeam Elite<\/p>\n\n\n\n<figure class=\"wp-block-image size-large\"><img decoding=\"async\" loading=\"lazy\" width=\"1024\" height=\"403\" src=\"https:\/\/thienxuantravel.com\/wp-content\/uploads\/2025\/05\/SkyTeam_1-1024x403.jpg\" alt=\"Earn miles across SkyTeam member airlines\" class=\"wp-image-19694\" srcset=\"https:\/\/thienxuantravel.com\/wp-content\/uploads\/2025\/05\/SkyTeam_1-1024x403.jpg 1024w, https:\/\/thienxuantravel.com\/wp-content\/uploads\/2025\/05\/SkyTeam_1-300x118.jpg 300w, https:\/\/thienxuantravel.com\/wp-content\/uploads\/2025\/05\/SkyTeam_1-768x302.jpg 768w, https:\/\/thienxuantravel.com\/wp-content\/uploads\/2025\/05\/SkyTeam_1-18x7.jpg 18w, https:\/\/thienxuantravel.com\/wp-content\/uploads\/2025\/05\/SkyTeam_1.jpg 1300w\" sizes=\"(max-width: 1024px) 100vw, 1024px\" \/><figcaption class=\"wp-element-caption\">Earn miles across SkyTeam member airlines\n<\/figcaption><\/figure>\n\n\n\n<p><strong>Thi\u00ean Xu\u00e2n Travel \u2013 Live your travel dreams!<\/strong><\/p>\n\n\n\n<p>Park 2, 208 Nguyen Huu Canh Street, Ward 22,<br>Binh Thanh District, Ho Chi Minh City, Vietnam<br>\ud83d\udce8 booking@thienxuantravel.com<br>\u260e\ufe0f +84 888 890 898 \u2014 0938 558 228<\/p>\n\n\n\n<p>Office in the United States<br>14114 Beech Glen Dr, Houston, TX 77083<br>\u260e\ufe0f +1 (281) 906-2744<\/p>","protected":false},"excerpt":{"rendered":"<p>SkyTeam Airline Alliance SkyTeam l\u00e0 m\u1ed9t Li\u00ean minh H\u00e0ng kh\u00f4ng c\u00f3 tr\u1ee5 s\u1edf qu\u1ea3n l\u00fd l\u00e0 SkyTeam Central, \u0111\u1eb7t t\u1ea1i Trung t\u00e2m th\u01b0\u01a1ng m\u1ea1i S\u00e2n bay Schiphol trong khu\u00f4n vi\u00ean S\u00e2n bay Amsterdam Schiphol, Haarlemmermeer, H\u00e0 Lan. Skyteam l\u00e0 m\u1ed9t trong ba li\u00ean minh h\u00e0ng kh\u00f4ng l\u1edbn nh\u1ea5t th\u1ebf gi\u1edbi. SkyTeam \u0111\u01b0\u1ee3c th\u00e0nh l\u1eadp v\u00e0o [&hellip;]<\/p>","protected":false},"author":5,"featured_media":19695,"parent":0,"menu_order":0,"comment_status":"closed","ping_status":"open","template":"","meta":[],"yoast_head":"<!-- This site is optimized with the Yoast SEO Premium plugin v20.8 (Yoast SEO v20.8) - https:\/\/yoast.com\/wordpress\/plugins\/seo\/ -->\n<title>SkyTeam - Thi\u00ean Xu\u00e2n Travel<\/title>\n<meta name=\"description\" content=\"By May 2025, SkyTeam members include Aerol\u00edneas Argentinas, Aeromexico, Air Europa, Air France, China Airlines, China Eastern, Delta Air Lines, Garuda Indonesia, Kenya Airways, KLM Royal Dutch Airlines, Korean Air, Middle East Airlines, Scandinavian Airlines, Saudia Airlines, Tarom, Vietnam Airlines, Virgin Atlantic and Xiamen Air.\" \/>\n<meta name=\"robots\" content=\"index, follow, max-snippet:-1, max-image-preview:large, max-video-preview:-1\" \/>\n<link rel=\"canonical\" href=\"https:\/\/thienxuantravel.com\/en\/skyteam\/\" \/>\n<meta property=\"og:locale\" content=\"en_US\" \/>\n<meta property=\"og:type\" content=\"article\" \/>\n<meta property=\"og:title\" content=\"SkyTeam\" \/>\n<meta property=\"og:description\" content=\"By May 2025, SkyTeam members include Aerol\u00edneas Argentinas, Aeromexico, Air Europa, Air France, China Airlines, China Eastern, Delta Air Lines, Garuda Indonesia, Kenya Airways, KLM Royal Dutch Airlines, Korean Air, Middle East Airlines, Scandinavian Airlines, Saudia Airlines, Tarom, Vietnam Airlines, Virgin Atlantic and Xiamen Air.\" \/>\n<meta property=\"og:url\" content=\"https:\/\/thienxuantravel.com\/en\/skyteam\/\" \/>\n<meta property=\"og:site_name\" content=\"Thi\u00ean Xu\u00e2n Travel\" \/>\n<meta property=\"article:publisher\" content=\"https:\/\/www.facebook.com\/thienxuantravel\" \/>\n<meta property=\"article:modified_time\" content=\"2025-05-02T01:51:32+00:00\" \/>\n<meta property=\"og:image\" content=\"https:\/\/thienxuantravel.com\/wp-content\/uploads\/2025\/05\/SkyTeam_2.jpg\" \/>\n\t<meta property=\"og:image:width\" content=\"2048\" \/>\n\t<meta property=\"og:image:height\" content=\"1152\" \/>\n\t<meta property=\"og:image:type\" content=\"image\/jpeg\" \/>\n<meta name=\"twitter:card\" content=\"summary_large_image\" \/>\n<meta name=\"twitter:description\" content=\"By May 2025, SkyTeam members include Aerol\u00edneas Argentinas, Aeromexico, Air Europa, Air France, China Airlines, China Eastern, Delta Air Lines, Garuda Indonesia, Kenya Airways, KLM Royal Dutch Airlines, Korean Air, Middle East Airlines, Scandinavian Airlines, Saudia Airlines, Tarom, Vietnam Airlines, Virgin Atlantic and Xiamen Air.\" \/>\n<meta name=\"twitter:label1\" content=\"Est. reading time\" \/>\n\t<meta name=\"twitter:data1\" content=\"4 minutes\" \/>\n<script type=\"application\/ld+json\" class=\"yoast-schema-graph\">{\"@context\":\"https:\/\/schema.org\",\"@graph\":[{\"@type\":\"WebPage\",\"@id\":\"https:\/\/thienxuantravel.com\/skyteam\/\",\"url\":\"https:\/\/thienxuantravel.com\/skyteam\/\",\"name\":\"SkyTeam - Thi\u00ean Xu\u00e2n Travel\",\"isPartOf\":{\"@id\":\"https:\/\/thienxuantravel.com\/#website\"},\"datePublished\":\"2025-05-02T01:41:02+00:00\",\"dateModified\":\"2025-05-02T01:51:32+00:00\",\"description\":\"By May 2025, SkyTeam members include Aerol\u00edneas Argentinas, Aeromexico, Air Europa, Air France, China Airlines, China Eastern, Delta Air Lines, Garuda Indonesia, Kenya Airways, KLM Royal Dutch Airlines, Korean Air, Middle East Airlines, Scandinavian Airlines, Saudia Airlines, Tarom, Vietnam Airlines, Virgin Atlantic and Xiamen Air.\",\"breadcrumb\":{\"@id\":\"https:\/\/thienxuantravel.com\/skyteam\/#breadcrumb\"},\"inLanguage\":\"en-US\",\"potentialAction\":[{\"@type\":\"ReadAction\",\"target\":[\"https:\/\/thienxuantravel.com\/skyteam\/\"]}]},{\"@type\":\"BreadcrumbList\",\"@id\":\"https:\/\/thienxuantravel.com\/skyteam\/#breadcrumb\",\"itemListElement\":[{\"@type\":\"ListItem\",\"position\":1,\"name\":\"Home\",\"item\":\"https:\/\/thienxuantravel.com\/\"},{\"@type\":\"ListItem\",\"position\":2,\"name\":\"SkyTeam\"}]},{\"@type\":\"WebSite\",\"@id\":\"https:\/\/thienxuantravel.com\/#website\",\"url\":\"https:\/\/thienxuantravel.com\/\",\"name\":\"Thi\u00ean Xu\u00e2n Travel\",\"description\":\"\",\"publisher\":{\"@id\":\"https:\/\/thienxuantravel.com\/#organization\"},\"potentialAction\":[{\"@type\":\"SearchAction\",\"target\":{\"@type\":\"EntryPoint\",\"urlTemplate\":\"https:\/\/thienxuantravel.com\/?s={search_term_string}\"},\"query-input\":\"required name=search_term_string\"}],\"inLanguage\":\"en-US\"},{\"@type\":\"Organization\",\"@id\":\"https:\/\/thienxuantravel.com\/#organization\",\"name\":\"Thi\u00ean Xu\u00e2n Travel\",\"url\":\"https:\/\/thienxuantravel.com\/\",\"logo\":{\"@type\":\"ImageObject\",\"inLanguage\":\"en-US\",\"@id\":\"https:\/\/thienxuantravel.com\/#\/schema\/logo\/image\/\",\"url\":\"https:\/\/thienxuantravel.com\/wp-content\/uploads\/2023\/03\/thienxuan_logo.png\",\"contentUrl\":\"https:\/\/thienxuantravel.com\/wp-content\/uploads\/2023\/03\/thienxuan_logo.png\",\"width\":500,\"height\":226,\"caption\":\"Thi\u00ean Xu\u00e2n Travel\"},\"image\":{\"@id\":\"https:\/\/thienxuantravel.com\/#\/schema\/logo\/image\/\"},\"sameAs\":[\"https:\/\/www.facebook.com\/thienxuantravel\"]}]}<\/script>\n<!-- \/ Yoast SEO Premium plugin. -->","yoast_head_json":{"title":"SkyTeam - Thi\u00ean Xu\u00e2n Travel","description":"By May 2025, SkyTeam members include Aerol\u00edneas Argentinas, Aeromexico, Air Europa, Air France, China Airlines, China Eastern, Delta Air Lines, Garuda Indonesia, Kenya Airways, KLM Royal Dutch Airlines, Korean Air, Middle East Airlines, Scandinavian Airlines, Saudia Airlines, Tarom, Vietnam Airlines, Virgin Atlantic and Xiamen Air.","robots":{"index":"index","follow":"follow","max-snippet":"max-snippet:-1","max-image-preview":"max-image-preview:large","max-video-preview":"max-video-preview:-1"},"canonical":"https:\/\/thienxuantravel.com\/en\/skyteam\/","og_locale":"en_US","og_type":"article","og_title":"SkyTeam","og_description":"By May 2025, SkyTeam members include Aerol\u00edneas Argentinas, Aeromexico, Air Europa, Air France, China Airlines, China Eastern, Delta Air Lines, Garuda Indonesia, Kenya Airways, KLM Royal Dutch Airlines, Korean Air, Middle East Airlines, Scandinavian Airlines, Saudia Airlines, Tarom, Vietnam Airlines, Virgin Atlantic and Xiamen Air.","og_url":"https:\/\/thienxuantravel.com\/en\/skyteam\/","og_site_name":"Thi\u00ean Xu\u00e2n Travel","article_publisher":"https:\/\/www.facebook.com\/thienxuantravel","article_modified_time":"2025-05-02T01:51:32+00:00","og_image":[{"width":2048,"height":1152,"url":"https:\/\/thienxuantravel.com\/wp-content\/uploads\/2025\/05\/SkyTeam_2.jpg","type":"image\/jpeg"}],"twitter_card":"summary_large_image","twitter_description":"By May 2025, SkyTeam members include Aerol\u00edneas Argentinas, Aeromexico, Air Europa, Air France, China Airlines, China Eastern, Delta Air Lines, Garuda Indonesia, Kenya Airways, KLM Royal Dutch Airlines, Korean Air, Middle East Airlines, Scandinavian Airlines, Saudia Airlines, Tarom, Vietnam Airlines, Virgin Atlantic and Xiamen Air.","twitter_misc":{"Est. reading time":"4 minutes"},"schema":{"@context":"https:\/\/schema.org","@graph":[{"@type":"WebPage","@id":"https:\/\/thienxuantravel.com\/skyteam\/","url":"https:\/\/thienxuantravel.com\/skyteam\/","name":"SkyTeam - Thi\u00ean Xu\u00e2n Travel","isPartOf":{"@id":"https:\/\/thienxuantravel.com\/#website"},"datePublished":"2025-05-02T01:41:02+00:00","dateModified":"2025-05-02T01:51:32+00:00","description":"By May 2025, SkyTeam members include Aerol\u00edneas Argentinas, Aeromexico, Air Europa, Air France, China Airlines, China Eastern, Delta Air Lines, Garuda Indonesia, Kenya Airways, KLM Royal Dutch Airlines, Korean Air, Middle East Airlines, Scandinavian Airlines, Saudia Airlines, Tarom, Vietnam Airlines, Virgin Atlantic and Xiamen Air.","breadcrumb":{"@id":"https:\/\/thienxuantravel.com\/skyteam\/#breadcrumb"},"inLanguage":"en-US","potentialAction":[{"@type":"ReadAction","target":["https:\/\/thienxuantravel.com\/skyteam\/"]}]},{"@type":"BreadcrumbList","@id":"https:\/\/thienxuantravel.com\/skyteam\/#breadcrumb","itemListElement":[{"@type":"ListItem","position":1,"name":"Home","item":"https:\/\/thienxuantravel.com\/"},{"@type":"ListItem","position":2,"name":"SkyTeam"}]},{"@type":"WebSite","@id":"https:\/\/thienxuantravel.com\/#website","url":"https:\/\/thienxuantravel.com\/","name":"Thi\u00ean Xu\u00e2n Travel","description":"","publisher":{"@id":"https:\/\/thienxuantravel.com\/#organization"},"potentialAction":[{"@type":"SearchAction","target":{"@type":"EntryPoint","urlTemplate":"https:\/\/thienxuantravel.com\/?s={search_term_string}"},"query-input":"required name=search_term_string"}],"inLanguage":"en-US"},{"@type":"Organization","@id":"https:\/\/thienxuantravel.com\/#organization","name":"Thi\u00ean Xu\u00e2n Travel","url":"https:\/\/thienxuantravel.com\/","logo":{"@type":"ImageObject","inLanguage":"en-US","@id":"https:\/\/thienxuantravel.com\/#\/schema\/logo\/image\/","url":"https:\/\/thienxuantravel.com\/wp-content\/uploads\/2023\/03\/thienxuan_logo.png","contentUrl":"https:\/\/thienxuantravel.com\/wp-content\/uploads\/2023\/03\/thienxuan_logo.png","width":500,"height":226,"caption":"Thi\u00ean Xu\u00e2n Travel"},"image":{"@id":"https:\/\/thienxuantravel.com\/#\/schema\/logo\/image\/"},"sameAs":["https:\/\/www.facebook.com\/thienxuantravel"]}]}},"_links":{"self":[{"href":"https:\/\/thienxuantravel.com\/en\/wp-json\/wp\/v2\/pages\/19699"}],"collection":[{"href":"https:\/\/thienxuantravel.com\/en\/wp-json\/wp\/v2\/pages"}],"about":[{"href":"https:\/\/thienxuantravel.com\/en\/wp-json\/wp\/v2\/types\/page"}],"author":[{"embeddable":true,"href":"https:\/\/thienxuantravel.com\/en\/wp-json\/wp\/v2\/users\/5"}],"replies":[{"embeddable":true,"href":"https:\/\/thienxuantravel.com\/en\/wp-json\/wp\/v2\/comments?post=19699"}],"version-history":[{"count":3,"href":"https:\/\/thienxuantravel.com\/en\/wp-json\/wp\/v2\/pages\/19699\/revisions"}],"predecessor-version":[{"id":19705,"href":"https:\/\/thienxuantravel.com\/en\/wp-json\/wp\/v2\/pages\/19699\/revisions\/19705"}],"wp:featuredmedia":[{"embeddable":true,"href":"https:\/\/thienxuantravel.com\/en\/wp-json\/wp\/v2\/media\/19695"}],"wp:attachment":[{"href":"https:\/\/thienxuantravel.com\/en\/wp-json\/wp\/v2\/media?parent=19699"}],"curies":[{"name":"wp","href":"https:\/\/api.w.org\/{rel}","templated":true}]}}