{"id":768,"date":"2023-03-22T07:44:24","date_gmt":"2023-03-22T07:44:24","guid":{"rendered":"http:\/\/thienxuantravel.com\/tour-cart-page\/"},"modified":"2023-07-05T06:39:32","modified_gmt":"2023-07-05T06:39:32","slug":"tour-cart-page","status":"publish","type":"page","link":"https:\/\/thienxuantravel.com\/en\/tour-cart-page\/","title":{"rendered":"THANK YOU!"},"content":{"rendered":"<p>Tr\u00e2n tr\u1ecdng c\u00e1m \u01a1n Qu\u00fd kh\u00e1ch \u0111\u00e3 tin t\u01b0\u1edfng v\u00e0 ch\u1ecdn Thi\u00ean Xu\u00e2n Travel \u0111\u1ec3 \u0111\u1ed3ng h\u00e0nh trong chuy\u1ebfn \u0111i n\u00e0y. Ch\u00fang t\u00f4i s\u1ebd g\u1edfi \u0111\u1ebfn s\u1ed1 \u0111i\u1ec7n tho\u1ea1i di \u0111\u1ed9ng ho\u1eb7c email c\u1ee7a Qu\u00fd kh\u00e1ch to\u00e0n b\u1ed9 th\u00f4ng tin li\u00ean quan v\u1ec1 chuy\u1ebfn \u0111i nh\u01b0 trong m\u1ee5c <a href=\"https:\/\/thienxuantravel.com\/en\/dieu-kien-va-dieu-khoan\/\">Terms of Conditions<\/a> v\u00e0 <a href=\"https:\/\/thienxuantravel.com\/en\/quy-che-hoat-dong\/\">Privacy Policy<\/a><\/p>\n\n\n\n<p><strong>Thi\u00ean Xu\u00e2n Travel Service Co., Ltd.<\/strong><br>Park 2, 208 Nguy\u1ec5n H\u1eefu C\u1ea3nh, Ph\u01b0\u1eddng 22, <br>Binh Thanh District, Ho Chi Minh City, Vietnam<br>\ud83d\udce8 booking@thienxuantravel.com<br>\u260e\ufe0f +84 888 890 898 \u2014 0938 558 228<\/p>","protected":false},"excerpt":{"rendered":"<p>Tr\u00e2n tr\u1ecdng c\u00e1m \u01a1n Qu\u00fd kh\u00e1ch \u0111\u00e3 tin t\u01b0\u1edfng v\u00e0 ch\u1ecdn Thi\u00ean Xu\u00e2n Travel \u0111\u1ec3 \u0111\u1ed3ng h\u00e0nh trong chuy\u1ebfn \u0111i n\u00e0y. Ch\u00fang t\u00f4i s\u1ebd g\u1edfi \u0111\u1ebfn s\u1ed1 \u0111i\u1ec7n tho\u1ea1i di \u0111\u1ed9ng ho\u1eb7c email c\u1ee7a Qu\u00fd kh\u00e1ch to\u00e0n b\u1ed9 th\u00f4ng tin li\u00ean quan v\u1ec1 chuy\u1ebfn \u0111i nh\u01b0 trong m\u1ee5c \u0110i\u1ec1u ki\u1ec7n v\u00e0 \u0111i\u1ec1u kho\u1ea3n v\u00e0 Ch\u00ednh [&hellip;]<\/p>","protected":false},"author":1,"featured_media":0,"parent":0,"menu_order":0,"comment_status":"open","ping_status":"open","template":"","meta":[],"yoast_head":"<!-- This site is optimized with the Yoast SEO Premium plugin v20.8 (Yoast SEO v20.8) - https:\/\/yoast.com\/wordpress\/plugins\/seo\/ -->\n<title>THANK YOU! - Thi\u00ean Xu\u00e2n Travel<\/title>\n<meta name=\"robots\" content=\"index, follow, max-snippet:-1, max-image-preview:large, max-video-preview:-1\" \/>\n<link rel=\"canonical\" href=\"https:\/\/thienxuantravel.com\/en\/tour-cart-page\/\" \/>\n<meta property=\"og:locale\" content=\"en_US\" \/>\n<meta property=\"og:type\" content=\"article\" \/>\n<meta property=\"og:title\" content=\"THANK YOU!\" \/>\n<meta property=\"og:description\" content=\"Tr\u00e2n tr\u1ecdng c\u00e1m \u01a1n Qu\u00fd kh\u00e1ch \u0111\u00e3 tin t\u01b0\u1edfng v\u00e0 ch\u1ecdn Thi\u00ean Xu\u00e2n Travel \u0111\u1ec3 \u0111\u1ed3ng h\u00e0nh trong chuy\u1ebfn \u0111i n\u00e0y. Ch\u00fang t\u00f4i s\u1ebd g\u1edfi \u0111\u1ebfn s\u1ed1 \u0111i\u1ec7n tho\u1ea1i di \u0111\u1ed9ng ho\u1eb7c email c\u1ee7a Qu\u00fd kh\u00e1ch to\u00e0n b\u1ed9 th\u00f4ng tin li\u00ean quan v\u1ec1 chuy\u1ebfn \u0111i nh\u01b0 trong m\u1ee5c \u0110i\u1ec1u ki\u1ec7n v\u00e0 \u0111i\u1ec1u kho\u1ea3n v\u00e0 Ch\u00ednh [&hellip;]\" \/>\n<meta property=\"og:url\" content=\"https:\/\/thienxuantravel.com\/en\/tour-cart-page\/\" \/>\n<meta property=\"og:site_name\" content=\"Thi\u00ean Xu\u00e2n Travel\" \/>\n<meta property=\"article:publisher\" content=\"https:\/\/www.facebook.com\/thienxuantravel\" \/>\n<meta property=\"article:modified_time\" content=\"2023-07-05T06:39:32+00:00\" \/>\n<meta name=\"twitter:card\" content=\"summary_large_image\" \/>\n<meta name=\"twitter:label1\" content=\"Est. reading time\" \/>\n\t<meta name=\"twitter:data1\" content=\"1 minute\" \/>\n<script type=\"application\/ld+json\" class=\"yoast-schema-graph\">{\"@context\":\"https:\/\/schema.org\",\"@graph\":[{\"@type\":\"WebPage\",\"@id\":\"https:\/\/thienxuantravel.com\/tour-cart-page\/\",\"url\":\"https:\/\/thienxuantravel.com\/tour-cart-page\/\",\"name\":\"THANK YOU! - Thi\u00ean Xu\u00e2n Travel\",\"isPartOf\":{\"@id\":\"https:\/\/thienxuantravel.com\/#website\"},\"datePublished\":\"2023-03-22T07:44:24+00:00\",\"dateModified\":\"2023-07-05T06:39:32+00:00\",\"breadcrumb\":{\"@id\":\"https:\/\/thienxuantravel.com\/tour-cart-page\/#breadcrumb\"},\"inLanguage\":\"en-US\",\"potentialAction\":[{\"@type\":\"ReadAction\",\"target\":[\"https:\/\/thienxuantravel.com\/tour-cart-page\/\"]}]},{\"@type\":\"BreadcrumbList\",\"@id\":\"https:\/\/thienxuantravel.com\/tour-cart-page\/#breadcrumb\",\"itemListElement\":[{\"@type\":\"ListItem\",\"position\":1,\"name\":\"Home\",\"item\":\"https:\/\/thienxuantravel.com\/\"},{\"@type\":\"ListItem\",\"position\":2,\"name\":\"THANK YOU!\"}]},{\"@type\":\"WebSite\",\"@id\":\"https:\/\/thienxuantravel.com\/#website\",\"url\":\"https:\/\/thienxuantravel.com\/\",\"name\":\"Thi\u00ean Xu\u00e2n Travel\",\"description\":\"\",\"publisher\":{\"@id\":\"https:\/\/thienxuantravel.com\/#organization\"},\"potentialAction\":[{\"@type\":\"SearchAction\",\"target\":{\"@type\":\"EntryPoint\",\"urlTemplate\":\"https:\/\/thienxuantravel.com\/?s={search_term_string}\"},\"query-input\":\"required name=search_term_string\"}],\"inLanguage\":\"en-US\"},{\"@type\":\"Organization\",\"@id\":\"https:\/\/thienxuantravel.com\/#organization\",\"name\":\"Thi\u00ean Xu\u00e2n Travel\",\"url\":\"https:\/\/thienxuantravel.com\/\",\"logo\":{\"@type\":\"ImageObject\",\"inLanguage\":\"en-US\",\"@id\":\"https:\/\/thienxuantravel.com\/#\/schema\/logo\/image\/\",\"url\":\"https:\/\/thienxuantravel.com\/wp-content\/uploads\/2023\/03\/thienxuan_logo.png\",\"contentUrl\":\"https:\/\/thienxuantravel.com\/wp-content\/uploads\/2023\/03\/thienxuan_logo.png\",\"width\":500,\"height\":226,\"caption\":\"Thi\u00ean Xu\u00e2n Travel\"},\"image\":{\"@id\":\"https:\/\/thienxuantravel.com\/#\/schema\/logo\/image\/\"},\"sameAs\":[\"https:\/\/www.facebook.com\/thienxuantravel\"]}]}<\/script>\n<!-- \/ Yoast SEO Premium plugin. -->","yoast_head_json":{"title":"THANK YOU! - Thi\u00ean Xu\u00e2n Travel","robots":{"index":"index","follow":"follow","max-snippet":"max-snippet:-1","max-image-preview":"max-image-preview:large","max-video-preview":"max-video-preview:-1"},"canonical":"https:\/\/thienxuantravel.com\/en\/tour-cart-page\/","og_locale":"en_US","og_type":"article","og_title":"THANK YOU!","og_description":"Tr\u00e2n tr\u1ecdng c\u00e1m \u01a1n Qu\u00fd kh\u00e1ch \u0111\u00e3 tin t\u01b0\u1edfng v\u00e0 ch\u1ecdn Thi\u00ean Xu\u00e2n Travel \u0111\u1ec3 \u0111\u1ed3ng h\u00e0nh trong chuy\u1ebfn \u0111i n\u00e0y. Ch\u00fang t\u00f4i s\u1ebd g\u1edfi \u0111\u1ebfn s\u1ed1 \u0111i\u1ec7n tho\u1ea1i di \u0111\u1ed9ng ho\u1eb7c email c\u1ee7a Qu\u00fd kh\u00e1ch to\u00e0n b\u1ed9 th\u00f4ng tin li\u00ean quan v\u1ec1 chuy\u1ebfn \u0111i nh\u01b0 trong m\u1ee5c \u0110i\u1ec1u ki\u1ec7n v\u00e0 \u0111i\u1ec1u kho\u1ea3n v\u00e0 Ch\u00ednh [&hellip;]","og_url":"https:\/\/thienxuantravel.com\/en\/tour-cart-page\/","og_site_name":"Thi\u00ean Xu\u00e2n Travel","article_publisher":"https:\/\/www.facebook.com\/thienxuantravel","article_modified_time":"2023-07-05T06:39:32+00:00","twitter_card":"summary_large_image","twitter_misc":{"Est. reading time":"1 minute"},"schema":{"@context":"https:\/\/schema.org","@graph":[{"@type":"WebPage","@id":"https:\/\/thienxuantravel.com\/tour-cart-page\/","url":"https:\/\/thienxuantravel.com\/tour-cart-page\/","name":"THANK YOU! - Thi\u00ean Xu\u00e2n Travel","isPartOf":{"@id":"https:\/\/thienxuantravel.com\/#website"},"datePublished":"2023-03-22T07:44:24+00:00","dateModified":"2023-07-05T06:39:32+00:00","breadcrumb":{"@id":"https:\/\/thienxuantravel.com\/tour-cart-page\/#breadcrumb"},"inLanguage":"en-US","potentialAction":[{"@type":"ReadAction","target":["https:\/\/thienxuantravel.com\/tour-cart-page\/"]}]},{"@type":"BreadcrumbList","@id":"https:\/\/thienxuantravel.com\/tour-cart-page\/#breadcrumb","itemListElement":[{"@type":"ListItem","position":1,"name":"Home","item":"https:\/\/thienxuantravel.com\/"},{"@type":"ListItem","position":2,"name":"THANK YOU!"}]},{"@type":"WebSite","@id":"https:\/\/thienxuantravel.com\/#website","url":"https:\/\/thienxuantravel.com\/","name":"Thi\u00ean Xu\u00e2n Travel","description":"","publisher":{"@id":"https:\/\/thienxuantravel.com\/#organization"},"potentialAction":[{"@type":"SearchAction","target":{"@type":"EntryPoint","urlTemplate":"https:\/\/thienxuantravel.com\/?s={search_term_string}"},"query-input":"required name=search_term_string"}],"inLanguage":"en-US"},{"@type":"Organization","@id":"https:\/\/thienxuantravel.com\/#organization","name":"Thi\u00ean Xu\u00e2n Travel","url":"https:\/\/thienxuantravel.com\/","logo":{"@type":"ImageObject","inLanguage":"en-US","@id":"https:\/\/thienxuantravel.com\/#\/schema\/logo\/image\/","url":"https:\/\/thienxuantravel.com\/wp-content\/uploads\/2023\/03\/thienxuan_logo.png","contentUrl":"https:\/\/thienxuantravel.com\/wp-content\/uploads\/2023\/03\/thienxuan_logo.png","width":500,"height":226,"caption":"Thi\u00ean Xu\u00e2n Travel"},"image":{"@id":"https:\/\/thienxuantravel.com\/#\/schema\/logo\/image\/"},"sameAs":["https:\/\/www.facebook.com\/thienxuantravel"]}]}},"_links":{"self":[{"href":"https:\/\/thienxuantravel.com\/en\/wp-json\/wp\/v2\/pages\/768"}],"collection":[{"href":"https:\/\/thienxuantravel.com\/en\/wp-json\/wp\/v2\/pages"}],"about":[{"href":"https:\/\/thienxuantravel.com\/en\/wp-json\/wp\/v2\/types\/page"}],"author":[{"embeddable":true,"href":"https:\/\/thienxuantravel.com\/en\/wp-json\/wp\/v2\/users\/1"}],"replies":[{"embeddable":true,"href":"https:\/\/thienxuantravel.com\/en\/wp-json\/wp\/v2\/comments?post=768"}],"version-history":[{"count":4,"href":"https:\/\/thienxuantravel.com\/en\/wp-json\/wp\/v2\/pages\/768\/revisions"}],"predecessor-version":[{"id":15106,"href":"https:\/\/thienxuantravel.com\/en\/wp-json\/wp\/v2\/pages\/768\/revisions\/15106"}],"wp:attachment":[{"href":"https:\/\/thienxuantravel.com\/en\/wp-json\/wp\/v2\/media?parent=768"}],"curies":[{"name":"wp","href":"https:\/\/api.w.org\/{rel}","templated":true}]}}