{"id":8647,"date":"2023-03-30T15:26:28","date_gmt":"2023-03-30T15:26:28","guid":{"rendered":"http:\/\/thienxuantravel.com\/?page_id=8647"},"modified":"2025-09-10T23:42:50","modified_gmt":"2025-09-10T23:42:50","slug":"about-us","status":"publish","type":"page","link":"https:\/\/thienxuantravel.com\/en\/about-us\/","title":{"rendered":"About Us"},"content":{"rendered":"<div class=\"vc_row wpb_row row\">\n\t<div class=\"col-sm-12\">\n\t\t\t<h1 style=\"font-size: 28px;color: #000000;line-height: 1;text-align: left;font-family:Montserrat;font-weight:400;font-style:normal\" class=\"vc_custom_heading\" >About Us<\/h1>\n\t<\/div> \n<\/div><div class=\"vc_row wpb_row row\">\n\t<div class=\"col-sm-12\">\n\t\t\t\n\t<div>\n\t\t\t<div class=\"translation-block\">\n<p>C\u00f4ng ty TNHH D\u1ecbch V\u1ee5 Du L\u1ecbch Thi\u00ean Xu\u00e2n (Thi\u00ean Xu\u00e2n Travel) xin g\u1eedi l\u1eddi ch\u00e0o tr\u00e2n tr\u1ecdng \u0111\u1ebfn Qu\u00fd kh\u00e1ch h\u00e0ng v\u00e0 Qu\u00fd \u0111\u1ed1i t\u00e1c.<\/p>\n<p>K\u00ednh ch\u00fac Qu\u00fd kh\u00e1ch h\u00e0ng c\u00f9ng Qu\u00fd \u0111\u1ed1i t\u00e1c lu\u00f4n d\u1ed3i d\u00e0o s\u1ee9c kh\u1ecfe, th\u00e0nh \u0111\u1ea1t v\u00e0 th\u1ecbnh v\u01b0\u1ee3ng.<\/p>\n<p>\u0110\u01b0\u1ee3c th\u00e0nh l\u1eadp n\u0103m 2014, v\u1edbi ho\u1ea1t \u0111\u1ed9ng ban \u0111\u1ea7u l\u00e0 \u0111\u1ea1i l\u00fd v\u00e9 m\u00e1y bay, tr\u1ea3i qua h\u01a1n 11 n\u0103m h\u00ecnh th\u00e0nh v\u00e0 ph\u00e1t tri\u1ec3n, hi\u1ec7n nay Thi\u00ean Xu\u00e2n Travel l\u00e0 \u0111\u1ea1i l\u00fd h\u00e0ng \u0111\u1ea7u \u0111\u01b0\u1ee3c ch\u1ec9 \u0111\u1ecbnh c\u1ee7a Vietnam Airlines c\u00f9ng c\u00e1c h\u00e3ng h\u00e0ng kh\u00f4ng n\u1ed9i \u0111\u1ecba v\u00e0 h\u01a1n 100 h\u00e3ng h\u00e0ng kh\u00f4ng qu\u1ed1c t\u1ebf; \u0111\u1ed3ng th\u1eddi l\u00e0 m\u1ed9t doanh nghi\u1ec7p c\u00f3 uy t\u00edn cung c\u1ea5p d\u1ecbch v\u1ee5 du l\u1ecbch tr\u1ecdn g\u00f3i trong v\u00e0 ngo\u00e0i n\u01b0\u1edbc c\u00f9ng c\u00e1c d\u1ecbch v\u1ee5 kh\u00e1c\u2026<\/p>\n<p>Thi\u00ean Xu\u00e2n Travel v\u1edbi ch\u00e2m ng\u00f4n \u201cLive your travel dreams \u2014Th\u1ef1c hi\u1ec7n c\u00e1c gi\u1ea5c m\u01a1 chu du kh\u1eafp th\u1ebf gian\u201d, \u0111\u1ebfn nh\u1eefng v\u00f9ng \u0111\u1ea5t m\u1edbi, nh\u1eefng danh lam th\u1eafng c\u1ea3nh t\u1eebng m\u01a1 \u01b0\u1edbc, v\u1edbi ch\u1ea5t l\u01b0\u1ee3ng d\u1ecbch v\u1ee5 ho\u00e0n h\u1ea3o nh\u1ea5t v\u1edbi m\u1ed9t ng\u00e2n s\u00e1ch kh\u1ea3 thi nh\u1ea5t.<\/p>\n<p>\u0110\u1ed9i ng\u0169 nh\u00e2n vi\u00ean Thi\u00ean Xu\u00e2n Travel \u0111\u01b0\u1ee3c tuy\u1ec3n ch\u1ecdn v\u00e0 \u0111\u00e0o t\u1ea1o chuy\u00ean nghi\u1ec7p, d\u1ea7y d\u1eb7n kinh nghi\u1ec7m trong l\u0129nh v\u1ef1c d\u1ecbch v\u1ee5 du l\u1ecbch. V\u1edbi t\u00f4n ch\u1ec9 l\u00e0m vi\u1ec7c lu\u00f4n lu\u00f4n trung th\u1ef1c, mang l\u1ea1i nh\u1eefng gi\u00e1 tr\u1ecb thi\u1ebft th\u1ef1c v\u00e0 ph\u1ee5c v\u1ee5 t\u1eadn t\u00e2m, chu \u0111\u00e1o.<br \/>\nR\u1ea5t h\u00e2n h\u1ea1nh \u0111\u01b0\u1ee3c ph\u1ee5c v\u1ee5 qu\u00fd kh\u00e1ch.<\/p>\n<p>TH\u00d4NG TIN CHI TI\u1ebeT:<\/p>\n<p>T\u00ean doanh nghi\u1ec7p: C\u00f4ng Ty TNHH D\u1ecbch V\u1ee5 Du L\u1ecbch Thi\u00ean Xu\u00e2n<\/p>\n<p>T\u00ean ti\u1ebfng Anh: THIEN XUAN TRAVEL SERVICE CO., LTD.<\/p>\n<p>T\u00ean giao d\u1ecbch: THI\u00caN XU\u00c2N TRAVEL<\/p>\n<p>M\u00e3 s\u1ed1 Thu\u1ebf: 0312753746<\/p>\n<p>\u0110\u1ea1i di\u1ec7n Ph\u00e1p lu\u1eadt: B\u00e0 V\u00f5 Th\u1ecb Thi\u00ean H\u01b0\u01a1ng<\/p>\n<p>T\u1ed5ng Gi\u00e1m \u0111\u1ed1c: B\u00e0 V\u00f5 Th\u1ecb Thi\u00ean H\u01b0\u01a1ng<\/p>\n<p>Ng\u00e0y c\u1ea5p gi\u1ea5y ph\u00e9p l\u1ea7n \u0111\u1ea7u: 23\/04\/2014<\/p>\n<\/div>\n\n\t<\/div> \n\t<\/div> \n<\/div><div class=\"vc_row wpb_row row\">\n\t<div class=\"col-sm-4\">\n\t\t\t<div class=\"vc-hoverbox-wrapper  vc_custom_1682122057025 vc-hoverbox-shape--rounded vc-hoverbox-align--center vc-hoverbox-direction--default vc-hoverbox-width--100\"  ontouchstart=\"\">\n  <div class=\"vc-hoverbox\">\n    <div class=\"vc-hoverbox-inner\">\n      <div class=\"vc-hoverbox-block vc-hoverbox-front\" style=\"background-image: url(https:\/\/thienxuantravel.com\/wp-content\/uploads\/2023\/04\/Thien-Xuan-Airport-VIP-Services1.jpg);\">\n        <div class=\"vc-hoverbox-block-inner vc-hoverbox-front-inner\">\n            \n        <\/div>\n      <\/div>\n      <div class=\"vc-hoverbox-block vc-hoverbox-back\" style=\"background-color: #ebebeb;\">\n        <div class=\"vc-hoverbox-block-inner vc-hoverbox-back-inner\">\n            \n            <p>D\u1ecbch v\u1ee5 \u0110\u00f3n ti\u1ec5n VIP s\u00e2n bay<br \/>\nAirport VIP Welcome-Goodbye Service<br \/>\nHotline: +84 888 890 898<\/p>\n<p>&nbsp;<\/p>\n\n            \n        <\/div>\n      <\/div>\n    <\/div>\n  <\/div>\n<\/div>\n\t<\/div> \n\n\t<div class=\"col-sm-4\">\n\t\t\t<div class=\"vc-hoverbox-wrapper  vc_custom_1682122067638 vc-hoverbox-shape--rounded vc-hoverbox-align--center vc-hoverbox-direction--default vc-hoverbox-width--100\"  ontouchstart=\"\">\n  <div class=\"vc-hoverbox\">\n    <div class=\"vc-hoverbox-inner\">\n      <div class=\"vc-hoverbox-block vc-hoverbox-front\" style=\"background-image: url(https:\/\/thienxuantravel.com\/wp-content\/uploads\/2023\/04\/Thien-Xuan-Airport-VIP-Services2.jpg);\">\n        <div class=\"vc-hoverbox-block-inner vc-hoverbox-front-inner\">\n            \n        <\/div>\n      <\/div>\n      <div class=\"vc-hoverbox-block vc-hoverbox-back\" style=\"background-color: #ebebeb;\">\n        <div class=\"vc-hoverbox-block-inner vc-hoverbox-back-inner\">\n            \n            <p>L\u00e0m th\u1ee7 t\u1ee5c xu\u1ea5t nh\u1eadp c\u1ea3nh nhanh<br \/>\nQuick Entry and Exit procedures<br \/>\nHotline: +84 888 890 898<\/p>\n\n            \n        <\/div>\n      <\/div>\n    <\/div>\n  <\/div>\n<\/div>\n\t<\/div> \n\n\t<div class=\"col-sm-4\">\n\t\t\t<div class=\"vc-hoverbox-wrapper  vc_custom_1682122079560 vc-hoverbox-shape--rounded vc-hoverbox-align--center vc-hoverbox-direction--default vc-hoverbox-width--100\"  ontouchstart=\"\">\n  <div class=\"vc-hoverbox\">\n    <div class=\"vc-hoverbox-inner\">\n      <div class=\"vc-hoverbox-block vc-hoverbox-front\" style=\"background-image: url(https:\/\/thienxuantravel.com\/wp-content\/uploads\/2023\/04\/Thien-Xuan-Airport-VIP-Services3.jpg);\">\n        <div class=\"vc-hoverbox-block-inner vc-hoverbox-front-inner\">\n            \n        <\/div>\n      <\/div>\n      <div class=\"vc-hoverbox-block vc-hoverbox-back\" style=\"background-color: #ebebeb;\">\n        <div class=\"vc-hoverbox-block-inner vc-hoverbox-back-inner\">\n            \n            <p>L\u1ed1i \u0111i ri\u00eang &#8211; Kh\u00f4ng x\u1ebfp h\u00e0ng<br \/>\nPrivate entrance &#8211; No queues<br \/>\nHotline: +84 888 890 898<\/p>\n\n            \n        <\/div>\n      <\/div>\n    <\/div>\n  <\/div>\n<\/div>\n\t<\/div> \n<\/div><div class=\"vc_row wpb_row row\">\n\t<div class=\"col-sm-12\">\n\t\t\t<div class=\"fb_like wpb_content_element fb_type_standard\" ><iframe src=\"https:\/\/www.facebook.com\/plugins\/like.php?href=https:\/\/thienxuantravel.com\/en\/about-us\/&amp;layout=standard&amp;show_faces=false&amp;action=like&amp;colorscheme=light\" scrolling=\"no\" frameborder=\"0\" allowtransparency=\"true\"><\/iframe><\/div>\n\t<\/div> \n<\/div>","protected":false},"excerpt":{"rendered":"\u0110\u00f4i d\u00f2ng gi\u1edbi thi\u1ec7u C\u00f4ng ty TNHH D\u1ecbch V\u1ee5 Du L\u1ecbch Thi\u00ean Xu\u00e2n (Thi\u00ean Xu\u00e2n Travel) xin g\u1eedi l\u1eddi ch\u00e0o tr\u00e2n tr\u1ecdng \u0111\u1ebfn Qu\u00fd kh\u00e1ch h\u00e0ng v\u00e0 Qu\u00fd \u0111\u1ed1i t\u00e1c. K\u00ednh ch\u00fac Qu\u00fd kh\u00e1ch h\u00e0ng c\u00f9ng Qu\u00fd \u0111\u1ed1i t\u00e1c lu\u00f4n d\u1ed3i d\u00e0o s\u1ee9c kh\u1ecfe, th\u00e0nh \u0111\u1ea1t v\u00e0 th\u1ecbnh v\u01b0\u1ee3ng. \u0110\u01b0\u1ee3c th\u00e0nh l\u1eadp n\u0103m 2014, v\u1edbi [...]","protected":false},"author":1,"featured_media":0,"parent":0,"menu_order":0,"comment_status":"closed","ping_status":"closed","template":"","meta":[],"yoast_head":"<!-- This site is optimized with the Yoast SEO Premium plugin v20.8 (Yoast SEO v20.8) - https:\/\/yoast.com\/wordpress\/plugins\/seo\/ -->\n<title>About Us - Thi\u00ean Xu\u00e2n Travel<\/title>\n<meta name=\"description\" content=\"Thi\u00ean Xu\u00e2n Travel v\u1edbi ch\u00e2m ng\u00f4n \u201cLive your travel dreams \u2014Th\u1ef1c hi\u1ec7n c\u00e1c gi\u1ea5c m\u01a1 chu du kh\u1eafp th\u1ebf gian\u201d\" \/>\n<meta name=\"robots\" content=\"index, follow, max-snippet:-1, max-image-preview:large, max-video-preview:-1\" \/>\n<link rel=\"canonical\" href=\"https:\/\/thienxuantravel.com\/en\/about-us\/\" \/>\n<meta property=\"og:locale\" content=\"en_US\" \/>\n<meta property=\"og:type\" content=\"article\" \/>\n<meta property=\"og:title\" content=\"About Thi\u00ean Xu\u00e2n Trave\" \/>\n<meta property=\"og:description\" content=\"C\u00f4ng ty TNHH D\u1ecbch V\u1ee5 Du L\u1ecbch Thi\u00ean Xu\u00e2n (Thi\u00ean Xu\u00e2n Travel). D\u1ecbch v\u1ee5 \u0110\u00f3n ti\u1ec5n VIP s\u00e2n bay: L\u1ed1i \u0111i ri\u00eang \u2013 H\u1ed7 tr\u1ee3 l\u1ea5y Visa \u2013 L\u00e0m th\u1ee7 t\u1ee5c xu\u1ea5t nh\u1eadp c\u1ea3nh nhanh\" \/>\n<meta property=\"og:url\" content=\"https:\/\/thienxuantravel.com\/en\/about-us\/\" \/>\n<meta property=\"og:site_name\" content=\"Thi\u00ean Xu\u00e2n Travel\" \/>\n<meta property=\"article:publisher\" content=\"https:\/\/www.facebook.com\/thienxuantravel\" \/>\n<meta property=\"article:modified_time\" content=\"2025-09-10T23:42:50+00:00\" \/>\n<meta property=\"og:image\" content=\"https:\/\/thienxuantravel.com\/wp-content\/uploads\/2024\/04\/Halong-Bay-Shutterstock-1872545233.jpg\" \/>\n\t<meta property=\"og:image:width\" content=\"1900\" \/>\n\t<meta property=\"og:image:height\" content=\"1267\" \/>\n\t<meta property=\"og:image:type\" content=\"image\/jpeg\" \/>\n<meta name=\"twitter:card\" content=\"summary_large_image\" \/>\n<meta name=\"twitter:title\" content=\"Thi\u00ean Xu\u00e2n Travel\" \/>\n<meta name=\"twitter:description\" content=\"D\u1ecbch v\u1ee5 \u0110\u00f3n ti\u1ec5n VIP s\u00e2n bay: L\u1ed1i \u0111i ri\u00eang \u2013 H\u1ed7 tr\u1ee3 l\u1ea5y Visa \u2013 L\u00e0m th\u1ee7 t\u1ee5c xu\u1ea5t nh\u1eadp c\u1ea3nh nhanh\" \/>\n<meta name=\"twitter:image\" content=\"https:\/\/thienxuantravel.com\/wp-content\/uploads\/2024\/04\/Halong-Bay-Shutterstock-1872545233.jpg\" \/>\n<meta name=\"twitter:label1\" content=\"Est. reading time\" \/>\n\t<meta name=\"twitter:data1\" content=\"2 minutes\" \/>\n<script type=\"application\/ld+json\" class=\"yoast-schema-graph\">{\"@context\":\"https:\/\/schema.org\",\"@graph\":[{\"@type\":\"WebPage\",\"@id\":\"https:\/\/thienxuantravel.com\/about-us\/\",\"url\":\"https:\/\/thienxuantravel.com\/about-us\/\",\"name\":\"About Us - Thi\u00ean Xu\u00e2n Travel\",\"isPartOf\":{\"@id\":\"https:\/\/thienxuantravel.com\/#website\"},\"datePublished\":\"2023-03-30T15:26:28+00:00\",\"dateModified\":\"2025-09-10T23:42:50+00:00\",\"description\":\"Thi\u00ean Xu\u00e2n Travel v\u1edbi ch\u00e2m ng\u00f4n \u201cLive your travel dreams \u2014Th\u1ef1c hi\u1ec7n c\u00e1c gi\u1ea5c m\u01a1 chu du kh\u1eafp th\u1ebf gian\u201d\",\"breadcrumb\":{\"@id\":\"https:\/\/thienxuantravel.com\/about-us\/#breadcrumb\"},\"inLanguage\":\"en-US\",\"potentialAction\":[{\"@type\":\"ReadAction\",\"target\":[\"https:\/\/thienxuantravel.com\/about-us\/\"]}]},{\"@type\":\"BreadcrumbList\",\"@id\":\"https:\/\/thienxuantravel.com\/about-us\/#breadcrumb\",\"itemListElement\":[{\"@type\":\"ListItem\",\"position\":1,\"name\":\"Home\",\"item\":\"https:\/\/thienxuantravel.com\/\"},{\"@type\":\"ListItem\",\"position\":2,\"name\":\"About Us\"}]},{\"@type\":\"WebSite\",\"@id\":\"https:\/\/thienxuantravel.com\/#website\",\"url\":\"https:\/\/thienxuantravel.com\/\",\"name\":\"Thi\u00ean Xu\u00e2n Travel\",\"description\":\"\",\"publisher\":{\"@id\":\"https:\/\/thienxuantravel.com\/#organization\"},\"potentialAction\":[{\"@type\":\"SearchAction\",\"target\":{\"@type\":\"EntryPoint\",\"urlTemplate\":\"https:\/\/thienxuantravel.com\/?s={search_term_string}\"},\"query-input\":\"required name=search_term_string\"}],\"inLanguage\":\"en-US\"},{\"@type\":\"Organization\",\"@id\":\"https:\/\/thienxuantravel.com\/#organization\",\"name\":\"Thi\u00ean Xu\u00e2n Travel\",\"url\":\"https:\/\/thienxuantravel.com\/\",\"logo\":{\"@type\":\"ImageObject\",\"inLanguage\":\"en-US\",\"@id\":\"https:\/\/thienxuantravel.com\/#\/schema\/logo\/image\/\",\"url\":\"https:\/\/thienxuantravel.com\/wp-content\/uploads\/2023\/03\/thienxuan_logo.png\",\"contentUrl\":\"https:\/\/thienxuantravel.com\/wp-content\/uploads\/2023\/03\/thienxuan_logo.png\",\"width\":500,\"height\":226,\"caption\":\"Thi\u00ean Xu\u00e2n Travel\"},\"image\":{\"@id\":\"https:\/\/thienxuantravel.com\/#\/schema\/logo\/image\/\"},\"sameAs\":[\"https:\/\/www.facebook.com\/thienxuantravel\"]}]}<\/script>\n<!-- \/ Yoast SEO Premium plugin. -->","yoast_head_json":{"title":"About Us - Thi\u00ean Xu\u00e2n Travel","description":"Thi\u00ean Xu\u00e2n Travel v\u1edbi ch\u00e2m ng\u00f4n \u201cLive your travel dreams \u2014Th\u1ef1c hi\u1ec7n c\u00e1c gi\u1ea5c m\u01a1 chu du kh\u1eafp th\u1ebf gian\u201d","robots":{"index":"index","follow":"follow","max-snippet":"max-snippet:-1","max-image-preview":"max-image-preview:large","max-video-preview":"max-video-preview:-1"},"canonical":"https:\/\/thienxuantravel.com\/en\/about-us\/","og_locale":"en_US","og_type":"article","og_title":"About Thi\u00ean Xu\u00e2n Trave","og_description":"C\u00f4ng ty TNHH D\u1ecbch V\u1ee5 Du L\u1ecbch Thi\u00ean Xu\u00e2n (Thi\u00ean Xu\u00e2n Travel). D\u1ecbch v\u1ee5 \u0110\u00f3n ti\u1ec5n VIP s\u00e2n bay: L\u1ed1i \u0111i ri\u00eang \u2013 H\u1ed7 tr\u1ee3 l\u1ea5y Visa \u2013 L\u00e0m th\u1ee7 t\u1ee5c xu\u1ea5t nh\u1eadp c\u1ea3nh nhanh","og_url":"https:\/\/thienxuantravel.com\/en\/about-us\/","og_site_name":"Thi\u00ean Xu\u00e2n Travel","article_publisher":"https:\/\/www.facebook.com\/thienxuantravel","article_modified_time":"2025-09-10T23:42:50+00:00","og_image":[{"width":1900,"height":1267,"url":"https:\/\/thienxuantravel.com\/wp-content\/uploads\/2024\/04\/Halong-Bay-Shutterstock-1872545233.jpg","type":"image\/jpeg"}],"twitter_card":"summary_large_image","twitter_title":"Thi\u00ean Xu\u00e2n Travel","twitter_description":"D\u1ecbch v\u1ee5 \u0110\u00f3n ti\u1ec5n VIP s\u00e2n bay: L\u1ed1i \u0111i ri\u00eang \u2013 H\u1ed7 tr\u1ee3 l\u1ea5y Visa \u2013 L\u00e0m th\u1ee7 t\u1ee5c xu\u1ea5t nh\u1eadp c\u1ea3nh nhanh","twitter_image":"https:\/\/thienxuantravel.com\/wp-content\/uploads\/2024\/04\/Halong-Bay-Shutterstock-1872545233.jpg","twitter_misc":{"Est. reading time":"2 minutes"},"schema":{"@context":"https:\/\/schema.org","@graph":[{"@type":"WebPage","@id":"https:\/\/thienxuantravel.com\/about-us\/","url":"https:\/\/thienxuantravel.com\/about-us\/","name":"About Us - Thi\u00ean Xu\u00e2n Travel","isPartOf":{"@id":"https:\/\/thienxuantravel.com\/#website"},"datePublished":"2023-03-30T15:26:28+00:00","dateModified":"2025-09-10T23:42:50+00:00","description":"Thi\u00ean Xu\u00e2n Travel v\u1edbi ch\u00e2m ng\u00f4n \u201cLive your travel dreams \u2014Th\u1ef1c hi\u1ec7n c\u00e1c gi\u1ea5c m\u01a1 chu du kh\u1eafp th\u1ebf gian\u201d","breadcrumb":{"@id":"https:\/\/thienxuantravel.com\/about-us\/#breadcrumb"},"inLanguage":"en-US","potentialAction":[{"@type":"ReadAction","target":["https:\/\/thienxuantravel.com\/about-us\/"]}]},{"@type":"BreadcrumbList","@id":"https:\/\/thienxuantravel.com\/about-us\/#breadcrumb","itemListElement":[{"@type":"ListItem","position":1,"name":"Home","item":"https:\/\/thienxuantravel.com\/"},{"@type":"ListItem","position":2,"name":"About Us"}]},{"@type":"WebSite","@id":"https:\/\/thienxuantravel.com\/#website","url":"https:\/\/thienxuantravel.com\/","name":"Thi\u00ean Xu\u00e2n Travel","description":"","publisher":{"@id":"https:\/\/thienxuantravel.com\/#organization"},"potentialAction":[{"@type":"SearchAction","target":{"@type":"EntryPoint","urlTemplate":"https:\/\/thienxuantravel.com\/?s={search_term_string}"},"query-input":"required name=search_term_string"}],"inLanguage":"en-US"},{"@type":"Organization","@id":"https:\/\/thienxuantravel.com\/#organization","name":"Thi\u00ean Xu\u00e2n Travel","url":"https:\/\/thienxuantravel.com\/","logo":{"@type":"ImageObject","inLanguage":"en-US","@id":"https:\/\/thienxuantravel.com\/#\/schema\/logo\/image\/","url":"https:\/\/thienxuantravel.com\/wp-content\/uploads\/2023\/03\/thienxuan_logo.png","contentUrl":"https:\/\/thienxuantravel.com\/wp-content\/uploads\/2023\/03\/thienxuan_logo.png","width":500,"height":226,"caption":"Thi\u00ean Xu\u00e2n Travel"},"image":{"@id":"https:\/\/thienxuantravel.com\/#\/schema\/logo\/image\/"},"sameAs":["https:\/\/www.facebook.com\/thienxuantravel"]}]}},"_links":{"self":[{"href":"https:\/\/thienxuantravel.com\/en\/wp-json\/wp\/v2\/pages\/8647"}],"collection":[{"href":"https:\/\/thienxuantravel.com\/en\/wp-json\/wp\/v2\/pages"}],"about":[{"href":"https:\/\/thienxuantravel.com\/en\/wp-json\/wp\/v2\/types\/page"}],"author":[{"embeddable":true,"href":"https:\/\/thienxuantravel.com\/en\/wp-json\/wp\/v2\/users\/1"}],"replies":[{"embeddable":true,"href":"https:\/\/thienxuantravel.com\/en\/wp-json\/wp\/v2\/comments?post=8647"}],"version-history":[{"count":29,"href":"https:\/\/thienxuantravel.com\/en\/wp-json\/wp\/v2\/pages\/8647\/revisions"}],"predecessor-version":[{"id":19770,"href":"https:\/\/thienxuantravel.com\/en\/wp-json\/wp\/v2\/pages\/8647\/revisions\/19770"}],"wp:attachment":[{"href":"https:\/\/thienxuantravel.com\/en\/wp-json\/wp\/v2\/media?parent=8647"}],"curies":[{"name":"wp","href":"https:\/\/api.w.org\/{rel}","templated":true}]}}