{"id":8651,"date":"2023-03-31T02:31:01","date_gmt":"2023-03-31T02:31:01","guid":{"rendered":"http:\/\/thienxuantravel.com\/?page_id=8651"},"modified":"2025-07-05T03:08:02","modified_gmt":"2025-07-05T03:08:02","slug":"contact","status":"publish","type":"page","link":"https:\/\/thienxuantravel.com\/en\/contact\/","title":{"rendered":"Contact"},"content":{"rendered":"<div class=\"vc_row wpb_row row\">\n\t<div class=\"col-sm-12\">\n\t\t\t<div class=\"wpb_gmaps_widget wpb_content_element\"><div class=\"wpb_wrapper\"><div class=\"wpb_map_wraper\"><iframe src=\"https:\/\/www.google.com\/maps\/embed?pb=!1m18!1m12!1m3!1d7775.2482891553!2d106.72069353934295!3d10.796779115400627!2m3!1f0!2f0!3f0!3m2!1i1024!2i768!4f13.1!3m3!1m2!1s0x317528a91771a389%3A0xf5135cd45d20fdf7!2zMjA4IE5ndXnhu4VuIEjhu691IEPhuqNuaCwgVmluaG9tZXMgVMOibiBD4bqjbmcsIELDrG5oIFRo4bqhbmgsIFRow6BuaCBwaOG7kSBI4buTIENow60gTWluaCA3MjMyNCwgVmnhu4d0IE5hbQ!5e0!3m2!1svi!2s!4v1680673959137!5m2!1svi!2s\" style=\"border:0;width:100%;height:600px\" allowfullscreen=\"\" loading=\"lazy\" referrerpolicy=\"no-referrer-when-downgrade\"><\/iframe><\/div><\/div><\/div>\n\t<\/div> \n<\/div><div class=\"vc_row wpb_row row\">\n\t<div class=\"col-sm-12\">\n\t\t\t\n\t<div>\n\t\t\t<h3><strong>Thi\u00ean Xu\u00e2n Travel Service Co., Ltd.<\/strong><\/h3>\n<p>Park 2 , 208 Nguyen Huu Canh Street<br \/>\nThanh My Tay Ward, H0 Chi Minh City<br \/>\nbooking@thienxuantravel.com<br \/>\nHotline: +84 888 890 898<\/p>\n\n\t<\/div> \n\t<div>\n\t\t\t<p><strong>Office in the United States<\/strong><br \/>\n14114 Beech Glen Dr, Houston, TX 77083<br \/>\n\u260e\ufe0f +1 (281) 906-2744<\/p>\n\n\t<\/div> \n\t<\/div> \n<\/div>","protected":false},"excerpt":{"rendered":"Thi\u00ean Xu\u00e2n Travel Service Co., Ltd. Park 2, 208 Nguy\u1ec5n H\u1eefu C\u1ea3nh, Ph\u01b0\u1eddng Th\u1ea1nh M\u1ef9 T\u00e2y, TP. HCM booking@thienxuantravel.com Hotline: +84 888 890 898 Office in the United States 14114 Beech Glen Dr, Houston, TX 77083 \u260e\ufe0f +1 (281) 906-2744","protected":false},"author":1,"featured_media":0,"parent":0,"menu_order":0,"comment_status":"closed","ping_status":"closed","template":"","meta":[],"yoast_head":"<!-- This site is optimized with the Yoast SEO Premium plugin v20.8 (Yoast SEO v20.8) - https:\/\/yoast.com\/wordpress\/plugins\/seo\/ -->\n<title>Contact - Thi\u00ean Xu\u00e2n Travel<\/title>\n<meta name=\"description\" content=\"Live your travel dreams! Thi\u00ean Xu\u00e2n Travel Service Co., Ltd. Park 2, 208 Nguy\u1ec5n H\u1eefu C\u1ea3nh, Ph\u01b0\u1eddng 22, Qu\u1eadn B\u00ecnh Th\u1ea1nh, TP. HCM\" \/>\n<meta name=\"robots\" content=\"index, follow, max-snippet:-1, max-image-preview:large, max-video-preview:-1\" \/>\n<link rel=\"canonical\" href=\"https:\/\/thienxuantravel.com\/en\/contact\/\" \/>\n<meta property=\"og:locale\" content=\"en_US\" \/>\n<meta property=\"og:type\" content=\"article\" \/>\n<meta property=\"og:title\" content=\"Li\u00ean h\u1ec7 Thi\u00ean Xu\u00e2n Travel\" \/>\n<meta property=\"og:description\" content=\"Thi\u00ean Xu\u00e2n Travel Service Co., Ltd.\" \/>\n<meta property=\"og:url\" content=\"https:\/\/thienxuantravel.com\/en\/contact\/\" \/>\n<meta property=\"og:site_name\" content=\"Thi\u00ean Xu\u00e2n Travel\" \/>\n<meta property=\"article:publisher\" content=\"https:\/\/www.facebook.com\/thienxuantravel\" \/>\n<meta property=\"article:modified_time\" content=\"2025-07-05T03:08:02+00:00\" \/>\n<meta property=\"og:image\" content=\"https:\/\/thienxuantravel.com\/wp-content\/uploads\/2023\/04\/socialicon-about.jpg\" \/>\n\t<meta property=\"og:image:width\" content=\"1920\" \/>\n\t<meta property=\"og:image:height\" content=\"1280\" \/>\n\t<meta property=\"og:image:type\" content=\"image\/jpeg\" \/>\n<meta name=\"twitter:card\" content=\"summary_large_image\" \/>\n<meta name=\"twitter:title\" content=\"Contact\" \/>\n<meta name=\"twitter:label1\" content=\"Est. reading time\" \/>\n\t<meta name=\"twitter:data1\" content=\"1 minute\" \/>\n<script type=\"application\/ld+json\" class=\"yoast-schema-graph\">{\"@context\":\"https:\/\/schema.org\",\"@graph\":[{\"@type\":\"WebPage\",\"@id\":\"https:\/\/thienxuantravel.com\/contact\/\",\"url\":\"https:\/\/thienxuantravel.com\/contact\/\",\"name\":\"Contact - Thi\u00ean Xu\u00e2n Travel\",\"isPartOf\":{\"@id\":\"https:\/\/thienxuantravel.com\/#website\"},\"datePublished\":\"2023-03-31T02:31:01+00:00\",\"dateModified\":\"2025-07-05T03:08:02+00:00\",\"description\":\"Live your travel dreams! Thi\u00ean Xu\u00e2n Travel Service Co., Ltd. Park 2, 208 Nguy\u1ec5n H\u1eefu C\u1ea3nh, Ph\u01b0\u1eddng 22, Qu\u1eadn B\u00ecnh Th\u1ea1nh, TP. HCM\",\"breadcrumb\":{\"@id\":\"https:\/\/thienxuantravel.com\/contact\/#breadcrumb\"},\"inLanguage\":\"en-US\",\"potentialAction\":[{\"@type\":\"ReadAction\",\"target\":[\"https:\/\/thienxuantravel.com\/contact\/\"]}]},{\"@type\":\"BreadcrumbList\",\"@id\":\"https:\/\/thienxuantravel.com\/contact\/#breadcrumb\",\"itemListElement\":[{\"@type\":\"ListItem\",\"position\":1,\"name\":\"Home\",\"item\":\"https:\/\/thienxuantravel.com\/\"},{\"@type\":\"ListItem\",\"position\":2,\"name\":\"Contact\"}]},{\"@type\":\"WebSite\",\"@id\":\"https:\/\/thienxuantravel.com\/#website\",\"url\":\"https:\/\/thienxuantravel.com\/\",\"name\":\"Thi\u00ean Xu\u00e2n Travel\",\"description\":\"\",\"publisher\":{\"@id\":\"https:\/\/thienxuantravel.com\/#organization\"},\"potentialAction\":[{\"@type\":\"SearchAction\",\"target\":{\"@type\":\"EntryPoint\",\"urlTemplate\":\"https:\/\/thienxuantravel.com\/?s={search_term_string}\"},\"query-input\":\"required name=search_term_string\"}],\"inLanguage\":\"en-US\"},{\"@type\":\"Organization\",\"@id\":\"https:\/\/thienxuantravel.com\/#organization\",\"name\":\"Thi\u00ean Xu\u00e2n Travel\",\"url\":\"https:\/\/thienxuantravel.com\/\",\"logo\":{\"@type\":\"ImageObject\",\"inLanguage\":\"en-US\",\"@id\":\"https:\/\/thienxuantravel.com\/#\/schema\/logo\/image\/\",\"url\":\"https:\/\/thienxuantravel.com\/wp-content\/uploads\/2023\/03\/thienxuan_logo.png\",\"contentUrl\":\"https:\/\/thienxuantravel.com\/wp-content\/uploads\/2023\/03\/thienxuan_logo.png\",\"width\":500,\"height\":226,\"caption\":\"Thi\u00ean Xu\u00e2n Travel\"},\"image\":{\"@id\":\"https:\/\/thienxuantravel.com\/#\/schema\/logo\/image\/\"},\"sameAs\":[\"https:\/\/www.facebook.com\/thienxuantravel\"]}]}<\/script>\n<!-- \/ Yoast SEO Premium plugin. -->","yoast_head_json":{"title":"Contact - Thi\u00ean Xu\u00e2n Travel","description":"Live your travel dreams! Thi\u00ean Xu\u00e2n Travel Service Co., Ltd. Park 2, 208 Nguy\u1ec5n H\u1eefu C\u1ea3nh, Ph\u01b0\u1eddng 22, Qu\u1eadn B\u00ecnh Th\u1ea1nh, TP. HCM","robots":{"index":"index","follow":"follow","max-snippet":"max-snippet:-1","max-image-preview":"max-image-preview:large","max-video-preview":"max-video-preview:-1"},"canonical":"https:\/\/thienxuantravel.com\/en\/contact\/","og_locale":"en_US","og_type":"article","og_title":"Li\u00ean h\u1ec7 Thi\u00ean Xu\u00e2n Travel","og_description":"Thi\u00ean Xu\u00e2n Travel Service Co., Ltd.","og_url":"https:\/\/thienxuantravel.com\/en\/contact\/","og_site_name":"Thi\u00ean Xu\u00e2n Travel","article_publisher":"https:\/\/www.facebook.com\/thienxuantravel","article_modified_time":"2025-07-05T03:08:02+00:00","og_image":[{"width":1920,"height":1280,"url":"https:\/\/thienxuantravel.com\/wp-content\/uploads\/2023\/04\/socialicon-about.jpg","type":"image\/jpeg"}],"twitter_card":"summary_large_image","twitter_title":"Contact","twitter_misc":{"Est. reading time":"1 minute"},"schema":{"@context":"https:\/\/schema.org","@graph":[{"@type":"WebPage","@id":"https:\/\/thienxuantravel.com\/contact\/","url":"https:\/\/thienxuantravel.com\/contact\/","name":"Contact - Thi\u00ean Xu\u00e2n Travel","isPartOf":{"@id":"https:\/\/thienxuantravel.com\/#website"},"datePublished":"2023-03-31T02:31:01+00:00","dateModified":"2025-07-05T03:08:02+00:00","description":"Live your travel dreams! Thi\u00ean Xu\u00e2n Travel Service Co., Ltd. Park 2, 208 Nguy\u1ec5n H\u1eefu C\u1ea3nh, Ph\u01b0\u1eddng 22, Qu\u1eadn B\u00ecnh Th\u1ea1nh, TP. HCM","breadcrumb":{"@id":"https:\/\/thienxuantravel.com\/contact\/#breadcrumb"},"inLanguage":"en-US","potentialAction":[{"@type":"ReadAction","target":["https:\/\/thienxuantravel.com\/contact\/"]}]},{"@type":"BreadcrumbList","@id":"https:\/\/thienxuantravel.com\/contact\/#breadcrumb","itemListElement":[{"@type":"ListItem","position":1,"name":"Home","item":"https:\/\/thienxuantravel.com\/"},{"@type":"ListItem","position":2,"name":"Contact"}]},{"@type":"WebSite","@id":"https:\/\/thienxuantravel.com\/#website","url":"https:\/\/thienxuantravel.com\/","name":"Thi\u00ean Xu\u00e2n Travel","description":"","publisher":{"@id":"https:\/\/thienxuantravel.com\/#organization"},"potentialAction":[{"@type":"SearchAction","target":{"@type":"EntryPoint","urlTemplate":"https:\/\/thienxuantravel.com\/?s={search_term_string}"},"query-input":"required name=search_term_string"}],"inLanguage":"en-US"},{"@type":"Organization","@id":"https:\/\/thienxuantravel.com\/#organization","name":"Thi\u00ean Xu\u00e2n Travel","url":"https:\/\/thienxuantravel.com\/","logo":{"@type":"ImageObject","inLanguage":"en-US","@id":"https:\/\/thienxuantravel.com\/#\/schema\/logo\/image\/","url":"https:\/\/thienxuantravel.com\/wp-content\/uploads\/2023\/03\/thienxuan_logo.png","contentUrl":"https:\/\/thienxuantravel.com\/wp-content\/uploads\/2023\/03\/thienxuan_logo.png","width":500,"height":226,"caption":"Thi\u00ean Xu\u00e2n Travel"},"image":{"@id":"https:\/\/thienxuantravel.com\/#\/schema\/logo\/image\/"},"sameAs":["https:\/\/www.facebook.com\/thienxuantravel"]}]}},"_links":{"self":[{"href":"https:\/\/thienxuantravel.com\/en\/wp-json\/wp\/v2\/pages\/8651"}],"collection":[{"href":"https:\/\/thienxuantravel.com\/en\/wp-json\/wp\/v2\/pages"}],"about":[{"href":"https:\/\/thienxuantravel.com\/en\/wp-json\/wp\/v2\/types\/page"}],"author":[{"embeddable":true,"href":"https:\/\/thienxuantravel.com\/en\/wp-json\/wp\/v2\/users\/1"}],"replies":[{"embeddable":true,"href":"https:\/\/thienxuantravel.com\/en\/wp-json\/wp\/v2\/comments?post=8651"}],"version-history":[{"count":9,"href":"https:\/\/thienxuantravel.com\/en\/wp-json\/wp\/v2\/pages\/8651\/revisions"}],"predecessor-version":[{"id":19749,"href":"https:\/\/thienxuantravel.com\/en\/wp-json\/wp\/v2\/pages\/8651\/revisions\/19749"}],"wp:attachment":[{"href":"https:\/\/thienxuantravel.com\/en\/wp-json\/wp\/v2\/media?parent=8651"}],"curies":[{"name":"wp","href":"https:\/\/api.w.org\/{rel}","templated":true}]}}